{"id":1467,"date":"2024-11-11T15:58:43","date_gmt":"2024-11-11T20:58:43","guid":{"rendered":"https:\/\/planetyouth.vshosting.ca\/?page_id=1467"},"modified":"2025-01-07T13:58:56","modified_gmt":"2025-01-07T18:58:56","slug":"community-reports","status":"publish","type":"page","link":"https:\/\/planetyouthnipissing.ca\/fr\/community-reports\/","title":{"rendered":"Rapports des communaut\u00e9s"},"content":{"rendered":"<div id=\"pl-1467\"  class=\"panel-layout\" ><div id=\"pg-1467-0\"  class=\"panel-grid panel-no-style\" ><div id=\"pgc-1467-0-0\"  class=\"panel-grid-cell\" ><div id=\"panel-1467-0-0-0\" class=\"so-panel widget widget_text panel-first-child\" data-index=\"0\" >\t\t\t<div class=\"textwidget\"><p><span style=\"font-weight: 400;\">Les rapports de donn\u00e9es donnent un aper\u00e7u de la sant\u00e9 et de la vie des jeunes dans le district de Nipissing.<\/span><\/p>\n<p><span style=\"font-weight: 400;\">Les r\u00e9sultats du sondage sont r\u00e9partis en trois rapports :<\/span><\/p>\n<ul>\n<li style=\"font-weight: 400;\" aria-level=\"1\"><span style=\"font-weight: 400;\">Plan\u00e8te Jeunesse Nipissing (RAPPORT TOTAL)<\/span><\/li>\n<li style=\"font-weight: 400;\" aria-level=\"1\"><span style=\"font-weight: 400;\">North Bay (comprend North Bay et les r\u00e9gions avoisinantes)<\/span><\/li>\n<li style=\"font-weight: 400;\" aria-level=\"1\"><span style=\"font-weight: 400;\">Nipissing Ouest (inclut Nipissing Ouest et les r\u00e9gions avoisinantes)<\/span><\/li>\n<\/ul>\n<\/div>\n\t\t<\/div><div id=\"panel-1467-0-0-1\" class=\"widget_text so-panel widget widget_custom_html\" data-index=\"1\" ><div class=\"textwidget custom-html-widget\"><style id=\"sp_tab_dynamic_style1038\">#sp-tabpro-wrapper_1038.sp-tab__lay-default .sp-tab__tab-content {width: 100%;}#sp-tabpro-wrapper_1038 .animated {-webkit-animation-duration: 500ms;animation-duration: 500ms;}#sp-wp-tabs-wrapper_1038 .sp-tab__nav { justify-content: flex-start; }#sp-wp-tabs-wrapper_1038.sp-tab__lay-default.sp-tab__horizontal-bottom {display: flex;flex-direction: column-reverse;}#sp-wp-tabs-wrapper_1038.sp-tab__lay-default.sp-tab__horizontal-bottom > ul {border-top: 1px solid #cccccc;border-bottom: 0;margin-top: 0;}#sp-wp-tabs-wrapper_1038.sp-tab__lay-default.sp-tab__horizontal-bottom > ul > li .sp-tab__nav-link.sp-tab__active {border-color: transparent #cccccc#cccccc;margin-top: -1px;}#sp-wp-tabs-wrapper_1038.sp-tab__lay-default.sp-tab__horizontal-bottom > ul > li .sp-tab__nav-link,#sp-wp-tabs-wrapper_1038.sp-tab__lay-default.sp-tab__horizontal-bottom > ul > li a,#sp-wp-tabs-wrapper_1038.sp-tab__lay-default.sp-tab__horizontal-bottom > ul > .sp-tab__nav-item {border-top: 0;border-top-left-radius: 0;border-top-right-radius: 0;border-bottom-left-radius: 2px;border-bottom-right-radius: 2px;}#sp-wp-tabs-wrapper_1038.sp-tab__lay-default.sp-tab__horizontal-bottom > ul {border-bottom: none;}#sp-wp-tabs-wrapper_1038.sp-tab__lay-default.sp-tab__horizontal-bottom .sp-tab__tab-content .sp-tab__tab-pane {border-top: 1px solid #cccccc;border-bottom: 0;}#sp-wp-tabs-wrapper_1038.sp-tab__lay-default .sp-tab__tab-content .sp-tab-content > ul,#sp-wp-tabs-wrapper_1038.sp-tab__lay-default .sp-tab__tab-content .sp-tab-content > ol {border-bottom: none;}#sp-wp-tabs-wrapper_1038 .sp-tab__nav-tabs .sp-tab__nav-item.show .sp-tab__nav-link,#sp-wp-tabs-wrapper_1038.sp-tab__lay-default ul li .sp-tab__nav-link.sp-tab__active {border-color: #cccccc#cccccc transparent;}#sp-wp-tabs-wrapper_1038 > .sp-tab__nav-tabs .sp-tab__nav-link.sp-tab__active .sp-tab__tab_title,#sp-wp-tabs-wrapper_1038.sp-tab__lay-default .sp-tab__nav-link > .sp-tab__card-header {color: #444;}#sp-wp-tabs-wrapper_1038.sp-tab__lay-default > ul > li > .sp-tab__nav-link,#sp-wp-tabs-wrapper_1038.sp-tab__lay-default > ul > li > a {cursor: pointer;border-color: #cccccc;padding-top: 15px;padding-right: 15px;padding-bottom: 15px;padding-left: 15px;}#sp-wp-tabs-wrapper_1038 > .sp-tab__nav-tabs .sp-tab__nav-link {border: 1px solid #cccccc;height: 100%;}#sp-wp-tabs-wrapper_1038.sp-tab__lay-default > ul > li .sp-tab__nav-link,#sp-wp-tabs-wrapper_1038.sp-tab__lay-default > ul > li a,#sp-wp-tabs-wrapper_1038.sp-tab__lay-default > ul > .sp-tab__nav-item {border-top-left-radius: 2px;border-top-right-radius: 2px;}#sp-wp-tabs-wrapper_1038 .sp-tab__nav-tabs .sp-tab__nav-item {margin-bottom: -1px; }#sp-wp-tabs-wrapper_1038.sp-tab__lay-default > ul .sp-tab__nav-item {margin-right: 10px;}#sp-wp-tabs-wrapper_1038.sp-tab__lay-default.sp-tab__horizontal-bottom > ul .sp-tab__nav-item {margin-right: 10px;margin-top: 0;}#sp-wp-tabs-wrapper_1038.sp-tab__lay-default > ul .sp-tab__nav-item .sp-tab__nav-link:hover .sp-tab__tab_title,#sp-wp-tabs-wrapper_1038.sp-tab__lay-default > ul .sp-tab__nav-item a:hover .sp-tab__tab_title,#sp-wp-tabs-wrapper_1038.sp-tab__lay-default .sp-tab__nav-link.collapsed .sp-tab__card-header:hover {color: #444;transition: .3s;}#sp-wp-tabs-wrapper_1038.sp-tab__lay-default > ul .sp-tab__nav-item,#sp-wp-tabs-wrapper_1038.sp-tab__lay-default .sp-tab__nav-link.collapsed > .sp-tab__card-header {background-color: #ffb71b;transition: 0.3s;}#sp-wp-tabs-wrapper_1038 > .sp-tab__nav-tabs > .sp-tab__nav-item.show .sp-tab__nav-link,#sp-wp-tabs-wrapper_1038 > .sp-tab__nav-tabs > .sp-tab__nav-item .sp-tab__nav-link.sp-tab__active,#sp-wp-tabs-wrapper_1038.sp-tab__lay-default .sp-tab__nav-link > .sp-tab__card-header {background-color: #fff;}#sp-tabs-wrapper_1038.sp-tab__lay-default > ul .sp-tab__nav-item .sp-tab__nav-link:not(.sp-tab__active):hover,#sp-tabs-wrapper_1038.sp-tab__lay-default .sp-tab__tab-content > .sp-tab__tab-pane .sp-tab__card-header:hover {background-color: #fff;}#sp-wp-tabs-wrapper_1038.sp-tab__lay-default > ul .sp-tab__nav-item:not(.sp-tab__active):hover,#sp-wp-tabs-wrapper_1038.sp-tab__lay-default .sp-tab__nav-link.collapsed > .sp-tab__card-header:hover {background-color: #fff;}#sp-wp-tabs-wrapper_1038.sp-tab__lay-default > ul .sp-tab__nav-item:last-child {margin-right: 0;}#sp-wp-tabs-wrapper_1038.sp-tab__lay-default > .sp-tab__tab-content .sp-tab__tab-pane {border: 1px solid #cccccc;padding-top: 20px;padding-right: 20px;padding-bottom: 20px;padding-left: 20px;background-color: #ffffff;}#sp-wp-tabs-wrapper_1038.sp-tab__lay-default > ul {border-bottom: 1px solid #cccccc;}#sp-wp-tabs-wrapper_1038.sp-tab__lay-default > .sp-tab__tab-content .sp-tab__tab-pane {border-top: 0px;}@media(max-width:480px) {#sp-wp-tabs-wrapper_1038.sp-tab__lay-default > ul li.sp-tab__nav-item {width: 100%;margin-right: 0px;}#sp-wp-tabs-wrapper_1038.sp-tab__lay-default > ul li.sp-tab__nav-item:last-child {margin-bottom: -1px;}}#poststuff h2.sp-tab__section_title_1038, h2.sp-tab__section_title_1038 ,.editor-styles-wrapper .wp-block h2.sp-tab__section_title_1038{margin-bottom: 30px !important;font-weight: 600;font-style: normal;font-size: 28px;line-height: 28px;letter-spacing: 0px;padding: 0;color: #444444;}#sp-wp-tabs-wrapper_1038.sp-tab__lay-default > ul .sp-tab__nav-item .sp-tab__tab_title,#sp-wp-tabs-wrapper_1038.sp-tab__lay-default span > .sp-tab__card-header {font-weight: 600;font-style: normal;font-size: 16px;line-height: 22px;letter-spacing: 0px;color: #444;margin: 0px;}#sp-wp-tabs-wrapper_1038.sp-tab__lay-default > .sp-tab__tab-content .sp-tab__tab-pane,#sp-wp-tabs-wrapper_1038.sp-tab__lay-default > .sp-tab__tab-content .sp-tab__tab-pane p {font-weight: 400;font-style: normal;font-size: 16px;line-height: 24px;letter-spacing: 0px;color: #444;}#sp-wp-tabs-wrapper_1038.sp-tab__lay-default > .sp-tab__tab-content .sp-tab__tab-pane ul li a, #sp-wp-tabs-wrapper_1038.sp-tab__lay-default .sp-tab__tab-content .sp-tab__tab-pane ol li a {color: #444;}<\/style>\t<h2 class=\"sp-tab__section_title_1038\"> <\/h2>\n\t\t\t<div id=\"sp-wp-tabs-wrapper_1038\" class=\"sp-tab__lay-default\" data-preloader=\"0\" data-activemode=\"tabs-activator-event-click\" data-anchor_linking=\"1\">\n\t\t<ul class=\"sp-tab__nav sp-tab__nav-tabs\" id=\"sp-tab__ul\" role=\"tablist\">\n\t\t\t\t<li class=\"sp-tab__nav-item\" role=\"presentation\">\n\t\t\t\t<span class=\"sp-tab__nav-link sp-tab__active\" data-sptoggle=\"tab\" for=\"#tab-10381\" role=\"tab\" aria-controls=\"tab-10381\" aria-selected=\"true\" tabindex=\"0\">\n\t\t\t\t\t<span class=\"tab_title_area\"><h4 class=\"sp-tab__tab_title\">Plan\u00e8te Jeunesse Nipissing (RAPPORT TOTAL)<\/h4><\/span>\n\t\t\t\t<\/span>\n\t\t\t<\/li>\n\t\t\t\t\t\t<li class=\"sp-tab__nav-item\" role=\"presentation\">\n\t\t\t\t<span class=\"sp-tab__nav-link\" data-sptoggle=\"tab\" for=\"#tab-10382\" role=\"tab\" aria-controls=\"tab-10382\" aria-selected=\"true\" tabindex=\"0\">\n\t\t\t\t\t<span class=\"tab_title_area\"><h4 class=\"sp-tab__tab_title\">North Bay (comprend North Bay et les r\u00e9gions avoisinantes)<\/h4><\/span>\n\t\t\t\t<\/span>\n\t\t\t<\/li>\n\t\t\t\t\t\t<li class=\"sp-tab__nav-item\" role=\"presentation\">\n\t\t\t\t<span class=\"sp-tab__nav-link\" data-sptoggle=\"tab\" for=\"#tab-10383\" role=\"tab\" aria-controls=\"tab-10383\" aria-selected=\"true\" tabindex=\"0\">\n\t\t\t\t\t<span class=\"tab_title_area\"><h4 class=\"sp-tab__tab_title\">Nipissing Ouest (inclut Nipissing Ouest et les r\u00e9gions avoisinantes)<\/h4><\/span>\n\t\t\t\t<\/span>\n\t\t\t<\/li>\n\t\t\t<\/ul>\n<div class=\"sp-tab__tab-content\">\n\t\t\t\t<div id=\"tab-10381\" class=\"sp-tab__tab-pane sp-tab__show sp-tab__active\" role=\"tabpanel\">\n\t\t\t\t\t<div class=\"sp-tab-content animated fadeIn\"><p>&nbsp;<\/p>\n<a href=\"https:\/\/planetyouthnipissing.ca\/wp-content\/uploads\/2024\/10\/Nipissing_total_report_EN.pdf\" id=\"kadbtn5189\" target=\"_blank\" class=\"btn button btn-shortcode\" style=\"background-color:#4abbb5; border: 0 solid; border-color:#000;  color:#222121;\" onmouseover=\"this.style.color=&#039;#ffffff&#039;\" onmouseout=\"this.style.color=&#039;#222121&#039;\">T\u00c9L\u00c9CHARGER LE RAPPORT EN ANGLAIS <\/a>\n<a href=\"https:\/\/planetyouthnipissing.ca\/wp-content\/uploads\/2024\/10\/Nipissing_rapport_total_FR.pdf\" id=\"kadbtn4712\" target=\"_blank\" class=\"btn button btn-shortcode\" style=\"background-color:#4abbb5; border: 0 solid; border-color:#000;  color:#222121;\" onmouseover=\"this.style.color=&#039;#ffffff&#039;\" onmouseout=\"this.style.color=&#039;#222121&#039;\">T\u00c9L\u00c9CHARGER LE RAPPORT EN FRAN\u00c7AIS <\/a>\n<p>&nbsp;<\/p>\n<p style=\"text-align: left\">\n<style>\n    body {       margin: 0;      height: 100vh;   }   .container {       width: 100%; \/* Set the container to span the full viewport width *\/<\/p>\n<p>    }  iframe {        width: 100%; \/* Ensures the iframe fills the width of the container *\/       height: 90vh; \/* Set to 90% of viewport height *\/       border: none;   }<\/style>\n<\/p>\n<p><iframe title=\"PDF Viewer\" src=\"https:\/\/planetyouthnipissing.ca\/wp-content\/uploads\/2024\/10\/Nipissing_total_report_EN.pdf\"><\/iframe><\/p>\n<p>&nbsp;<\/p>\n<p>&nbsp;<\/p>\n<\/div>\n\t\t\t\t<\/div>\n\t\t\t\t\t\t\t\t<div id=\"tab-10382\" class=\"sp-tab__tab-pane\" role=\"tabpanel\">\n\t\t\t\t\t<div class=\"sp-tab-content animated fadeIn\"><p>&nbsp;<\/p>\n<a href=\"https:\/\/planetyouthnipissing.ca\/wp-content\/uploads\/2024\/10\/North_Bay_report_EN.pdf\" id=\"kadbtn6780\" target=\"_blank\" class=\"btn button btn-shortcode\" style=\"background-color:#4abbb5; border: 0 solid; border-color:#000;  color:#222121;\" onmouseover=\"this.style.color=&#039;#ffffff&#039;\" onmouseout=\"this.style.color=&#039;#222121&#039;\">T\u00c9L\u00c9CHARGER LE RAPPORT EN ANGLAIS <\/a>\n<a href=\"https:\/\/planetyouthnipissing.ca\/wp-content\/uploads\/2024\/10\/North_Bay_rapport_FR.pdf\" id=\"kadbtn2209\" target=\"_blank\" class=\"btn button btn-shortcode\" style=\"background-color:#4abbb5; border: 0 solid; border-color:#000;  color:#222121;\" onmouseover=\"this.style.color=&#039;#ffffff&#039;\" onmouseout=\"this.style.color=&#039;#222121&#039;\">T\u00c9L\u00c9CHARGER LE RAPPORT EN FRAN\u00c7AIS <\/a>\n<p>&nbsp;<\/p>\n<style>\n    body {       margin: 0;      height: 100vh;   }   .container {       width: 100%; \/* Set the container to span the full viewport width *\/<\/p>\n<p>    }  iframe {        width: 100%; \/* Ensures the iframe fills the width of the container *\/       height: 90vh; \/* Set to 90% of viewport height *\/       border: none;   }<\/style>\n<p><iframe title=\"PDF Viewer\" src=\"https:\/\/planetyouthnipissing.ca\/wp-content\/uploads\/2024\/10\/North_Bay_report_EN.pdf\"><\/iframe><\/p>\n<p>&nbsp;<\/p>\n<\/div>\n\t\t\t\t<\/div>\n\t\t\t\t\t\t\t\t<div id=\"tab-10383\" class=\"sp-tab__tab-pane\" role=\"tabpanel\">\n\t\t\t\t\t<div class=\"sp-tab-content animated fadeIn\"><p>&nbsp;<\/p>\n<a href=\"https:\/\/planetyouthnipissing.ca\/wp-content\/uploads\/2024\/10\/West_Nipissing_report_EN.pdf\" id=\"kadbtn3829\" target=\"_blank\" class=\"btn button btn-shortcode\" style=\"background-color:#4abbb5; border: 0 solid; border-color:#000;  color:#222121;\" onmouseover=\"this.style.color=&#039;#ffffff&#039;\" onmouseout=\"this.style.color=&#039;#222121&#039;\">T\u00c9L\u00c9CHARGER LE RAPPORT EN ANGLAIS <\/a>\n<a href=\"https:\/\/planetyouthnipissing.ca\/wp-content\/uploads\/2024\/10\/Nipissing_Ouest_rapport_FR.pdf\" id=\"kadbtn2723\" target=\"_blank\" class=\"btn button btn-shortcode\" style=\"background-color:#4abbb5; border: 0 solid; border-color:#000;  color:#222121;\" onmouseover=\"this.style.color=&#039;#ffffff&#039;\" onmouseout=\"this.style.color=&#039;#222121&#039;\">T\u00c9L\u00c9CHARGER LE RAPPORT EN FRAN\u00c7AIS <\/a>\n<p>&nbsp;<\/p>\n<style>\n    body {       margin: 0;      height: 100vh;   }   .container {       width: 100%; \/* Set the container to span the full viewport width *\/<\/p>\n<p>    }  iframe {        width: 100%; \/* Ensures the iframe fills the width of the container *\/       height: 90vh; \/* Set to 90% of viewport height *\/       border: none;   }<\/style>\n<p><iframe title=\"PDF Viewer\" src=\"https:\/\/planetyouthnipissing.ca\/wp-content\/uploads\/2024\/10\/West_Nipissing_report_EN.pdf\"><\/iframe><\/p>\n<p>&nbsp;<\/p>\n<\/div>\n\t\t\t\t<\/div>\n\t\t\t\t<\/div>\n\t\t<\/div>\n\t\t<\/div><\/div><div id=\"panel-1467-0-0-2\" class=\"so-panel widget widget_text panel-last-child\" data-index=\"2\" >\t\t\t<div class=\"textwidget\"><p>Pour demander une version accessible du rapport, veuillez <a title=\"Pour nous joindre\" href=\"https:\/\/planetyouthnipissing.ca\/fr\/contact\/\">nous contacter<\/a>.<\/p>\n<\/div>\n\t\t<\/div><\/div><\/div><div id=\"sep-pg-1467-1\" class=\"panel-grid panel-has-style\" ><div style=\"\" class=\"panel-row-style kt-row-style-no-padding siteorigin-panels-stretch\" data-stretch-type=\"full-width-stretch\" ><div class=\"inner-sep-content-wrap\"><div id=\"pg-1467-1\"  class=\"panel-grid panel-has-style\" ><div class=\"panel-no-flex panel-row-style panel-row-style-for-1467-1\" ><div id=\"pgc-1467-1-0\"  class=\"panel-grid-cell panel-grid-cell-empty\" ><\/div><\/div><\/div><div class=\"panel-row-style kt-row-style-no-padding kt_sep_panel sep_left_triangle siteorigin-panels-stretch\" data-stretch-type=\"full-stretched\"><svg style=\"fill:#4abbb5;\" viewbox=\"0 0 2000 100\" preserveaspectratio=\"none\"><polygon xmlns=\"http:\/\/www.w3.org\/2000\/svg\" points=\"600,90 0,0 0,100 2000,100 2000,0 \"><\/polygon><\/svg><\/div><\/div><\/div><\/div><\/div>","protected":false},"excerpt":{"rendered":"<p>The data reports provide insight into the health and lives of young people in Nipissing District. The survey results are broken down into three reports: Planet Youth Nipissing (total report) North Bay (includes North Bay &amp; surrounding areas) West Nipissing &hellip; <a class=\"kt-excerpt-readmore more-link\" href=\"https:\/\/planetyouthnipissing.ca\/fr\/community-reports\/\" aria-label=\"Rapports des communaut\u00e9s\">En savoir plus<\/a><\/p>","protected":false},"author":3,"featured_media":0,"parent":0,"menu_order":0,"comment_status":"closed","ping_status":"closed","template":"","meta":{"kt_blocks_editor_width":"","footnotes":""},"class_list":["post-1467","page","type-page","status-publish","hentry"],"aioseo_notices":[],"rttpg_featured_image_url":null,"rttpg_author":{"display_name":"jayme burke","author_link":"https:\/\/planetyouthnipissing.ca\/fr\/author\/jayme-burke\/"},"rttpg_comment":0,"rttpg_category":null,"rttpg_excerpt":"The data reports provide insight into the health and lives of young people in Nipissing District. The survey results are broken down into three reports: Planet Youth Nipissing (total report) North Bay (includes North Bay &amp; surrounding areas) West Nipissing &hellip; Read More","_links":{"self":[{"href":"https:\/\/planetyouthnipissing.ca\/fr\/wp-json\/wp\/v2\/pages\/1467","targetHints":{"allow":["GET"]}}],"collection":[{"href":"https:\/\/planetyouthnipissing.ca\/fr\/wp-json\/wp\/v2\/pages"}],"about":[{"href":"https:\/\/planetyouthnipissing.ca\/fr\/wp-json\/wp\/v2\/types\/page"}],"author":[{"embeddable":true,"href":"https:\/\/planetyouthnipissing.ca\/fr\/wp-json\/wp\/v2\/users\/3"}],"replies":[{"embeddable":true,"href":"https:\/\/planetyouthnipissing.ca\/fr\/wp-json\/wp\/v2\/comments?post=1467"}],"version-history":[{"count":25,"href":"https:\/\/planetyouthnipissing.ca\/fr\/wp-json\/wp\/v2\/pages\/1467\/revisions"}],"predecessor-version":[{"id":1539,"href":"https:\/\/planetyouthnipissing.ca\/fr\/wp-json\/wp\/v2\/pages\/1467\/revisions\/1539"}],"wp:attachment":[{"href":"https:\/\/planetyouthnipissing.ca\/fr\/wp-json\/wp\/v2\/media?parent=1467"}],"curies":[{"name":"wp","href":"https:\/\/api.w.org\/{rel}","templated":true}]}}