{"id":1670,"date":"2025-10-20T15:21:46","date_gmt":"2025-10-20T19:21:46","guid":{"rendered":"https:\/\/planetyouthnipissing.ca\/?page_id=1670"},"modified":"2026-04-22T08:06:00","modified_gmt":"2026-04-22T12:06:00","slug":"youth-impact-fund","status":"publish","type":"page","link":"https:\/\/planetyouthnipissing.ca\/fr\/youth-impact-fund\/","title":{"rendered":"FONDS D'IMPACT JEUNESSE"},"content":{"rendered":"<div class=\"wp-block-columns is-layout-flex wp-container-core-columns-is-layout-9d6595d7 wp-block-columns-is-layout-flex\">\n<div class=\"wp-block-column is-layout-flow wp-block-column-is-layout-flow\">\n<h2 class=\"wp-block-heading\"><strong>FONDS D'IMPACT JEUNESSE<\/strong><\/h2>\n\n\n\n<p>Le Fonds d'impact jeunesse aide les organisations \u00e0 am\u00e9liorer notre communaut\u00e9 pour les jeunes.<\/p>\n\n\n\n<p>Le Fonds soutient les initiatives qui :<\/p>\n\n\n\n<ul class=\"wp-block-list has--font-size\">\n<li>Augmentent les possibilit\u00e9s pour les jeunes de participer \u00e0 la communaut\u00e9 gr\u00e2ce \u00e0 des programmes, des activit\u00e9s et du soutien ; et\/ou,<\/li>\n\n\n\n<li>Renforcent les liens significatifs entre les jeunes et les personnes qui s'occupent d'eux. <\/li>\n<\/ul>\n\n\n\n<p class=\"has--font-size\">Pour en savoir plus, consultez notre diaporama de pr\u00e9sentation : <mark style=\"background-color:rgba(0, 0, 0, 0);color:#4094ee\" class=\"has-inline-color\"><strong><a href=\"https:\/\/planetyouthnipissing.ca\/wp-content\/uploads\/2025\/11\/PYN-Youth-Impact-Fund-Webinar-2025-for-website-2.pdf\" target=\"_blank\" rel=\"noopener\" title=\"\">Anglais<\/a> <a href=\"https:\/\/planetyouthnipissing.ca\/wp-content\/uploads\/2025\/11\/PYN-Youth-Impact-Fund-Webinar-2025-for-websiteFR-2.pdf\" target=\"_blank\" rel=\"noopener\" title=\"PYN \u2013 Youth Impact Fund Webinar 2025-for websiteFR\">Fran\u00e7ais<\/a>.<\/strong><\/mark><\/p>\n\n\n\n<div class=\"wp-block-group\"><div class=\"wp-block-group__inner-container is-layout-constrained wp-block-group-is-layout-constrained\">\n<p><strong>La p\u00e9riode de candidature pour le Fonds d'impact jeunesse 2025-2026 est d\u00e9sormais termin\u00e9e. Merci \u00e0 tous les candidats !<\/strong><\/p>\n<\/div><\/div>\n\n\n\n<p class=\"has--font-size\">Vous avez des questions ou besoin d'aide ? N'h\u00e9sitez pas \u00e0 nous contacter.<\/p>\n\n\n\n<p><strong>Contact: <\/strong><a href=\"mailto:planetyouth@healthunit.ca\"><strong>planetyouth@healthunit.ca<\/strong><\/a>.<\/p>\n<\/div>\n<\/div>\n\n\n<style>.kb-image1670_846739-50 .kb-image-has-overlay:after{opacity:0.3;}<\/style>\n<figure class=\"wp-block-kadence-image kb-image1670_846739-50 alignwide size-large\"><img fetchpriority=\"high\" decoding=\"async\" width=\"1024\" height=\"229\" src=\"https:\/\/planetyouthnipissing.ca\/wp-content\/uploads\/2025\/12\/YIF-Banner-images-1024x229.png\" alt=\"\" class=\"kb-img wp-image-2022\" srcset=\"https:\/\/planetyouthnipissing.ca\/wp-content\/uploads\/2025\/12\/YIF-Banner-images-1024x229.png 1024w, https:\/\/planetyouthnipissing.ca\/wp-content\/uploads\/2025\/12\/YIF-Banner-images-300x67.png 300w, https:\/\/planetyouthnipissing.ca\/wp-content\/uploads\/2025\/12\/YIF-Banner-images-768x172.png 768w, https:\/\/planetyouthnipissing.ca\/wp-content\/uploads\/2025\/12\/YIF-Banner-images-1536x344.png 1536w, https:\/\/planetyouthnipissing.ca\/wp-content\/uploads\/2025\/12\/YIF-Banner-images-18x4.png 18w, https:\/\/planetyouthnipissing.ca\/wp-content\/uploads\/2025\/12\/YIF-Banner-images.png 1920w\" sizes=\"(max-width: 1024px) 100vw, 1024px\" \/><\/figure>\n\n\n\n<hr class=\"wp-block-separator alignwide has-alpha-channel-opacity\"\/>\n\n\n\n<p><\/p>","protected":false},"excerpt":{"rendered":"<p>What is the Youth Impact Fund? The Youth Impact Fund is helping organizations make our community better for young people. The Fund supports initiatives that: View our information session slideshow to learn more: English Fran\u00e7ais. The 2025-2026 Youth Impact Fund &hellip; <a class=\"kt-excerpt-readmore more-link\" href=\"https:\/\/planetyouthnipissing.ca\/fr\/youth-impact-fund\/\" aria-label=\"FONDS D&#039;IMPACT JEUNESSE\">En savoir plus<\/a><\/p>","protected":false},"author":3,"featured_media":1780,"parent":0,"menu_order":0,"comment_status":"closed","ping_status":"closed","template":"","meta":{"kt_blocks_editor_width":"","footnotes":""},"class_list":["post-1670","page","type-page","status-publish","has-post-thumbnail","hentry"],"aioseo_notices":[],"rttpg_featured_image_url":{"full":["https:\/\/planetyouthnipissing.ca\/wp-content\/uploads\/2025\/10\/silhouette-of-a-group-of-friends-jumping-on-a-beach-at-sunset-expressing-joy-and-freedom.-1000445-scaled.jpg",2560,1707,false],"landscape":["https:\/\/planetyouthnipissing.ca\/wp-content\/uploads\/2025\/10\/silhouette-of-a-group-of-friends-jumping-on-a-beach-at-sunset-expressing-joy-and-freedom.-1000445-scaled.jpg",2560,1707,false],"portraits":["https:\/\/planetyouthnipissing.ca\/wp-content\/uploads\/2025\/10\/silhouette-of-a-group-of-friends-jumping-on-a-beach-at-sunset-expressing-joy-and-freedom.-1000445-scaled.jpg",2560,1707,false],"thumbnail":["https:\/\/planetyouthnipissing.ca\/wp-content\/uploads\/2025\/10\/silhouette-of-a-group-of-friends-jumping-on-a-beach-at-sunset-expressing-joy-and-freedom.-1000445-150x150.jpg",150,150,true],"medium":["https:\/\/planetyouthnipissing.ca\/wp-content\/uploads\/2025\/10\/silhouette-of-a-group-of-friends-jumping-on-a-beach-at-sunset-expressing-joy-and-freedom.-1000445-300x200.jpg",300,200,true],"large":["https:\/\/planetyouthnipissing.ca\/wp-content\/uploads\/2025\/10\/silhouette-of-a-group-of-friends-jumping-on-a-beach-at-sunset-expressing-joy-and-freedom.-1000445-1024x683.jpg",1024,683,true],"1536x1536":["https:\/\/planetyouthnipissing.ca\/wp-content\/uploads\/2025\/10\/silhouette-of-a-group-of-friends-jumping-on-a-beach-at-sunset-expressing-joy-and-freedom.-1000445-1536x1024.jpg",1536,1024,true],"2048x2048":["https:\/\/planetyouthnipissing.ca\/wp-content\/uploads\/2025\/10\/silhouette-of-a-group-of-friends-jumping-on-a-beach-at-sunset-expressing-joy-and-freedom.-1000445-2048x1365.jpg",2048,1365,true],"trp-custom-language-flag":["https:\/\/planetyouthnipissing.ca\/wp-content\/uploads\/2025\/10\/silhouette-of-a-group-of-friends-jumping-on-a-beach-at-sunset-expressing-joy-and-freedom.-1000445-18x12.jpg",18,12,true],"sow-carousel-default":["https:\/\/planetyouthnipissing.ca\/wp-content\/uploads\/2025\/10\/silhouette-of-a-group-of-friends-jumping-on-a-beach-at-sunset-expressing-joy-and-freedom.-1000445-272x182.jpg",272,182,true],"sow-blog-portfolio":["https:\/\/planetyouthnipissing.ca\/wp-content\/uploads\/2025\/10\/silhouette-of-a-group-of-friends-jumping-on-a-beach-at-sunset-expressing-joy-and-freedom.-1000445-375x375.jpg",375,375,true],"sow-blog-grid":["https:\/\/planetyouthnipissing.ca\/wp-content\/uploads\/2025\/10\/silhouette-of-a-group-of-friends-jumping-on-a-beach-at-sunset-expressing-joy-and-freedom.-1000445-720x480.jpg",720,480,true],"sow-blog-alternate":["https:\/\/planetyouthnipissing.ca\/wp-content\/uploads\/2025\/10\/silhouette-of-a-group-of-friends-jumping-on-a-beach-at-sunset-expressing-joy-and-freedom.-1000445-950x630.jpg",950,630,true]},"rttpg_author":{"display_name":"jayme burke","author_link":"https:\/\/planetyouthnipissing.ca\/fr\/author\/jayme-burke\/"},"rttpg_comment":0,"rttpg_category":null,"rttpg_excerpt":"What is the Youth Impact Fund? The Youth Impact Fund is helping organizations make our community better for young people. The Fund supports initiatives that: View our information session slideshow to learn more: English Fran\u00e7ais. The 2025-2026 Youth Impact Fund &hellip; Read More","_links":{"self":[{"href":"https:\/\/planetyouthnipissing.ca\/fr\/wp-json\/wp\/v2\/pages\/1670","targetHints":{"allow":["GET"]}}],"collection":[{"href":"https:\/\/planetyouthnipissing.ca\/fr\/wp-json\/wp\/v2\/pages"}],"about":[{"href":"https:\/\/planetyouthnipissing.ca\/fr\/wp-json\/wp\/v2\/types\/page"}],"author":[{"embeddable":true,"href":"https:\/\/planetyouthnipissing.ca\/fr\/wp-json\/wp\/v2\/users\/3"}],"replies":[{"embeddable":true,"href":"https:\/\/planetyouthnipissing.ca\/fr\/wp-json\/wp\/v2\/comments?post=1670"}],"version-history":[{"count":226,"href":"https:\/\/planetyouthnipissing.ca\/fr\/wp-json\/wp\/v2\/pages\/1670\/revisions"}],"predecessor-version":[{"id":2491,"href":"https:\/\/planetyouthnipissing.ca\/fr\/wp-json\/wp\/v2\/pages\/1670\/revisions\/2491"}],"wp:featuredmedia":[{"embeddable":true,"href":"https:\/\/planetyouthnipissing.ca\/fr\/wp-json\/wp\/v2\/media\/1780"}],"wp:attachment":[{"href":"https:\/\/planetyouthnipissing.ca\/fr\/wp-json\/wp\/v2\/media?parent=1670"}],"curies":[{"name":"wp","href":"https:\/\/api.w.org\/{rel}","templated":true}]}}