{"id":20,"date":"2024-02-29T16:22:27","date_gmt":"2024-02-29T16:22:27","guid":{"rendered":"https:\/\/timiskamingyouth.ca\/?page_id=20"},"modified":"2024-11-11T12:37:27","modified_gmt":"2024-11-11T17:37:27","slug":"key-findings","status":"publish","type":"page","link":"https:\/\/planetyouthnipissing.ca\/fr\/key-findings\/","title":{"rendered":"Principaux r\u00e9sultats"},"content":{"rendered":"<div id=\"pl-20\"  class=\"panel-layout\" ><div id=\"pg-20-0\"  class=\"panel-grid panel-has-style\" ><div class=\"panel-row-style panel-row-style-for-20-0\" ><div id=\"pgc-20-0-0\"  class=\"panel-grid-cell\" ><div id=\"panel-20-0-0-0\" class=\"so-panel widget widget_text panel-first-child panel-last-child\" data-index=\"0\" ><div class=\"kt-pb-animation kt-pb-fadeInLeft kt-pb-duration-1200 kt-pb-delay-0 panel-widget-style panel-widget-style-for-20-0-0-0\" ><h3 class=\"widget-title\">M\u00e9thode et collecte de donn\u00e9es<\/h3>\t\t\t<div class=\"textwidget\"><p><span style=\"font-weight: 400;\">Neuf \u00e9coles secondaires du district de Nipissing ont particip\u00e9 au sondage Plan\u00e8te Jeunesse en avril et mai 2024. Les participants \u00e9taient principalement des \u00e9l\u00e8ves de 10e ann\u00e9e pr\u00e9sents \u00e0 l'\u00e9cole le jour du sondage, mais certaines \u00e9coles ont inclus des \u00e9l\u00e8ves de 9e et 11e ann\u00e9e afin de respecter le nombre minimum pour l'anonymat. Le taux de r\u00e9ponse total a \u00e9t\u00e9 de 72 %.\u00a0<\/span><\/p>\n<p><span style=\"font-weight: 400;\">Les sondages ont \u00e9t\u00e9 men\u00e9s pendant les heures de cours \u00e0 l'aide d'un questionnaire anonyme en ligne. La participation \u00e9tait volontaire et les \u00e9l\u00e8ves \u00e9taient libres de r\u00e9pondre au sondage en totalit\u00e9 ou en partie, de sauter une question et de changer d'avis \u00e0 tout moment. Le sondage sera r\u00e9p\u00e9t\u00e9 en 2026 et 2028.<\/span><\/p>\n<\/div>\n\t\t<\/div><\/div><\/div><div id=\"pgc-20-0-1\"  class=\"panel-grid-cell\" ><div id=\"panel-20-0-1-0\" class=\"so-panel widget widget_text panel-first-child panel-last-child\" data-index=\"1\" ><div class=\"iframeAttributes Style panel-widget-style panel-widget-style-for-20-0-1-0\" >\t\t\t<div class=\"textwidget\"><p><iframe title=\"YouTube video player\" src=\"https:\/\/www.youtube.com\/embed\/TiimCQ8CyaU?si=Q5i8wfHfsBmEeJeG\" frameborder=\"0\" allowfullscreen=\"\"><\/iframe><\/p>\n<\/div>\n\t\t<\/div><\/div><\/div><\/div><\/div><div id=\"pg-20-1\"  class=\"panel-grid panel-has-style\" ><div class=\"siteorigin-panels-stretch kt-panel-row-stretch panel-row-style panel-row-style-for-20-1\" style=\"opacity: 0;\" data-stretch-type=\"full\" ><div id=\"pgc-20-1-0\"  class=\"panel-grid-cell\" >\n\n        <div id=\"panel-20-1-0-0\" class=\"so-panel widget widget_kadence_calltoaction_widget kadence_calltoaction_widget panel-first-child panel-last-child\" data-index=\"2\" ><div class=\"kt-pb-animation kt-pb-fadeInDown kt-pb-duration-1200 kt-pb-delay-0 panel-widget-style panel-widget-style-for-20-1-0-0\" ><div class=\"kt-ctaw clearfix\"><h5 class=\"kt-call-to-action-subtitle\" style=\"color:#222121; font-size:30px; line-height:1; text-align:center; \"  data-max-size=\"30\" data-min-size=\"30\"><strong>VOIR LES R\u00c9SULTATS<\/strong> par communaut\u00e9.<\/h5><div style=\"text-align:center\"><a href=\"\/fr\/community-reports\/\" id=\"kadbtn6174\" target=\"_blank\" class=\"btn button btn-shortcode lg-kad-btn\" style=\"background-color:#234d4b; border: 0 solid; border-color:#000;  color:#fffffff;\" onmouseover=\"\" onmouseout=\"\">LIRE LES RAPPORTS COMPLETS <\/a><\/div><\/div><\/div><\/div>\n    <\/div><\/div><\/div><div id=\"pg-20-2\"  class=\"panel-grid panel-has-style\" ><div class=\"siteorigin-panels-stretch panel-row-style panel-row-style-for-20-2\" data-stretch-type=\"full-width-stretch\" ><div id=\"pgc-20-2-0\"  class=\"panel-grid-cell\" >\n\n        <div id=\"panel-20-2-0-0\" class=\"so-panel widget widget_kadence_calltoaction_widget kadence_calltoaction_widget panel-first-child panel-last-child\" data-index=\"3\" ><div class=\"kt-ctaw clearfix\"><\/div><\/div>\n    <\/div><\/div><\/div><div id=\"pg-20-3\"  class=\"panel-grid panel-no-style\" ><div id=\"pgc-20-3-0\"  class=\"panel-grid-cell\" ><div id=\"panel-20-3-0-0\" class=\"so-panel widget widget_text panel-first-child panel-last-child\" data-index=\"4\" ><h3 class=\"widget-title\">Principales conclusions pour le district de Nipissing<\/h3>\t\t\t<div class=\"textwidget\"><p><img fetchpriority=\"high\" decoding=\"async\" class=\"size-full wp-image-1144 aligncenter\" src=\"https:\/\/planetyouthnipissing.ca\/wp-content\/uploads\/2024\/11\/Screenshot-2024-11-04-at-8.22.35\u202fPM.png\" alt=\"\" width=\"1910\" height=\"1066\" srcset=\"https:\/\/planetyouthnipissing.ca\/wp-content\/uploads\/2024\/11\/Screenshot-2024-11-04-at-8.22.35\u202fPM.png 2446w, https:\/\/planetyouthnipissing.ca\/wp-content\/uploads\/2024\/11\/Screenshot-2024-11-04-at-8.22.35\u202fPM-300x169.png 300w, https:\/\/planetyouthnipissing.ca\/wp-content\/uploads\/2024\/11\/Screenshot-2024-11-04-at-8.22.35\u202fPM-1024x576.png 1024w, https:\/\/planetyouthnipissing.ca\/wp-content\/uploads\/2024\/11\/Screenshot-2024-11-04-at-8.22.35\u202fPM-768x432.png 768w, https:\/\/planetyouthnipissing.ca\/wp-content\/uploads\/2024\/11\/Screenshot-2024-11-04-at-8.22.35\u202fPM-1536x864.png 1536w, https:\/\/planetyouthnipissing.ca\/wp-content\/uploads\/2024\/11\/Screenshot-2024-11-04-at-8.22.35\u202fPM-2048x1152.png 2048w, https:\/\/planetyouthnipissing.ca\/wp-content\/uploads\/2024\/11\/Screenshot-2024-11-04-at-8.22.35\u202fPM-18x10.png 18w\" sizes=\"(max-width: 1910px) 100vw, 1910px\" \/><\/p>\n<\/div>\n\t\t<\/div><\/div><\/div><div id=\"sep-pg-20-4\" class=\"panel-grid panel-has-style\" ><div style=\"\" class=\"panel-row-style kt-row-style-no-padding siteorigin-panels-stretch\" data-stretch-type=\"full-width-stretch\" ><div class=\"inner-sep-content-wrap\"><div id=\"pg-20-4\"  class=\"panel-grid panel-has-style\" ><div class=\"panel-row-style panel-row-style-for-20-4\" ><div id=\"pgc-20-4-0\"  class=\"panel-grid-cell panel-grid-cell-empty\" ><\/div><\/div><\/div><div class=\"panel-row-style kt-row-style-no-padding kt_sep_panel sep_left_triangle siteorigin-panels-stretch\" data-stretch-type=\"full-stretched\"><svg style=\"fill:#4abbb5;\" viewbox=\"0 0 2000 100\" preserveaspectratio=\"none\"><polygon xmlns=\"http:\/\/www.w3.org\/2000\/svg\" points=\"600,90 0,0 0,100 2000,100 2000,0 \"><\/polygon><\/svg><\/div><\/div><\/div><\/div><\/div>","protected":false},"excerpt":{"rendered":"<p>Nine high schools in the Nipissing District took part in the Planet Youth Survey in April and May 2024. Participants were primarily grade 10 students that attended school on the day of the survey, with some schools including grades 9 &hellip; <a class=\"kt-excerpt-readmore more-link\" href=\"https:\/\/planetyouthnipissing.ca\/fr\/key-findings\/\" aria-label=\"Principaux r\u00e9sultats\">En savoir plus<\/a><\/p>","protected":false},"author":3,"featured_media":0,"parent":0,"menu_order":0,"comment_status":"closed","ping_status":"closed","template":"","meta":{"kt_blocks_editor_width":"","footnotes":""},"class_list":["post-20","page","type-page","status-publish","hentry"],"aioseo_notices":[],"rttpg_featured_image_url":null,"rttpg_author":{"display_name":"jayme burke","author_link":"https:\/\/planetyouthnipissing.ca\/fr\/author\/jayme-burke\/"},"rttpg_comment":0,"rttpg_category":null,"rttpg_excerpt":"Nine high schools in the Nipissing District took part in the Planet Youth Survey in April and May 2024. Participants were primarily grade 10 students that attended school on the day of the survey, with some schools including grades 9 &hellip; Read More","_links":{"self":[{"href":"https:\/\/planetyouthnipissing.ca\/fr\/wp-json\/wp\/v2\/pages\/20","targetHints":{"allow":["GET"]}}],"collection":[{"href":"https:\/\/planetyouthnipissing.ca\/fr\/wp-json\/wp\/v2\/pages"}],"about":[{"href":"https:\/\/planetyouthnipissing.ca\/fr\/wp-json\/wp\/v2\/types\/page"}],"author":[{"embeddable":true,"href":"https:\/\/planetyouthnipissing.ca\/fr\/wp-json\/wp\/v2\/users\/3"}],"replies":[{"embeddable":true,"href":"https:\/\/planetyouthnipissing.ca\/fr\/wp-json\/wp\/v2\/comments?post=20"}],"version-history":[{"count":48,"href":"https:\/\/planetyouthnipissing.ca\/fr\/wp-json\/wp\/v2\/pages\/20\/revisions"}],"predecessor-version":[{"id":1461,"href":"https:\/\/planetyouthnipissing.ca\/fr\/wp-json\/wp\/v2\/pages\/20\/revisions\/1461"}],"wp:attachment":[{"href":"https:\/\/planetyouthnipissing.ca\/fr\/wp-json\/wp\/v2\/media?parent=20"}],"curies":[{"name":"wp","href":"https:\/\/api.w.org\/{rel}","templated":true}]}}