{"id":2190,"date":"2026-02-13T16:37:52","date_gmt":"2026-02-13T21:37:52","guid":{"rendered":"https:\/\/planetyouthnipissing.ca\/?page_id=2190"},"modified":"2026-04-14T10:02:19","modified_gmt":"2026-04-14T14:02:19","slug":"judge","status":"publish","type":"page","link":"https:\/\/planetyouthnipissing.ca\/fr\/get-involved\/sticker-design-contest\/judge\/","title":{"rendered":"Become a Youth Judge &#8211; CLOSED"},"content":{"rendered":"<div id=\"pl-2190\"  class=\"panel-layout\" ><div id=\"pg-2190-0\"  class=\"panel-grid panel-no-style\" ><div id=\"pgc-2190-0-0\"  class=\"panel-grid-cell\" ><div id=\"panel-2190-0-0-0\" class=\"so-panel widget widget_text panel-first-child\" data-index=\"0\" ><div class=\"panel-widget-style panel-widget-style-for-2190-0-0-0\" ><h3 class=\"widget-title\">Nous recherchons des juges pour notre concours de cr\u00e9ation d'autocollants !<\/h3>\t\t\t<div class=\"textwidget\"><p>Aidez-nous \u00e0 choisir les designs gagnants du Concours de cr\u00e9ation d'autocollants Plan\u00e8te Jeunesse de cette ann\u00e9e. C'est facile ! Vous devez \u00eatre un jeune \u00e2g\u00e9 de 11 \u00e0 19 ans.<\/p>\n<p><strong>En tant que juge, vous devrez :<\/strong><\/p>\n<ul>\n<li>Examiner les designs d'autocollants soumis par des jeunes de votre tranche d'\u00e2ge (11-14 ans ou 15-19 ans).<\/li>\n<li>Partager vos opinions de mani\u00e8re aimable et respectueuse lors d'une session virtuelle amusante.<\/li>\n<li>Aider \u00e0 choisir les designs gagnants \u00e0 l'aide d'un guide de notation simple.<\/li>\n<li>Recevoir une r\u00e9mun\u00e9ration de 30 $ pour votre temps, ou faire compter votre temps comme heures de b\u00e9n\u00e9volat pour atteindre les 40 heures requises.<\/li>\n<\/ul>\n<p>\u00catre juge est un excellent moyen de s'impliquer et d'aider \u00e0 cr\u00e9er quelque chose de cool pour la communaut\u00e9 !<\/p>\n<p><strong>Date limite pour postuler : 1er mars 2026, \u00e0 23 h 59 HNE<\/strong><\/p>\n<\/div>\n\t\t<\/div><\/div><div id=\"panel-2190-0-0-1\" class=\"so-panel widget widget_sow-button\" data-index=\"1\" ><div class=\"panel-widget-style panel-widget-style-for-2190-0-0-1\" ><div\n\t\t\t\n\t\t\tclass=\"so-widget-sow-button so-widget-sow-button-flat-5443d51d26d8-2190\"\n\t\t\t\n\t\t><div class=\"ow-button-base ow-button-align-left\"\n>\n\t\t\t<a\n\t\t\t\t\thref=\"https:\/\/forms.office.com\/r\/zKVVnWNDuG\"\n\t\t\t\t\tclass=\"sowb-button ow-icon-placement-left ow-button-hover\" target=\"_blank\" rel=\"noopener noreferrer\" \t>\n\t\t<span>\n\t\t\t\n\t\t\tPOSTULEZ ICI\t\t<\/span>\n\t\t\t<\/a>\n\t<\/div>\n<\/div><\/div><\/div><div id=\"panel-2190-0-0-2\" class=\"so-panel widget widget_kadence_tabs_content_widget kadence_tabs_content_widget\" data-index=\"2\" >        \t<div class=\"kadence-accordion-container\">\n\t\t\t\t\t\t\t\t\t\t\t\t\t<div class=\"panel-group kt-accordion\" id=\"accordionnamewidget-0-0-2\">\n\t\t\t\t\t\t\t\t\t\t\t\t\t\t<div class=\"panel panel-default panel-even\">\n\t\t\t\t\t\t\t\t\t<div class=\"panel-heading\">\n\t\t\t\t\t\t\t\t\t\t<a class=\"accordion-toggle  collapsed\" data-toggle=\"collapse\" data-parent=\"#accordionnamewidget-0-0-2\" href=\"#collapsewidget-0-0-2-who-can-apply\">\n\t\t\t\t\t\t\t\t\t\t\t<h5><i class=\"kt-icon-minus\"><\/i><i class=\"kt-icon-plus\"><\/i>Qui peut postuler<\/h5>\n\t\t\t\t\t\t\t\t\t\t<\/a>\n\t\t\t\t\t\t\t\t\t<\/div>\n\t\t\t\t\t\t\t\t\t<div id=\"collapsewidget-0-0-2-who-can-apply\" class=\"panel-collapse collapse\">\n\t\t\t\t\t\t\t\t\t\t<div class=\"panel-body postclass\">\n\t\t\t\t\t\t\t\t\t\t\t<div id=\"pl-w699c64d51849d\"  class=\"panel-layout\" ><div id=\"pg-w699c64d51849d-0\"  class=\"panel-grid panel-no-style\" ><div id=\"pgc-w699c64d51849d-0-0\"  class=\"panel-grid-cell\" ><div id=\"panel-w699c64d51849d-0-0-0\" class=\"so-panel widget widget_text panel-first-child panel-last-child\" data-index=\"0\" ><div class=\"panel-widget-style panel-widget-style-for-w699c64d51849d-0-0-0\" >\t\t\t<div class=\"textwidget\"><ul style=\"font-weight: 400;\">\n<li>Vous avez entre 11 et 19 ans et vous vivez ou allez \u00e0 l'\u00e9cole dans le district de Nipissing.<\/li>\n<li>Vous n'avez pas soumis de cr\u00e9ation au Concours de cr\u00e9ation d'autocollants.<\/li>\n<li>Vous n'avez pas de fr\u00e8re ou de s\u0153ur inscrit dans votre cat\u00e9gorie d'\u00e2ge (11-14 ans ou 15-19 ans).<\/li>\n<li>Vous avez l'autorisation de vos parents\/tuteurs si vous avez 15 ans ou moins.<\/li>\n<li>Vous pouvez participer \u00e0 une r\u00e9union virtuelle. La r\u00e9union se d\u00e9roulera sur Microsoft Teams, mais vous n'avez pas besoin d'un compte Microsoft Teams pour y participer.<\/li>\n<\/ul>\n<p style=\"font-weight: 400;\">Les jeunes de toutes identit\u00e9s, capacit\u00e9s et origines sont encourag\u00e9s \u00e0 postuler pour devenir juge.<\/p>\n<\/div>\n\t\t<\/div><\/div><\/div><\/div><\/div>\t\t\t\t\t\t\t\t\t\t<\/div>\n\t\t\t\t\t\t\t\t\t<\/div>\n\t\t\t\t\t\t\t\t<\/div>\n\t\t\t\t\t\t\t\t\t\t\t\t\t\t<div class=\"panel panel-default panel-odd\">\n\t\t\t\t\t\t\t\t\t<div class=\"panel-heading\">\n\t\t\t\t\t\t\t\t\t\t<a class=\"accordion-toggle  collapsed\" data-toggle=\"collapse\" data-parent=\"#accordionnamewidget-0-0-2\" href=\"#collapsewidget-0-0-2-how-judges-are-chosen\">\n\t\t\t\t\t\t\t\t\t\t\t<h5><i class=\"kt-icon-minus\"><\/i><i class=\"kt-icon-plus\"><\/i>Comment les juges sont-ils choisis<\/h5>\n\t\t\t\t\t\t\t\t\t\t<\/a>\n\t\t\t\t\t\t\t\t\t<\/div>\n\t\t\t\t\t\t\t\t\t<div id=\"collapsewidget-0-0-2-how-judges-are-chosen\" class=\"panel-collapse collapse\">\n\t\t\t\t\t\t\t\t\t\t<div class=\"panel-body postclass\">\n\t\t\t\t\t\t\t\t\t\t\t<div id=\"pl-w699c64d5184a0\"  class=\"panel-layout\" ><div id=\"pg-w699c64d5184a0-0\"  class=\"panel-grid panel-no-style\" ><div id=\"pgc-w699c64d5184a0-0-0\"  class=\"panel-grid-cell\" ><div id=\"panel-w699c64d5184a0-0-0-0\" class=\"so-panel widget widget_text panel-first-child panel-last-child\" data-index=\"0\" ><div class=\"panel-widget-style panel-widget-style-for-w699c64d5184a0-0-0-0\" >\t\t\t<div class=\"textwidget\"><p>Nous s\u00e9lectionnons :<\/p>\n<ul>\n<li>jusqu'\u00e0 5 jeunes \u00e2g\u00e9s de 11 \u00e0 14 ans<\/li>\n<li>jusqu'\u00e0 5 jeunes \u00e2g\u00e9s de 15 \u00e0 19 ans<\/li>\n<\/ul>\n<p>Dans votre candidature, vous devrez inclure un petit texte de 2 \u00e0 4 phrases expliquant pourquoi vous feriez un excellent juge. (Quelques questions pour vous aider \u00e0 r\u00e9diger votre texte : Qu'est-ce qui vous int\u00e9resse dans le fait d'\u00eatre juge ? Pourquoi souhaitez-vous participer ? Quels sont vos points forts ?)<\/p>\n<p>La disponibilit\u00e9 est importante ! Les juges doivent \u00eatre disponibles pour participer \u00e0 une r\u00e9union virtuelle d'une heure et demie entre le 5 et le 11 mars. S\u00e9lectionnez tous les cr\u00e9neaux horaires qui vous conviennent dans la liste des cr\u00e9neaux horaires possibles :<\/p>\n<ul>\n<li>Jeudi 5 mars \u2014 16 h 30 \u00e0 18 h<\/li>\n<li>Jeudi 5 mars \u2014 18 h 30 \u00e0 20 h<\/li>\n<li>Samedi 7 mars \u2014 13 h \u00e0 14 h 30<\/li>\n<li>Dimanche 8 mars \u2014 13 h \u00e0 14 h 30<\/li>\n<li>Lundi 9 mars \u2014 16 h 30 \u00e0 18 h<\/li>\n<li>Lundi 9 mars \u2014 18 h 30 \u00e0 20 h<\/li>\n<li>Mercredi 11 mars \u2014 16 h 30 \u00e0 18 h<\/li>\n<\/ul>\n<p>Un seul cr\u00e9neau horaire sera choisi pour chaque tranche d'\u00e2ge en fonction des disponibilit\u00e9s globales.<\/p>\n<p><strong>*Veuillez noter que la session virtuelle sera en anglais.*<\/strong><\/p>\n<\/div>\n\t\t<\/div><\/div><\/div><\/div><\/div>\t\t\t\t\t\t\t\t\t\t<\/div>\n\t\t\t\t\t\t\t\t\t<\/div>\n\t\t\t\t\t\t\t\t<\/div>\n\t\t\t\t\t\t\t\t\t\t\t\t\t\t<div class=\"panel panel-default panel-even\">\n\t\t\t\t\t\t\t\t\t<div class=\"panel-heading\">\n\t\t\t\t\t\t\t\t\t\t<a class=\"accordion-toggle  collapsed\" data-toggle=\"collapse\" data-parent=\"#accordionnamewidget-0-0-2\" href=\"#collapsewidget-0-0-2-how-to-apply\">\n\t\t\t\t\t\t\t\t\t\t\t<h5><i class=\"kt-icon-minus\"><\/i><i class=\"kt-icon-plus\"><\/i>Comment postuler<\/h5>\n\t\t\t\t\t\t\t\t\t\t<\/a>\n\t\t\t\t\t\t\t\t\t<\/div>\n\t\t\t\t\t\t\t\t\t<div id=\"collapsewidget-0-0-2-how-to-apply\" class=\"panel-collapse collapse\">\n\t\t\t\t\t\t\t\t\t\t<div class=\"panel-body postclass\">\n\t\t\t\t\t\t\t\t\t\t\t<div id=\"pl-w699c64d5184a1\"  class=\"panel-layout\" ><div id=\"pg-w699c64d5184a1-0\"  class=\"panel-grid panel-no-style\" ><div id=\"pgc-w699c64d5184a1-0-0\"  class=\"panel-grid-cell\" ><div id=\"panel-w699c64d5184a1-0-0-0\" class=\"so-panel widget widget_text panel-first-child panel-last-child\" data-index=\"0\" ><div class=\"panel-widget-style panel-widget-style-for-w699c64d5184a1-0-0-0\" >\t\t\t<div class=\"textwidget\"><div id=\"collapsewidget-0-0-2-how-to-apply\" class=\"panel-collapse collapse in\" aria-expanded=\"true\">\n<div class=\"panel-body postclass\">\n<div id=\"pl-w69947ce2af41a\" class=\"panel-layout\">\n<div id=\"pg-w69947ce2af41a-0\" class=\"panel-grid panel-no-style\">\n<div id=\"pgc-w69947ce2af41a-0-0\" class=\"panel-grid-cell\">\n<div id=\"panel-w69947ce2af41a-0-0-0\" class=\"so-panel widget widget_text panel-first-child panel-last-child\" data-index=\"0\">\n<div class=\"panel-widget-style panel-widget-style-for-w69947ce2af41a-0-0-0\">\n<div class=\"textwidget\">\n<p>Postulez \u00e0 l'aide de <a href=\"https:\/\/forms.office.com\/r\/zKVVnWNDuG\" target=\"_blank\" rel=\"noopener\">CE FORMULAIRE<\/a> avant<b>\u00a0<\/b>le 1er mars 2026 \u00e0 23 h 59 HNE<b><\/b><\/p>\n<p>Si vous ne parvenez pas \u00e0 acc\u00e9der au formulaire ou si vous rencontrez des difficult\u00e9s, communiquez avec nous avant le 26 f\u00e9vrier 2026 :<\/p>\n<p><b>E-mail :<\/b>\u00a0planetyouth@healthunit.ca<\/p>\n<p><b>T\u00e9l\u00e9phone :<\/b>\u00a0705-474-1400, poste 5373<\/p>\n<\/div>\n<\/div>\n<\/div>\n<\/div>\n<\/div>\n<\/div>\n<\/div>\n<\/div>\n<\/div>\n\t\t<\/div><\/div><\/div><\/div><\/div>\t\t\t\t\t\t\t\t\t\t<\/div>\n\t\t\t\t\t\t\t\t\t<\/div>\n\t\t\t\t\t\t\t\t<\/div>\n\t\t\t\t\t\t\t\t\t\t\t\t\t\t<div class=\"panel panel-default panel-odd\">\n\t\t\t\t\t\t\t\t\t<div class=\"panel-heading\">\n\t\t\t\t\t\t\t\t\t\t<a class=\"accordion-toggle  collapsed\" data-toggle=\"collapse\" data-parent=\"#accordionnamewidget-0-0-2\" href=\"#collapsewidget-0-0-2-receiving-the-honorarium\">\n\t\t\t\t\t\t\t\t\t\t\t<h5><i class=\"kt-icon-minus\"><\/i><i class=\"kt-icon-plus\"><\/i>Recevoir des honoraires<\/h5>\n\t\t\t\t\t\t\t\t\t\t<\/a>\n\t\t\t\t\t\t\t\t\t<\/div>\n\t\t\t\t\t\t\t\t\t<div id=\"collapsewidget-0-0-2-receiving-the-honorarium\" class=\"panel-collapse collapse\">\n\t\t\t\t\t\t\t\t\t\t<div class=\"panel-body postclass\">\n\t\t\t\t\t\t\t\t\t\t\t<div id=\"pl-w699c64d5184a3\"  class=\"panel-layout\" ><div id=\"pg-w699c64d5184a3-0\"  class=\"panel-grid panel-no-style\" ><div id=\"pgc-w699c64d5184a3-0-0\"  class=\"panel-grid-cell\" ><div id=\"panel-w699c64d5184a3-0-0-0\" class=\"so-panel widget widget_text panel-first-child panel-last-child\" data-index=\"0\" ><div class=\"panel-widget-style panel-widget-style-for-w699c64d5184a3-0-0-0\" >\t\t\t<div class=\"textwidget\"><div id=\"collapsewidget-0-0-2-important-information\" class=\"panel-collapse collapse in\" aria-expanded=\"true\">\n<div class=\"panel-body postclass\">\n<div id=\"pl-w69947ce2af41c\" class=\"panel-layout\">\n<div id=\"pg-w69947ce2af41c-0\" class=\"panel-grid panel-no-style\">\n<div id=\"pgc-w69947ce2af41c-0-0\" class=\"panel-grid-cell\">\n<div id=\"panel-w69947ce2af41c-0-0-0\" class=\"so-panel widget widget_text panel-first-child panel-last-child\" data-index=\"0\">\n<div class=\"panel-widget-style panel-widget-style-for-w69947ce2af41c-0-0-0\">\n<div class=\"textwidget\">\n<p><b>Pour recevoir vos honoraires<\/b>, vous devez \u00eatre s\u00e9lectionn\u00e9 comme juge et assister \u00e0 l'int\u00e9gralit\u00e9 de la session de jugement virtuelle.  Chaque juge peut choisir l'une des options suivantes pour recevoir ses honoraires :<\/p>\n<ul>\n<li>R\u00e9cup\u00e9rer au Bureau de sant\u00e9 du district de North Bay-Parry Sound apr\u00e8s le 16 mars 2026 ;<\/li>\n<li>Fournir son nom l\u00e9gal et son adresse postale pour que les honoraires lui soient envoy\u00e9s entre la mi-mars et la fin mars ; ou<\/li>\n<li>R\u00e9cup\u00e9rer en personne lors de la c\u00e9r\u00e9monie de d\u00e9voilement des autocollants en avril.<\/li>\n<\/ul>\n<\/div>\n<\/div>\n<\/div>\n<\/div>\n<\/div>\n<\/div>\n<\/div>\n<\/div>\n<\/div>\n\t\t<\/div><\/div><\/div><\/div><\/div>\t\t\t\t\t\t\t\t\t\t<\/div>\n\t\t\t\t\t\t\t\t\t<\/div>\n\t\t\t\t\t\t\t\t<\/div>\n\t\t\t\t\t\t\t\t\t\t\t<\/div>\n\t\t\t\t\t\t\t<\/div>\n\n        \t<\/div><div id=\"panel-2190-0-0-3\" class=\"so-panel widget widget_text panel-last-child\" data-index=\"3\" >\t\t\t<div class=\"textwidget\"><\/div>\n\t\t<\/div><\/div><\/div><\/div>","protected":false},"excerpt":{"rendered":"<p>Help decide which designs win this year\u2019s Planet Youth Sticker Design Contest. It\u2019s easy! You need to be a youth between the ages of 11 and 19. As a judge, you\u2019ll: Review sticker design submissions by youth in your age &hellip; <a class=\"kt-excerpt-readmore more-link\" href=\"https:\/\/planetyouthnipissing.ca\/fr\/get-involved\/sticker-design-contest\/judge\/\" aria-label=\"Become a Youth Judge &#8211; CLOSED\">En savoir plus<\/a><\/p>","protected":false},"author":7,"featured_media":0,"parent":2060,"menu_order":0,"comment_status":"closed","ping_status":"closed","template":"","meta":{"kt_blocks_editor_width":"","footnotes":""},"class_list":["post-2190","page","type-page","status-publish","hentry"],"aioseo_notices":[],"rttpg_featured_image_url":null,"rttpg_author":{"display_name":"Justine Mallah","author_link":"https:\/\/planetyouthnipissing.ca\/fr\/author\/justine-mallah\/"},"rttpg_comment":0,"rttpg_category":null,"rttpg_excerpt":"Help decide which designs win this year\u2019s Planet Youth Sticker Design Contest. It\u2019s easy! You need to be a youth between the ages of 11 and 19. As a judge, you\u2019ll: Review sticker design submissions by youth in your age &hellip; Read More","_links":{"self":[{"href":"https:\/\/planetyouthnipissing.ca\/fr\/wp-json\/wp\/v2\/pages\/2190","targetHints":{"allow":["GET"]}}],"collection":[{"href":"https:\/\/planetyouthnipissing.ca\/fr\/wp-json\/wp\/v2\/pages"}],"about":[{"href":"https:\/\/planetyouthnipissing.ca\/fr\/wp-json\/wp\/v2\/types\/page"}],"author":[{"embeddable":true,"href":"https:\/\/planetyouthnipissing.ca\/fr\/wp-json\/wp\/v2\/users\/7"}],"replies":[{"embeddable":true,"href":"https:\/\/planetyouthnipissing.ca\/fr\/wp-json\/wp\/v2\/comments?post=2190"}],"version-history":[{"count":37,"href":"https:\/\/planetyouthnipissing.ca\/fr\/wp-json\/wp\/v2\/pages\/2190\/revisions"}],"predecessor-version":[{"id":2368,"href":"https:\/\/planetyouthnipissing.ca\/fr\/wp-json\/wp\/v2\/pages\/2190\/revisions\/2368"}],"up":[{"embeddable":true,"href":"https:\/\/planetyouthnipissing.ca\/fr\/wp-json\/wp\/v2\/pages\/2060"}],"wp:attachment":[{"href":"https:\/\/planetyouthnipissing.ca\/fr\/wp-json\/wp\/v2\/media?parent=2190"}],"curies":[{"name":"wp","href":"https:\/\/api.w.org\/{rel}","templated":true}]}}