{"id":2250,"date":"2026-03-23T13:08:07","date_gmt":"2026-03-23T17:08:07","guid":{"rendered":"https:\/\/planetyouthnipissing.ca\/?page_id=2250"},"modified":"2026-03-31T08:23:44","modified_gmt":"2026-03-31T12:23:44","slug":"survey-resources","status":"publish","type":"page","link":"https:\/\/planetyouthnipissing.ca\/fr\/resources\/survey-resources\/","title":{"rendered":"Ressources pour les enqu\u00eates"},"content":{"rendered":"<p class=\"has-text-align-center\"><\/p>\n\n\n\n<h2 class=\"wp-block-heading\"><strong>Enqu\u00eate Plan\u00e8te Jeunesse Nipissing \u2013 Printemps 2026 \u2013 Page de ressources<\/strong><\/h2>\n\n\n\n<p>Merci de contribuer \u00e0 la mise en place du prochain sondage aupr\u00e8s des \u00e9l\u00e8ves. Vous trouverez ici des ressources qui vous aideront \u00e0 vous familiariser avec le format du sondage, \u00e0 le mettre en \u0153uvre, \u00e0 pr\u00e9parer vos \u00e9l\u00e8ves et \u00e0 le mener \u00e0 bien en toute confiance. Notre objectif est de veiller \u00e0 ce que le processus soit clair, coh\u00e9rent et ax\u00e9 sur l\u2019accompagnement des jeunes tout au long de cette exp\u00e9rience.<\/p>\n\n\n\n<p>En soutenant l\u2019enqu\u00eate Plan\u00e8te Jeunesse Nipissing, vous contribuez \u00e0 des efforts significatifs \u00e0 l\u2019\u00e9chelle de la communaut\u00e9 qui autonomisent les jeunes et renforcent les facteurs de protection dans leur vie. Votre participation nous aide \u00e0 mieux comprendre ce que vivent les \u00e9l\u00e8ves afin que nous puissions travailler ensemble pour favoriser leur bien-\u00eatre.<\/p>\n\n\n\n<div class=\"wp-block-group\"><div class=\"wp-block-group__inner-container is-layout-constrained wp-block-group-is-layout-constrained\"><style>.kt-accordion-id2250_1a2fa1-a4 .kt-accordion-inner-wrap{column-gap:var(--global-kb-gap-md, 2rem);row-gap:0px;}.kt-accordion-id2250_1a2fa1-a4 .kt-accordion-panel-inner{border-top:0px solid transparent;border-right:0px solid transparent;border-bottom:0px solid transparent;border-left:0px solid transparent;padding-top:var(--global-kb-spacing-sm, 1.5rem);padding-right:var(--global-kb-spacing-sm, 1.5rem);padding-bottom:var(--global-kb-spacing-sm, 1.5rem);padding-left:var(--global-kb-spacing-sm, 1.5rem);}.kt-accordion-id2250_1a2fa1-a4 > .kt-accordion-inner-wrap > .wp-block-kadence-pane > .kt-accordion-header-wrap > .kt-blocks-accordion-header{border-top:5px solid #f2f2f2;border-right:5px solid #f2f2f2;border-bottom:5px solid #f2f2f2;border-left:5px solid #f2f2f2;border-top-left-radius:0px;border-top-right-radius:0px;border-bottom-right-radius:0px;border-bottom-left-radius:0px;background:#71c9c5;font-weight:bold;color:#0c0c0c;padding-top:10px;padding-right:14px;padding-bottom:10px;padding-left:14px;}.kt-accordion-id2250_1a2fa1-a4:not( .kt-accodion-icon-style-basiccircle ):not( .kt-accodion-icon-style-xclosecircle ):not( .kt-accodion-icon-style-arrowcircle )  > .kt-accordion-inner-wrap > .wp-block-kadence-pane > .kt-accordion-header-wrap .kt-blocks-accordion-icon-trigger:after, .kt-accordion-id2250_1a2fa1-a4:not( .kt-accodion-icon-style-basiccircle ):not( .kt-accodion-icon-style-xclosecircle ):not( .kt-accodion-icon-style-arrowcircle )  > .kt-accordion-inner-wrap > .wp-block-kadence-pane > .kt-accordion-header-wrap .kt-blocks-accordion-icon-trigger:before{background:#0c0c0c;}.kt-accordion-id2250_1a2fa1-a4 .kt-accordion-panel-inner a:hover{color:#3163c9;}.kt-accordion-id2250_1a2fa1-a4:not( .kt-accodion-icon-style-basic ):not( .kt-accodion-icon-style-xclose ):not( .kt-accodion-icon-style-arrow ) .kt-blocks-accordion-icon-trigger{background:#0c0c0c;}.kt-accordion-id2250_1a2fa1-a4:not( .kt-accodion-icon-style-basic ):not( .kt-accodion-icon-style-xclose ):not( .kt-accodion-icon-style-arrow ) .kt-blocks-accordion-icon-trigger:after, .kt-accordion-id2250_1a2fa1-a4:not( .kt-accodion-icon-style-basic ):not( .kt-accodion-icon-style-xclose ):not( .kt-accodion-icon-style-arrow ) .kt-blocks-accordion-icon-trigger:before{background:#71c9c5;}.kt-accordion-id2250_1a2fa1-a4 > .kt-accordion-inner-wrap > .wp-block-kadence-pane > .kt-accordion-header-wrap > .kt-blocks-accordion-header:hover, \n\t\t\t\tbody:not(.hide-focus-outline) .kt-accordion-id2250_1a2fa1-a4 .kt-blocks-accordion-header:focus-visible{color:#444444;background:#eeeeee;border-top-color:#eeeeee;border-top-style:solid;border-right-color:#eeeeee;border-right-style:solid;border-bottom-color:#eeeeee;border-bottom-style:solid;border-left-color:#eeeeee;border-left-style:solid;}.kt-accordion-id2250_1a2fa1-a4:not( .kt-accodion-icon-style-basiccircle ):not( .kt-accodion-icon-style-xclosecircle ):not( .kt-accodion-icon-style-arrowcircle ) .kt-accordion-header-wrap .kt-blocks-accordion-header:hover .kt-blocks-accordion-icon-trigger:after, .kt-accordion-id2250_1a2fa1-a4:not( .kt-accodion-icon-style-basiccircle ):not( .kt-accodion-icon-style-xclosecircle ):not( .kt-accodion-icon-style-arrowcircle ) .kt-accordion-header-wrap .kt-blocks-accordion-header:hover .kt-blocks-accordion-icon-trigger:before, body:not(.hide-focus-outline) .kt-accordion-id2250_1a2fa1-a4:not( .kt-accodion-icon-style-basiccircle ):not( .kt-accodion-icon-style-xclosecircle ):not( .kt-accodion-icon-style-arrowcircle ) .kt-blocks-accordion--visible .kt-blocks-accordion-icon-trigger:after, body:not(.hide-focus-outline) .kt-accordion-id2250_1a2fa1-a4:not( .kt-accodion-icon-style-basiccircle ):not( .kt-accodion-icon-style-xclosecircle ):not( .kt-accodion-icon-style-arrowcircle ) .kt-blocks-accordion-header:focus-visible .kt-blocks-accordion-icon-trigger:before{background:#444444;}.kt-accordion-id2250_1a2fa1-a4:not( .kt-accodion-icon-style-basic ):not( .kt-accodion-icon-style-xclose ):not( .kt-accodion-icon-style-arrow ) .kt-accordion-header-wrap .kt-blocks-accordion-header:hover .kt-blocks-accordion-icon-trigger, body:not(.hide-focus-outline) .kt-accordion-id2250_1a2fa1-a4:not( .kt-accodion-icon-style-basic ):not( .kt-accodion-icon-style-xclose ):not( .kt-accodion-icon-style-arrow ) .kt-accordion-header-wrap .kt-blocks-accordion-header:focus-visible .kt-blocks-accordion-icon-trigger{background:#444444;}.kt-accordion-id2250_1a2fa1-a4:not( .kt-accodion-icon-style-basic ):not( .kt-accodion-icon-style-xclose ):not( .kt-accodion-icon-style-arrow ) .kt-accordion-header-wrap .kt-blocks-accordion-header:hover .kt-blocks-accordion-icon-trigger:after, .kt-accordion-id2250_1a2fa1-a4:not( .kt-accodion-icon-style-basic ):not( .kt-accodion-icon-style-xclose ):not( .kt-accodion-icon-style-arrow ) .kt-accordion-header-wrap .kt-blocks-accordion-header:hover .kt-blocks-accordion-icon-trigger:before, body:not(.hide-focus-outline) .kt-accordion-id2250_1a2fa1-a4:not( .kt-accodion-icon-style-basic ):not( .kt-accodion-icon-style-xclose ):not( .kt-accodion-icon-style-arrow ) .kt-accordion-header-wrap .kt-blocks-accordion-header:focus-visible .kt-blocks-accordion-icon-trigger:after, body:not(.hide-focus-outline) .kt-accordion-id2250_1a2fa1-a4:not( .kt-accodion-icon-style-basic ):not( .kt-accodion-icon-style-xclose ):not( .kt-accodion-icon-style-arrow ) .kt-accordion-header-wrap .kt-blocks-accordion-header:focus-visible .kt-blocks-accordion-icon-trigger:before{background:#eeeeee;}.kt-accordion-id2250_1a2fa1-a4 .kt-accordion-header-wrap .kt-blocks-accordion-header:focus-visible,\n\t\t\t\t.kt-accordion-id2250_1a2fa1-a4 > .kt-accordion-inner-wrap > .wp-block-kadence-pane > .kt-accordion-header-wrap > .kt-blocks-accordion-header.kt-accordion-panel-active{color:#fff;background:#877997;border-top-color:#444444;border-top-style:solid;border-right-color:#444444;border-right-style:solid;border-bottom-color:#444444;border-bottom-style:solid;border-left-color:#444444;border-left-style:solid;}.kt-accordion-id2250_1a2fa1-a4:not( .kt-accodion-icon-style-basiccircle ):not( .kt-accodion-icon-style-xclosecircle ):not( .kt-accodion-icon-style-arrowcircle )  > .kt-accordion-inner-wrap > .wp-block-kadence-pane > .kt-accordion-header-wrap > .kt-blocks-accordion-header.kt-accordion-panel-active .kt-blocks-accordion-icon-trigger:after, .kt-accordion-id2250_1a2fa1-a4:not( .kt-accodion-icon-style-basiccircle ):not( .kt-accodion-icon-style-xclosecircle ):not( .kt-accodion-icon-style-arrowcircle )  > .kt-accordion-inner-wrap > .wp-block-kadence-pane > .kt-accordion-header-wrap > .kt-blocks-accordion-header.kt-accordion-panel-active .kt-blocks-accordion-icon-trigger:before{background:#fff;}.kt-accordion-id2250_1a2fa1-a4:not( .kt-accodion-icon-style-basic ):not( .kt-accodion-icon-style-xclose ):not( .kt-accodion-icon-style-arrow ) .kt-blocks-accordion-header.kt-accordion-panel-active .kt-blocks-accordion-icon-trigger{background:#fff;}.kt-accordion-id2250_1a2fa1-a4:not( .kt-accodion-icon-style-basic ):not( .kt-accodion-icon-style-xclose ):not( .kt-accodion-icon-style-arrow ) .kt-blocks-accordion-header.kt-accordion-panel-active .kt-blocks-accordion-icon-trigger:after, .kt-accordion-id2250_1a2fa1-a4:not( .kt-accodion-icon-style-basic ):not( .kt-accodion-icon-style-xclose ):not( .kt-accodion-icon-style-arrow ) .kt-blocks-accordion-header.kt-accordion-panel-active .kt-blocks-accordion-icon-trigger:before{background:#877997;}@media all and (max-width: 1024px){.kt-accordion-id2250_1a2fa1-a4 .kt-accordion-panel-inner{border-top:0px solid transparent;border-right:0px solid transparent;border-bottom:0px solid transparent;border-left:0px solid transparent;}}@media all and (max-width: 1024px){.kt-accordion-id2250_1a2fa1-a4 > .kt-accordion-inner-wrap > .wp-block-kadence-pane > .kt-accordion-header-wrap > .kt-blocks-accordion-header{border-top:5px solid #f2f2f2;border-right:5px solid #f2f2f2;border-bottom:5px solid #f2f2f2;border-left:5px solid #f2f2f2;}}@media all and (max-width: 1024px){.kt-accordion-id2250_1a2fa1-a4 > .kt-accordion-inner-wrap > .wp-block-kadence-pane > .kt-accordion-header-wrap > .kt-blocks-accordion-header:hover, \n\t\t\t\tbody:not(.hide-focus-outline) .kt-accordion-id2250_1a2fa1-a4 .kt-blocks-accordion-header:focus-visible{border-top-color:#eeeeee;border-top-style:solid;border-right-color:#eeeeee;border-right-style:solid;border-bottom-color:#eeeeee;border-bottom-style:solid;border-left-color:#eeeeee;border-left-style:solid;}}@media all and (max-width: 1024px){.kt-accordion-id2250_1a2fa1-a4 .kt-accordion-header-wrap .kt-blocks-accordion-header:focus-visible,\n\t\t\t\t.kt-accordion-id2250_1a2fa1-a4 > .kt-accordion-inner-wrap > .wp-block-kadence-pane > .kt-accordion-header-wrap > .kt-blocks-accordion-header.kt-accordion-panel-active{border-top-color:#444444;border-top-style:solid;border-right-color:#444444;border-right-style:solid;border-bottom-color:#444444;border-bottom-style:solid;border-left-color:#444444;border-left-style:solid;}}@media all and (max-width: 767px){.kt-accordion-id2250_1a2fa1-a4 .kt-accordion-inner-wrap{display:block;}.kt-accordion-id2250_1a2fa1-a4 .kt-accordion-inner-wrap .kt-accordion-pane:not(:first-child){margin-top:0px;}.kt-accordion-id2250_1a2fa1-a4 .kt-accordion-panel-inner{border-top:0px solid transparent;border-right:0px solid transparent;border-bottom:0px solid transparent;border-left:0px solid transparent;}.kt-accordion-id2250_1a2fa1-a4 > .kt-accordion-inner-wrap > .wp-block-kadence-pane > .kt-accordion-header-wrap > .kt-blocks-accordion-header{border-top:5px solid #f2f2f2;border-right:5px solid #f2f2f2;border-bottom:5px solid #f2f2f2;border-left:5px solid #f2f2f2;}.kt-accordion-id2250_1a2fa1-a4 > .kt-accordion-inner-wrap > .wp-block-kadence-pane > .kt-accordion-header-wrap > .kt-blocks-accordion-header:hover, \n\t\t\t\tbody:not(.hide-focus-outline) .kt-accordion-id2250_1a2fa1-a4 .kt-blocks-accordion-header:focus-visible{border-top-color:#eeeeee;border-top-style:solid;border-right-color:#eeeeee;border-right-style:solid;border-bottom-color:#eeeeee;border-bottom-style:solid;border-left-color:#eeeeee;border-left-style:solid;}.kt-accordion-id2250_1a2fa1-a4 .kt-accordion-header-wrap .kt-blocks-accordion-header:focus-visible,\n\t\t\t\t.kt-accordion-id2250_1a2fa1-a4 > .kt-accordion-inner-wrap > .wp-block-kadence-pane > .kt-accordion-header-wrap > .kt-blocks-accordion-header.kt-accordion-panel-active{border-top-color:#444444;border-top-style:solid;border-right-color:#444444;border-right-style:solid;border-bottom-color:#444444;border-bottom-style:solid;border-left-color:#444444;border-left-style:solid;}}<\/style>\n<div class=\"wp-block-kadence-accordion alignnone\"><div class=\"kt-accordion-wrap kt-accordion-id2250_1a2fa1-a4 kt-accordion-has-5-panes kt-active-pane-0 kt-accordion-block kt-pane-header-alignment-left kt-accodion-icon-style-arrowcircle kt-accodion-icon-side-left\" style=\"max-width:none\"><div class=\"kt-accordion-inner-wrap\" data-allow-multiple-open=\"false\" data-start-open=\"none\">\n<div class=\"wp-block-kadence-pane kt-accordion-pane kt-accordion-pane-5 kt-pane2250_c646a4-31\"><div class=\"kt-accordion-header-wrap\"><button class=\"kt-blocks-accordion-header kt-acccordion-button-label-show\" type=\"button\"><span class=\"kt-blocks-accordion-title-wrap\"><span class=\"kt-blocks-accordion-title\">Vid\u00e9os Plan\u00e8te Jeunesse \u2013 Comprendre l'initiative<\/span><\/span><span class=\"kt-blocks-accordion-icon-trigger\"><\/span><\/button><\/div><div class=\"kt-accordion-panel kt-accordion-panel-hidden\"><div class=\"kt-accordion-panel-inner\">\n<p>Plan\u00e8te Jeunesse Nipissing a r\u00e9alis\u00e9 plusieurs courtes vid\u00e9os YouTube qui permettent de comprendre facilement en quoi consiste cette initiative et pourquoi elle est importante pour les \u00e9l\u00e8ves. En partageant ces vid\u00e9os avec vos classes avant la prochaine enqu\u00eate, vous aiderez les \u00e9l\u00e8ves \u00e0 saisir son objectif et \u00e0 comprendre en quoi leur participation contribue \u00e0 cr\u00e9er un environnement scolaire plus sain.<\/p>\n\n\n\n<div class=\"wp-block-buttons alignwide is-layout-flex wp-block-buttons-is-layout-flex\">\n<div class=\"wp-block-button\"><a class=\"wp-block-button__link has-midnight-gradient-background has-background wp-element-button\" href=\"https:\/\/www.youtube.com\/playlist?list=PLrF4BFfyDf5iCbHGZeyYrb9uvlSB711YH\"><strong>Regarder la vid\u00e9o<\/strong><\/a><\/div>\n<\/div>\n<\/div><\/div><\/div>\n\n\n\n<div class=\"wp-block-kadence-pane kt-accordion-pane kt-accordion-pane-1 kt-pane2250_683ea9-12\"><div class=\"kt-accordion-header-wrap\"><button class=\"kt-blocks-accordion-header kt-acccordion-button-label-show\" type=\"button\"><span class=\"kt-blocks-accordion-title-wrap\"><span class=\"kt-blocks-accordion-title\">Guide de mise en \u0153uvre<\/span><\/span><span class=\"kt-blocks-accordion-icon-trigger\"><\/span><\/button><\/div><div class=\"kt-accordion-panel kt-accordion-panel-hidden\"><div class=\"kt-accordion-panel-inner\">\n<p>Ce guide de mise en \u0153uvre d'une page pr\u00e9sente les informations essentielles dont les enseignants ont besoin avant de faire passer le questionnaire Plan\u00e8te Jeunesse Nipissing.<br>Vous y trouverez des conseils sur :<\/p>\n\n\n\n<ul class=\"wp-block-list\">\n<li>La pr\u00e9paration de votre classe<\/li>\n\n\n\n<li>La pr\u00e9sentation du questionnaire aux \u00e9l\u00e8ves<\/li>\n\n\n\n<li>L'organisation de la salle de classe et le d\u00e9roulement<\/li>\n\n\n\n<li>L'accompagnement des \u00e9l\u00e8ves tout en garantissant la confidentialit\u00e9<\/li>\n<\/ul>\n\n\n\n<div class=\"wp-block-buttons is-layout-flex wp-block-buttons-is-layout-flex\">\n<div class=\"wp-block-button\"><a class=\"wp-block-button__link has-midnight-gradient-background has-background wp-element-button\" href=\"https:\/\/planetyouthnipissing.ca\/wp-content\/uploads\/2026\/03\/PY-in-class-survey-implementation-guidelines-2026.pdf\"><strong>T\u00e9l\u00e9chargez le guide de mise en \u0153uvre<\/strong><\/a><\/div>\n<\/div>\n<\/div><\/div><\/div>\n\n\n\n<div class=\"wp-block-kadence-pane kt-accordion-pane kt-accordion-pane-2 kt-pane2250_5a69e6-ce\"><div class=\"kt-accordion-header-wrap\"><button class=\"kt-blocks-accordion-header kt-acccordion-button-label-show\" type=\"button\"><span class=\"kt-blocks-accordion-title-wrap\"><span class=\"kt-blocks-accordion-title\">Vid\u00e9o Plan\u00e8te Jeunesse \u2013 Consignes relatives \u00e0 l'enqu\u00eate \u00e0 l'intention des enseignants<\/span><\/span><span class=\"kt-blocks-accordion-icon-trigger\"><\/span><\/button><\/div><div class=\"kt-accordion-panel kt-accordion-panel-hidden\"><div class=\"kt-accordion-panel-inner\">\n<p>Cette courte vid\u00e9o de 2 minutes a pour but de vous pr\u00e9senter les \u00e9tapes cl\u00e9s du processus d'enqu\u00eate, notamment :<\/p>\n\n\n\n<ul class=\"wp-block-list\">\n<li>Comment pr\u00e9parer votre classe pour le jour de l'enqu\u00eate<\/li>\n\n\n\n<li>Conseils pour r\u00e9pondre aux questions des \u00e9l\u00e8ves<\/li>\n\n\n\n<li>Comment garantir un environnement respectueux et favorable \u00e0 l'enqu\u00eate<\/li>\n<\/ul>\n\n\n\n<div class=\"wp-block-buttons is-layout-flex wp-block-buttons-is-layout-flex\">\n<div class=\"wp-block-button is-style-fill\"><a class=\"wp-block-button__link has-midnight-gradient-background has-background wp-element-button\" href=\"https:\/\/www.youtube.com\/watch?v=K1S8nC8SEUE\" target=\"_blank\" rel=\"noreferrer noopener\"><strong>Regarder la vid\u00e9o<\/strong><\/a><\/div>\n<\/div>\n<\/div><\/div><\/div>\n\n\n\n<div class=\"wp-block-kadence-pane kt-accordion-pane kt-accordion-pane-3 kt-pane2250_370fbd-8f\"><div class=\"kt-accordion-header-wrap\"><button class=\"kt-blocks-accordion-header kt-acccordion-button-label-show\" type=\"button\"><span class=\"kt-blocks-accordion-title-wrap\"><span class=\"kt-blocks-accordion-title\">Affiches de sensibilisation \u00e0 une enqu\u00eate con\u00e7ues par des jeunes<\/span><\/span><span class=\"kt-blocks-accordion-icon-trigger\"><\/span><\/button><\/div><div class=\"kt-accordion-panel kt-accordion-panel-hidden\"><div class=\"kt-accordion-panel-inner\">\n<p>D\u00e9couvrez ces affiches r\u00e9alis\u00e9es par des jeunes de la r\u00e9gion pour promouvoir l'enqu\u00eate Plan\u00e8te Jeunesse Nipissing. Leurs cr\u00e9ations soulignent l'importance de la voix des jeunes et encouragent les autres \u00e0 s'impliquer. Nous invitons les \u00e9coles \u00e0 les afficher dans les couloirs et les espaces communs afin de contribuer \u00e0 faire passer le message.<\/p>\n\n\n\n<div class=\"wp-block-buttons is-layout-flex wp-block-buttons-is-layout-flex\">\n<div class=\"wp-block-button\"><a class=\"wp-block-button__link has-midnight-gradient-background has-background has-text-align-center wp-element-button\" href=\"https:\/\/planetyouthnipissing.ca\/wp-content\/uploads\/2026\/03\/2026-Copy-of-FR-Copy-of-Planet-Youth-Student-Senate-Poster.pdf\" target=\"_blank\" rel=\"noreferrer noopener\"><strong>T\u00e9l\u00e9charger les affiches<\/strong> <\/a><\/div>\n<\/div>\n<\/div><\/div><\/div>\n\n\n\n<div class=\"wp-block-kadence-pane kt-accordion-pane kt-accordion-pane-4 kt-pane2250_e931ce-5b\"><div class=\"kt-accordion-header-wrap\"><button class=\"kt-blocks-accordion-header kt-acccordion-button-label-show\" type=\"button\"><span class=\"kt-blocks-accordion-title-wrap\"><span class=\"kt-blocks-accordion-title\">Vid\u00e9os de sensibilisation \u00e0 une enqu\u00eate r\u00e9alis\u00e9es par des jeunes<\/span><\/span><span class=\"kt-blocks-accordion-icon-trigger\"><\/span><\/button><\/div><div class=\"kt-accordion-panel kt-accordion-panel-hidden\"><div class=\"kt-accordion-panel-inner\">\n<p>Plan\u00e8te Jeunesse Nipissing a r\u00e9alis\u00e9 plusieurs courtes vid\u00e9os YouTube qui permettent de comprendre facilement en quoi consiste cette initiative et pourquoi elle est importante pour les \u00e9l\u00e8ves. En partageant ces vid\u00e9os avec vos classes avant la prochaine enqu\u00eate, vous aiderez les \u00e9l\u00e8ves \u00e0 saisir son objectif et \u00e0 comprendre en quoi leur participation contribue \u00e0 cr\u00e9er un environnement scolaire plus sain.<\/p>\n\n\n\n<div class=\"wp-block-buttons is-layout-flex wp-block-buttons-is-layout-flex\">\n<div class=\"wp-block-button\"><a class=\"wp-block-button__link has-midnight-gradient-background has-background wp-element-button\" href=\"https:\/\/www.youtube.com\/playlist?list=PLrF4BFfyDf5hsdt7jQxfBGfj5ZdlPFmr0\"><strong>Teen Talk:  PYN Survey 2026 &#8211; YouTube<\/strong><\/a><\/div>\n<\/div>\n<\/div><\/div><\/div>\n<\/div><\/div><\/div>\n<\/div><\/div>\n\n\n\n<h2 class=\"wp-block-heading\">Besoin d'aide suppl\u00e9mentaire?<\/h2>\n\n\n\n<p>Si vous avez des questions ou besoin d'aide, nous sommes l\u00e0 pour vous aider.<br>Communiquez avec nous \u00e0 l\u2019adresse suivante : <strong><a href=\"mailto:planetyouthnipissing@healthunit.ca\" target=\"_blank\" rel=\"noopener\" title=\"\">planetyouth@healthunit.ca<\/a><\/strong><\/p>\n\n\n\n<p><\/p>","protected":false},"excerpt":{"rendered":"<p>Planet Youth Nipissing Survey Spring 2026 \u2013 Resource Page Thank you for helping facilitate the upcoming Student Survey. Here you\u2019ll find resources to help you feel confident with the survey format, implement the survey, prepare your students, and administer it &hellip; <a class=\"kt-excerpt-readmore more-link\" href=\"https:\/\/planetyouthnipissing.ca\/fr\/resources\/survey-resources\/\" aria-label=\"Ressources pour les enqu\u00eates\">En savoir plus<\/a><\/p>","protected":false},"author":3,"featured_media":950,"parent":24,"menu_order":0,"comment_status":"closed","ping_status":"closed","template":"","meta":{"kt_blocks_editor_width":"","footnotes":""},"class_list":["post-2250","page","type-page","status-publish","has-post-thumbnail","hentry"],"aioseo_notices":[],"rttpg_featured_image_url":{"full":["https:\/\/planetyouthnipissing.ca\/wp-content\/uploads\/2024\/10\/survey-findings-banner.png",1920,500,false],"landscape":["https:\/\/planetyouthnipissing.ca\/wp-content\/uploads\/2024\/10\/survey-findings-banner.png",1920,500,false],"portraits":["https:\/\/planetyouthnipissing.ca\/wp-content\/uploads\/2024\/10\/survey-findings-banner.png",1920,500,false],"thumbnail":["https:\/\/planetyouthnipissing.ca\/wp-content\/uploads\/2024\/10\/survey-findings-banner-150x150.png",150,150,true],"medium":["https:\/\/planetyouthnipissing.ca\/wp-content\/uploads\/2024\/10\/survey-findings-banner-300x78.png",300,78,true],"large":["https:\/\/planetyouthnipissing.ca\/wp-content\/uploads\/2024\/10\/survey-findings-banner-1024x267.png",1024,267,true],"1536x1536":["https:\/\/planetyouthnipissing.ca\/wp-content\/uploads\/2024\/10\/survey-findings-banner-1536x400.png",1536,400,true],"2048x2048":["https:\/\/planetyouthnipissing.ca\/wp-content\/uploads\/2024\/10\/survey-findings-banner.png",1920,500,false],"trp-custom-language-flag":["https:\/\/planetyouthnipissing.ca\/wp-content\/uploads\/2024\/10\/survey-findings-banner-18x5.png",18,5,true],"sow-carousel-default":["https:\/\/planetyouthnipissing.ca\/wp-content\/uploads\/2024\/10\/survey-findings-banner-272x182.png",272,182,true],"sow-blog-portfolio":["https:\/\/planetyouthnipissing.ca\/wp-content\/uploads\/2024\/10\/survey-findings-banner-375x375.png",375,375,true],"sow-blog-grid":["https:\/\/planetyouthnipissing.ca\/wp-content\/uploads\/2024\/10\/survey-findings-banner-720x480.png",720,480,true],"sow-blog-alternate":["https:\/\/planetyouthnipissing.ca\/wp-content\/uploads\/2024\/10\/survey-findings-banner-950x500.png",950,500,true]},"rttpg_author":{"display_name":"jayme burke","author_link":"https:\/\/planetyouthnipissing.ca\/fr\/author\/jayme-burke\/"},"rttpg_comment":0,"rttpg_category":null,"rttpg_excerpt":"Planet Youth Nipissing Survey Spring 2026 \u2013 Resource Page Thank you for helping facilitate the upcoming Student Survey. Here you\u2019ll find resources to help you feel confident with the survey format, implement the survey, prepare your students, and administer it &hellip; Read More","_links":{"self":[{"href":"https:\/\/planetyouthnipissing.ca\/fr\/wp-json\/wp\/v2\/pages\/2250","targetHints":{"allow":["GET"]}}],"collection":[{"href":"https:\/\/planetyouthnipissing.ca\/fr\/wp-json\/wp\/v2\/pages"}],"about":[{"href":"https:\/\/planetyouthnipissing.ca\/fr\/wp-json\/wp\/v2\/types\/page"}],"author":[{"embeddable":true,"href":"https:\/\/planetyouthnipissing.ca\/fr\/wp-json\/wp\/v2\/users\/3"}],"replies":[{"embeddable":true,"href":"https:\/\/planetyouthnipissing.ca\/fr\/wp-json\/wp\/v2\/comments?post=2250"}],"version-history":[{"count":21,"href":"https:\/\/planetyouthnipissing.ca\/fr\/wp-json\/wp\/v2\/pages\/2250\/revisions"}],"predecessor-version":[{"id":2286,"href":"https:\/\/planetyouthnipissing.ca\/fr\/wp-json\/wp\/v2\/pages\/2250\/revisions\/2286"}],"up":[{"embeddable":true,"href":"https:\/\/planetyouthnipissing.ca\/fr\/wp-json\/wp\/v2\/pages\/24"}],"wp:featuredmedia":[{"embeddable":true,"href":"https:\/\/planetyouthnipissing.ca\/fr\/wp-json\/wp\/v2\/media\/950"}],"wp:attachment":[{"href":"https:\/\/planetyouthnipissing.ca\/fr\/wp-json\/wp\/v2\/media?parent=2250"}],"curies":[{"name":"wp","href":"https:\/\/api.w.org\/{rel}","templated":true}]}}