{"id":2290,"date":"2026-04-10T08:57:48","date_gmt":"2026-04-10T12:57:48","guid":{"rendered":"https:\/\/planetyouthnipissing.ca\/?page_id=2290"},"modified":"2026-04-14T15:31:45","modified_gmt":"2026-04-14T19:31:45","slug":"sticker-design-contest-winners","status":"publish","type":"page","link":"https:\/\/planetyouthnipissing.ca\/fr\/get-involved\/sticker-design-contest-winners\/","title":{"rendered":"Sticker Design Contest Winners"},"content":{"rendered":"<p>Nous sommes ravis de vous pr\u00e9senter les cr\u00e9ations gagnantes de notre Concours de cr\u00e9ation d\u2019autocollants, r\u00e9alis\u00e9es par de talentueux jeunes de la r\u00e9gion de Nipissing. Chaque cr\u00e9ation refl\u00e8te la vision personnelle de l\u2019artiste sur le th\u00e8me :<b>\u00ab Qu\u2019est-ce qui compte&nbsp;<\/b><b>pour vous ?<\/b>\u00bb<\/p>\n\n\n\n<p>La r\u00e9ponse \u00e0 ce concours a \u00e9t\u00e9 incroyable. Face \u00e0 tant de candidatures de qualit\u00e9, nous avons augment\u00e9 le nombre de laur\u00e9ats de 10 \u00e0 15 cr\u00e9ations, toutes s\u00e9lectionn\u00e9es par un jury compos\u00e9 de jeunes qui a soigneusement examin\u00e9 chaque proposition.<\/p>\n\n\n\n<p>Ces autocollants sont amusants, porteurs de sens et con\u00e7us pour durer. Des exemplaires imprim\u00e9s gratuits sont distribu\u00e9s par des organisations communautaires dans tout le district. Ces autocollants rappellent que la voix des jeunes compte et m\u00e9rite d\u2019\u00eatre vue et entendue.<\/p>\n\n\n\n<p>Un immense merci \u00e0 tous ceux qui ont particip\u00e9 au concours. Nous avons \u00e9t\u00e9 impressionn\u00e9s par la r\u00e9flexion, le talent et la cr\u00e9ativit\u00e9 dont chaque proposition faisait preuve.<\/p>\n\n\n\n<h2 class=\"wp-block-heading\">Tranche d'\u00e2ge des jeunes : 11-14 ans<\/h2>\n\n\n\n<div class=\"wp-block-columns is-layout-flex wp-container-core-columns-is-layout-9d6595d7 wp-block-columns-is-layout-flex\">\n<div class=\"wp-block-column is-layout-flow wp-block-column-is-layout-flow\" style=\"flex-basis:100%\">\n<div class=\"wp-block-group is-layout-grid wp-container-core-group-is-layout-9649a0d9 wp-block-group-is-layout-grid\">\n<figure class=\"wp-block-image\"><img fetchpriority=\"high\" decoding=\"async\" width=\"576\" height=\"634\" src=\"https:\/\/planetyouthnipissing.ca\/wp-content\/uploads\/2026\/04\/Alena-1.png\" alt=\"\" class=\"wp-image-2347\" srcset=\"https:\/\/planetyouthnipissing.ca\/wp-content\/uploads\/2026\/04\/Alena-1.png 576w, https:\/\/planetyouthnipissing.ca\/wp-content\/uploads\/2026\/04\/Alena-1-273x300.png 273w, https:\/\/planetyouthnipissing.ca\/wp-content\/uploads\/2026\/04\/Alena-1-11x12.png 11w\" sizes=\"(max-width: 576px) 100vw, 576px\" \/><\/figure>\n\n\n\n<figure class=\"wp-block-image\"><img decoding=\"async\" width=\"576\" height=\"634\" src=\"https:\/\/planetyouthnipissing.ca\/wp-content\/uploads\/2026\/04\/Alexia-1.png\" alt=\"\" class=\"wp-image-2360\" srcset=\"https:\/\/planetyouthnipissing.ca\/wp-content\/uploads\/2026\/04\/Alexia-1.png 576w, https:\/\/planetyouthnipissing.ca\/wp-content\/uploads\/2026\/04\/Alexia-1-273x300.png 273w, https:\/\/planetyouthnipissing.ca\/wp-content\/uploads\/2026\/04\/Alexia-1-11x12.png 11w\" sizes=\"(max-width: 576px) 100vw, 576px\" \/><\/figure>\n\n\n\n<figure class=\"wp-block-image\"><img decoding=\"async\" width=\"576\" height=\"630\" src=\"https:\/\/planetyouthnipissing.ca\/wp-content\/uploads\/2026\/04\/Elliott-1.png\" alt=\"\" class=\"wp-image-2351\" srcset=\"https:\/\/planetyouthnipissing.ca\/wp-content\/uploads\/2026\/04\/Elliott-1.png 576w, https:\/\/planetyouthnipissing.ca\/wp-content\/uploads\/2026\/04\/Elliott-1-274x300.png 274w, https:\/\/planetyouthnipissing.ca\/wp-content\/uploads\/2026\/04\/Elliott-1-11x12.png 11w\" sizes=\"(max-width: 576px) 100vw, 576px\" \/><\/figure>\n\n\n\n<figure class=\"wp-block-image\"><img loading=\"lazy\" decoding=\"async\" width=\"576\" height=\"629\" src=\"https:\/\/planetyouthnipissing.ca\/wp-content\/uploads\/2026\/04\/Emma-1.png\" alt=\"\" class=\"wp-image-2357\" srcset=\"https:\/\/planetyouthnipissing.ca\/wp-content\/uploads\/2026\/04\/Emma-1.png 576w, https:\/\/planetyouthnipissing.ca\/wp-content\/uploads\/2026\/04\/Emma-1-275x300.png 275w, https:\/\/planetyouthnipissing.ca\/wp-content\/uploads\/2026\/04\/Emma-1-11x12.png 11w\" sizes=\"(max-width: 576px) 100vw, 576px\" \/><\/figure>\n\n\n\n<figure class=\"wp-block-image\"><img loading=\"lazy\" decoding=\"async\" width=\"576\" height=\"627\" src=\"https:\/\/planetyouthnipissing.ca\/wp-content\/uploads\/2026\/04\/Heidi-1.png\" alt=\"\" class=\"wp-image-2350\" srcset=\"https:\/\/planetyouthnipissing.ca\/wp-content\/uploads\/2026\/04\/Heidi-1.png 576w, https:\/\/planetyouthnipissing.ca\/wp-content\/uploads\/2026\/04\/Heidi-1-276x300.png 276w, https:\/\/planetyouthnipissing.ca\/wp-content\/uploads\/2026\/04\/Heidi-1-11x12.png 11w\" sizes=\"(max-width: 576px) 100vw, 576px\" \/><\/figure>\n\n\n\n<figure class=\"wp-block-image\"><img loading=\"lazy\" decoding=\"async\" width=\"576\" height=\"634\" src=\"https:\/\/planetyouthnipissing.ca\/wp-content\/uploads\/2026\/04\/Isabella-1.png\" alt=\"\" class=\"wp-image-2358\" srcset=\"https:\/\/planetyouthnipissing.ca\/wp-content\/uploads\/2026\/04\/Isabella-1.png 576w, https:\/\/planetyouthnipissing.ca\/wp-content\/uploads\/2026\/04\/Isabella-1-273x300.png 273w, https:\/\/planetyouthnipissing.ca\/wp-content\/uploads\/2026\/04\/Isabella-1-11x12.png 11w\" sizes=\"(max-width: 576px) 100vw, 576px\" \/><\/figure>\n\n\n\n<figure class=\"wp-block-image\"><img loading=\"lazy\" decoding=\"async\" width=\"576\" height=\"631\" src=\"https:\/\/planetyouthnipissing.ca\/wp-content\/uploads\/2026\/04\/Kiera-1.png\" alt=\"\" class=\"wp-image-2355\" srcset=\"https:\/\/planetyouthnipissing.ca\/wp-content\/uploads\/2026\/04\/Kiera-1.png 576w, https:\/\/planetyouthnipissing.ca\/wp-content\/uploads\/2026\/04\/Kiera-1-274x300.png 274w, https:\/\/planetyouthnipissing.ca\/wp-content\/uploads\/2026\/04\/Kiera-1-11x12.png 11w\" sizes=\"(max-width: 576px) 100vw, 576px\" \/><\/figure>\n\n\n\n<figure class=\"wp-block-image\"><img loading=\"lazy\" decoding=\"async\" width=\"576\" height=\"632\" src=\"https:\/\/planetyouthnipissing.ca\/wp-content\/uploads\/2026\/04\/Yessica-1.png\" alt=\"\" class=\"wp-image-2354\" srcset=\"https:\/\/planetyouthnipissing.ca\/wp-content\/uploads\/2026\/04\/Yessica-1.png 576w, https:\/\/planetyouthnipissing.ca\/wp-content\/uploads\/2026\/04\/Yessica-1-273x300.png 273w, https:\/\/planetyouthnipissing.ca\/wp-content\/uploads\/2026\/04\/Yessica-1-11x12.png 11w\" sizes=\"(max-width: 576px) 100vw, 576px\" \/><\/figure>\n<\/div>\n<\/div>\n<\/div>\n\n\n\n<p><\/p>\n\n\n\n<h2 class=\"wp-block-heading\">Tranche d'\u00e2ge des jeunes : 15-19 ans<\/h2>\n\n\n\n<p><em>Veuillez noter que certains participants souhaitent rester anonymes.<\/em><\/p>\n\n\n\n<div class=\"wp-block-group is-layout-grid wp-container-core-group-is-layout-9649a0d9 wp-block-group-is-layout-grid\">\n<figure class=\"wp-block-image\"><img loading=\"lazy\" decoding=\"async\" width=\"576\" height=\"576\" src=\"https:\/\/planetyouthnipissing.ca\/wp-content\/uploads\/2026\/04\/Anonymous-1.png\" alt=\"\" class=\"wp-image-2356\" srcset=\"https:\/\/planetyouthnipissing.ca\/wp-content\/uploads\/2026\/04\/Anonymous-1.png 576w, https:\/\/planetyouthnipissing.ca\/wp-content\/uploads\/2026\/04\/Anonymous-1-300x300.png 300w, https:\/\/planetyouthnipissing.ca\/wp-content\/uploads\/2026\/04\/Anonymous-1-150x150.png 150w, https:\/\/planetyouthnipissing.ca\/wp-content\/uploads\/2026\/04\/Anonymous-1-12x12.png 12w, https:\/\/planetyouthnipissing.ca\/wp-content\/uploads\/2026\/04\/Anonymous-1-375x375.png 375w\" sizes=\"(max-width: 576px) 100vw, 576px\" \/><\/figure>\n\n\n\n<figure class=\"wp-block-image\"><img loading=\"lazy\" decoding=\"async\" width=\"576\" height=\"567\" src=\"https:\/\/planetyouthnipissing.ca\/wp-content\/uploads\/2026\/04\/Anonymous2-1.png\" alt=\"\" class=\"wp-image-2348\" srcset=\"https:\/\/planetyouthnipissing.ca\/wp-content\/uploads\/2026\/04\/Anonymous2-1.png 576w, https:\/\/planetyouthnipissing.ca\/wp-content\/uploads\/2026\/04\/Anonymous2-1-300x295.png 300w, https:\/\/planetyouthnipissing.ca\/wp-content\/uploads\/2026\/04\/Anonymous2-1-12x12.png 12w\" sizes=\"(max-width: 576px) 100vw, 576px\" \/><\/figure>\n\n\n\n<figure class=\"wp-block-image\"><img loading=\"lazy\" decoding=\"async\" width=\"576\" height=\"634\" src=\"https:\/\/planetyouthnipissing.ca\/wp-content\/uploads\/2026\/04\/Emilie-1.png\" alt=\"\" class=\"wp-image-2346\" srcset=\"https:\/\/planetyouthnipissing.ca\/wp-content\/uploads\/2026\/04\/Emilie-1.png 576w, https:\/\/planetyouthnipissing.ca\/wp-content\/uploads\/2026\/04\/Emilie-1-273x300.png 273w, https:\/\/planetyouthnipissing.ca\/wp-content\/uploads\/2026\/04\/Emilie-1-11x12.png 11w\" sizes=\"(max-width: 576px) 100vw, 576px\" \/><\/figure>\n\n\n\n<figure class=\"wp-block-image\"><img loading=\"lazy\" decoding=\"async\" width=\"576\" height=\"638\" src=\"https:\/\/planetyouthnipissing.ca\/wp-content\/uploads\/2026\/04\/Jayden-1.png\" alt=\"\" class=\"wp-image-2352\" srcset=\"https:\/\/planetyouthnipissing.ca\/wp-content\/uploads\/2026\/04\/Jayden-1.png 576w, https:\/\/planetyouthnipissing.ca\/wp-content\/uploads\/2026\/04\/Jayden-1-271x300.png 271w, https:\/\/planetyouthnipissing.ca\/wp-content\/uploads\/2026\/04\/Jayden-1-11x12.png 11w\" sizes=\"(max-width: 576px) 100vw, 576px\" \/><\/figure>\n\n\n\n<figure class=\"wp-block-image\"><img loading=\"lazy\" decoding=\"async\" width=\"576\" height=\"629\" src=\"https:\/\/planetyouthnipissing.ca\/wp-content\/uploads\/2026\/04\/Makayla-1.png\" alt=\"\" class=\"wp-image-2353\" srcset=\"https:\/\/planetyouthnipissing.ca\/wp-content\/uploads\/2026\/04\/Makayla-1.png 576w, https:\/\/planetyouthnipissing.ca\/wp-content\/uploads\/2026\/04\/Makayla-1-275x300.png 275w, https:\/\/planetyouthnipissing.ca\/wp-content\/uploads\/2026\/04\/Makayla-1-11x12.png 11w\" sizes=\"(max-width: 576px) 100vw, 576px\" \/><\/figure>\n\n\n\n<figure class=\"wp-block-image\"><img loading=\"lazy\" decoding=\"async\" width=\"576\" height=\"631\" src=\"https:\/\/planetyouthnipissing.ca\/wp-content\/uploads\/2026\/04\/Noah-1.png\" alt=\"\" class=\"wp-image-2349\" srcset=\"https:\/\/planetyouthnipissing.ca\/wp-content\/uploads\/2026\/04\/Noah-1.png 576w, https:\/\/planetyouthnipissing.ca\/wp-content\/uploads\/2026\/04\/Noah-1-274x300.png 274w, https:\/\/planetyouthnipissing.ca\/wp-content\/uploads\/2026\/04\/Noah-1-11x12.png 11w\" sizes=\"(max-width: 576px) 100vw, 576px\" \/><\/figure>\n\n\n\n<figure class=\"wp-block-image\"><img loading=\"lazy\" decoding=\"async\" width=\"576\" height=\"634\" src=\"https:\/\/planetyouthnipissing.ca\/wp-content\/uploads\/2026\/04\/Seth-1.png\" alt=\"\" class=\"wp-image-2359\" srcset=\"https:\/\/planetyouthnipissing.ca\/wp-content\/uploads\/2026\/04\/Seth-1.png 576w, https:\/\/planetyouthnipissing.ca\/wp-content\/uploads\/2026\/04\/Seth-1-273x300.png 273w, https:\/\/planetyouthnipissing.ca\/wp-content\/uploads\/2026\/04\/Seth-1-11x12.png 11w\" sizes=\"(max-width: 576px) 100vw, 576px\" \/><\/figure>\n<\/div>\n\n\n\n<p><\/p>\n\n\n\n<p>If you are a community-serving organization who wishes to distribute these stickers for free at your location, please fill out <strong><mark style=\"background-color:rgba(0, 0, 0, 0);color:#ffffff\" class=\"has-inline-color\"><a href=\"https:\/\/can01.safelinks.protection.outlook.com\/?url=https%3A%2F%2Fforms.office.com%2FPages%2FResponsePage.aspx%3Fid%3DmE3kg1hw5UG4C66qjCRX56D6rj1pj-JEoPtsIVnTtnhUQkRGMVVaRjVWQTlVUEJCTU9QSkpQTkxNNy4u&amp;data=05%7C02%7Cjayme.burke%40healthunit.ca%7Cbb62c9d974324a46487a08de9a55c7ff%7C83e44d98705841e5b80baeaa8c2457e7%7C0%7C0%7C639117890386091641%7CUnknown%7CTWFpbGZsb3d8eyJFbXB0eU1hcGkiOnRydWUsIlYiOiIwLjAuMDAwMCIsIlAiOiJXaW4zMiIsIkFOIjoiTWFpbCIsIldUIjoyfQ%3D%3D%7C0%7C%7C%7C&amp;sdata=Jmo4lQ5U30kqZMSdDqewxjCehkC%2BhyyVZdz5MY%2BUTnw%3D&amp;reserved=0\" target=\"_blank\" rel=\"noopener\" title=\"\">this form<\/a>.<\/mark><\/strong><\/p>\n\n\n\n<p><\/p>","protected":false},"excerpt":{"rendered":"<p>We\u2019re excited to share the winning designs from our Sticker Design Contest, created by talented local&nbsp;youth from across Nipissing. Each design shows the artist\u2019s own take on the theme: \u201cWhat matters to&nbsp;you?\u201d The response to this contest was incredible. With &hellip; <a class=\"kt-excerpt-readmore more-link\" href=\"https:\/\/planetyouthnipissing.ca\/fr\/get-involved\/sticker-design-contest-winners\/\" aria-label=\"Sticker Design Contest Winners\">En savoir plus<\/a><\/p>","protected":false},"author":3,"featured_media":0,"parent":539,"menu_order":0,"comment_status":"closed","ping_status":"closed","template":"","meta":{"kt_blocks_editor_width":"","footnotes":""},"class_list":["post-2290","page","type-page","status-publish","hentry"],"aioseo_notices":[],"rttpg_featured_image_url":null,"rttpg_author":{"display_name":"jayme burke","author_link":"https:\/\/planetyouthnipissing.ca\/fr\/author\/jayme-burke\/"},"rttpg_comment":0,"rttpg_category":null,"rttpg_excerpt":"We\u2019re excited to share the winning designs from our Sticker Design Contest, created by talented local&nbsp;youth from across Nipissing. Each design shows the artist\u2019s own take on the theme: \u201cWhat matters to&nbsp;you?\u201d The response to this contest was incredible. With &hellip; Read More","_links":{"self":[{"href":"https:\/\/planetyouthnipissing.ca\/fr\/wp-json\/wp\/v2\/pages\/2290","targetHints":{"allow":["GET"]}}],"collection":[{"href":"https:\/\/planetyouthnipissing.ca\/fr\/wp-json\/wp\/v2\/pages"}],"about":[{"href":"https:\/\/planetyouthnipissing.ca\/fr\/wp-json\/wp\/v2\/types\/page"}],"author":[{"embeddable":true,"href":"https:\/\/planetyouthnipissing.ca\/fr\/wp-json\/wp\/v2\/users\/3"}],"replies":[{"embeddable":true,"href":"https:\/\/planetyouthnipissing.ca\/fr\/wp-json\/wp\/v2\/comments?post=2290"}],"version-history":[{"count":21,"href":"https:\/\/planetyouthnipissing.ca\/fr\/wp-json\/wp\/v2\/pages\/2290\/revisions"}],"predecessor-version":[{"id":2375,"href":"https:\/\/planetyouthnipissing.ca\/fr\/wp-json\/wp\/v2\/pages\/2290\/revisions\/2375"}],"up":[{"embeddable":true,"href":"https:\/\/planetyouthnipissing.ca\/fr\/wp-json\/wp\/v2\/pages\/539"}],"wp:attachment":[{"href":"https:\/\/planetyouthnipissing.ca\/fr\/wp-json\/wp\/v2\/media?parent=2290"}],"curies":[{"name":"wp","href":"https:\/\/api.w.org\/{rel}","templated":true}]}}