{"id":2362,"date":"2026-04-10T11:48:44","date_gmt":"2026-04-10T15:48:44","guid":{"rendered":"https:\/\/planetyouthnipissing.ca\/?page_id=2362"},"modified":"2026-04-10T11:48:45","modified_gmt":"2026-04-10T15:48:45","slug":"mental-health-resources","status":"publish","type":"page","link":"https:\/\/planetyouthnipissing.ca\/fr\/mental-health-resources\/","title":{"rendered":"Mental Health Resources"},"content":{"rendered":"<p>Si une question de ce questionnaire suscite chez toi des \u00e9motions fortes, n'h\u00e9site pas \u00e0 demander de l'aide. Parlez-en \u00e0 un adulte bienveillant \u00e0 l'\u00e9cole, ou rendez-vous dans l'un des Parle \u00e0 un adulte bienveillant \u00e0 l'\u00e9cole ou consulte l'une des ressources ci-dessous<\/p>\n<ul>\n<li>Kids Help Phone <a href=\"https:\/\/can01.safelinks.protection.outlook.com\/?url=http%3A%2F%2Fkidshelpphone.ca%2F&amp;data=05%7C02%7Cjayme.burke%40healthunit.ca%7C438f66a598ea496b860f08de970cae82%7C83e44d98705841e5b80baeaa8c2457e7%7C0%7C0%7C639114277900800097%7CUnknown%7CTWFpbGZsb3d8eyJFbXB0eU1hcGkiOnRydWUsIlYiOiIwLjAuMDAwMCIsIlAiOiJXaW4zMiIsIkFOIjoiTWFpbCIsIldUIjoyfQ%3D%3D%7C0%7C%7C%7C&amp;sdata=HiqtupRXhvomp3iGYJpAdzaRbdSCmduqMqiMnMZaPvU%3D&amp;reserved=0\">https:\/\/kidshelpphone.ca\/<\/a><\/li>\n<li>Ligne d'\u00e9coute \u00ab Hope for Wellness \u00bb pour les peuples autochtones : <a href=\"https:\/\/can01.safelinks.protection.outlook.com\/?url=http%3A%2F%2Fwww.hopeforwellness.ca%2F&amp;data=05%7C02%7Cjayme.burke%40healthunit.ca%7C438f66a598ea496b860f08de970cae82%7C83e44d98705841e5b80baeaa8c2457e7%7C0%7C0%7C639114277900820506%7CUnknown%7CTWFpbGZsb3d8eyJFbXB0eU1hcGkiOnRydWUsIlYiOiIwLjAuMDAwMCIsIlAiOiJXaW4zMiIsIkFOIjoiTWFpbCIsIldUIjoyfQ%3D%3D%7C0%7C%7C%7C&amp;sdata=NlndK5xn8QsgS2AZ%2BcrkvH0mxOwK3tBvfEXryI%2BCJ9I%3D&amp;reserved=0\">https:\/\/www.hopeforwellness.ca\/<\/a><\/li>\n<li>Ligne d'\u00e9coute pour les jeunes LGBT : <a href=\"https:\/\/can01.safelinks.protection.outlook.com\/?url=http%3A%2F%2Fwww.youthline.ca%2F&amp;data=05%7C02%7Cjayme.burke%40healthunit.ca%7C438f66a598ea496b860f08de970cae82%7C83e44d98705841e5b80baeaa8c2457e7%7C0%7C0%7C639114277900855239%7CUnknown%7CTWFpbGZsb3d8eyJFbXB0eU1hcGkiOnRydWUsIlYiOiIwLjAuMDAwMCIsIlAiOiJXaW4zMiIsIkFOIjoiTWFpbCIsIldUIjoyfQ%3D%3D%7C0%7C%7C%7C&amp;sdata=%2B0w6Y5LFT55o4H5ssy4BxubcrExEkQyZN7g3vFd7dYY%3D&amp;reserved=0\">https:\/\/www.youthline.ca\/<\/a><\/li>\n<li>Ligne d'\u00e9coute pour les jeunes Noirs <a href=\"https:\/\/can01.safelinks.protection.outlook.com\/?url=https%3A%2F%2Fblackyouth.ca%2F&amp;data=05%7C02%7Cjayme.burke%40healthunit.ca%7C438f66a598ea496b860f08de970cae82%7C83e44d98705841e5b80baeaa8c2457e7%7C0%7C0%7C639114277900872988%7CUnknown%7CTWFpbGZsb3d8eyJFbXB0eU1hcGkiOnRydWUsIlYiOiIwLjAuMDAwMCIsIlAiOiJXaW4zMiIsIkFOIjoiTWFpbCIsIldUIjoyfQ%3D%3D%7C0%7C%7C%7C&amp;sdata=AuJW8mA032KqHghuYGvI8oQhWofKV%2FoP15gE1MAnB9Y%3D&amp;reserved=0\">https:\/\/blackyouth.ca\/<\/a><\/li>\n<li>Centre national d'information sur les troubles alimentaires : <a href=\"https:\/\/can01.safelinks.protection.outlook.com\/?url=https%3A%2F%2Fnedic.ca%2Fcontact%2F&amp;data=05%7C02%7Cjayme.burke%40healthunit.ca%7C438f66a598ea496b860f08de970cae82%7C83e44d98705841e5b80baeaa8c2457e7%7C0%7C0%7C639114277900891875%7CUnknown%7CTWFpbGZsb3d8eyJFbXB0eU1hcGkiOnRydWUsIlYiOiIwLjAuMDAwMCIsIlAiOiJXaW4zMiIsIkFOIjoiTWFpbCIsIldUIjoyfQ%3D%3D%7C0%7C%7C%7C&amp;sdata=LoosNC3S0QrkWCYNiXxF4vX8Dg4ql%2B8ZbKyVMWbnJ1E%3D&amp;reserved=0\">https:\/\/nedic.ca\/contact\/<\/a><\/li>\n<\/ul>","protected":false},"excerpt":{"rendered":"<p>If anything in this survey brings up strong feelings, it\u2019s okay to reach out. Talk to a caring adult at school, or visit one of the resources below: Kids Help Phone: https:\/\/kidshelpphone.ca\/ Hope for Wellness Helpline for Indigenous Peoples: https:\/\/www.hopeforwellness.ca\/ &hellip; <a class=\"kt-excerpt-readmore more-link\" href=\"https:\/\/planetyouthnipissing.ca\/fr\/mental-health-resources\/\" aria-label=\"Mental Health Resources\">En savoir plus<\/a><\/p>","protected":false},"author":3,"featured_media":0,"parent":0,"menu_order":0,"comment_status":"closed","ping_status":"closed","template":"","meta":{"kt_blocks_editor_width":"","footnotes":""},"class_list":["post-2362","page","type-page","status-publish","hentry"],"aioseo_notices":[],"rttpg_featured_image_url":null,"rttpg_author":{"display_name":"jayme burke","author_link":"https:\/\/planetyouthnipissing.ca\/fr\/author\/jayme-burke\/"},"rttpg_comment":0,"rttpg_category":null,"rttpg_excerpt":"If anything in this survey brings up strong feelings, it\u2019s okay to reach out. Talk to a caring adult at school, or visit one of the resources below: Kids Help Phone: https:\/\/kidshelpphone.ca\/ Hope for Wellness Helpline for Indigenous Peoples: https:\/\/www.hopeforwellness.ca\/ &hellip; Read More","_links":{"self":[{"href":"https:\/\/planetyouthnipissing.ca\/fr\/wp-json\/wp\/v2\/pages\/2362","targetHints":{"allow":["GET"]}}],"collection":[{"href":"https:\/\/planetyouthnipissing.ca\/fr\/wp-json\/wp\/v2\/pages"}],"about":[{"href":"https:\/\/planetyouthnipissing.ca\/fr\/wp-json\/wp\/v2\/types\/page"}],"author":[{"embeddable":true,"href":"https:\/\/planetyouthnipissing.ca\/fr\/wp-json\/wp\/v2\/users\/3"}],"replies":[{"embeddable":true,"href":"https:\/\/planetyouthnipissing.ca\/fr\/wp-json\/wp\/v2\/comments?post=2362"}],"version-history":[{"count":2,"href":"https:\/\/planetyouthnipissing.ca\/fr\/wp-json\/wp\/v2\/pages\/2362\/revisions"}],"predecessor-version":[{"id":2364,"href":"https:\/\/planetyouthnipissing.ca\/fr\/wp-json\/wp\/v2\/pages\/2362\/revisions\/2364"}],"wp:attachment":[{"href":"https:\/\/planetyouthnipissing.ca\/fr\/wp-json\/wp\/v2\/media?parent=2362"}],"curies":[{"name":"wp","href":"https:\/\/api.w.org\/{rel}","templated":true}]}}