{"id":24,"date":"2024-02-29T16:23:10","date_gmt":"2024-02-29T16:23:10","guid":{"rendered":"https:\/\/timiskamingyouth.ca\/?page_id=24"},"modified":"2025-10-16T10:14:22","modified_gmt":"2025-10-16T14:14:22","slug":"resources","status":"publish","type":"page","link":"https:\/\/planetyouthnipissing.ca\/fr\/resources\/","title":{"rendered":"Ressources"},"content":{"rendered":"<div id=\"pl-24\"  class=\"panel-layout\" ><div id=\"pg-24-0\"  class=\"panel-grid panel-has-style\" ><div class=\"siteorigin-panels-stretch kt-panel-row-stretch panel-row-style panel-row-style-for-24-0\" style=\"opacity: 0;\" data-stretch-type=\"full\" ><div id=\"pgc-24-0-0\"  class=\"panel-grid-cell\" ><div id=\"panel-24-0-0-0\" class=\"so-panel widget widget_kadence_tabs_content_widget kadence_tabs_content_widget panel-first-child panel-last-child\" data-index=\"0\" >        \t<div class=\"kadence-accordion-container\">\n\t\t\t\t\t\t\t\t\t\t\t\t\t<div class=\"panel-group kt-accordion\" id=\"accordionnamewidget-0-0-0\">\n\t\t\t\t\t\t\t\t\t\t\t\t\t\t<div class=\"panel panel-default panel-even\">\n\t\t\t\t\t\t\t\t\t<div class=\"panel-heading\">\n\t\t\t\t\t\t\t\t\t\t<a class=\"accordion-toggle  collapsed\" data-toggle=\"collapse\" data-parent=\"#accordionnamewidget-0-0-0\" href=\"#collapsewidget-0-0-0-kids-help-phone--resources-around-me\">\n\t\t\t\t\t\t\t\t\t\t\t<h5><i class=\"kt-icon-minus\"><\/i><i class=\"kt-icon-plus\"><\/i>Jeunesse, J'\u00e9coute - Ressources autour de moi<\/h5>\n\t\t\t\t\t\t\t\t\t\t<\/a>\n\t\t\t\t\t\t\t\t\t<\/div>\n\t\t\t\t\t\t\t\t\t<div id=\"collapsewidget-0-0-0-kids-help-phone--resources-around-me\" class=\"panel-collapse collapse\">\n\t\t\t\t\t\t\t\t\t\t<div class=\"panel-body postclass\">\n\t\t\t\t\t\t\t\t\t\t\t<div id=\"pl-w68f0fdbe84ab2\"  class=\"panel-layout\" ><div id=\"pg-w68f0fdbe84ab2-0\"  class=\"panel-grid panel-no-style\" ><div id=\"pgc-w68f0fdbe84ab2-0-0\"  class=\"panel-grid-cell\" ><div id=\"panel-w68f0fdbe84ab2-0-0-0\" class=\"so-panel widget widget_text panel-first-child panel-last-child\" data-index=\"0\" ><div class=\"panel-widget-style panel-widget-style-for-w68f0fdbe84ab2-0-0-0\" >\t\t\t<div class=\"textwidget\"><p><strong><a href=\"https:\/\/jeunessejecoute.ca\/ressources-autour-de-moi\" target=\"_blank\" rel=\"noopener\">Ressources autour de moi<\/a> <\/strong>vous aide \u00e0 trouver des ressources et des services \u00e0 proximit\u00e9, tels que des services de conseil et de sant\u00e9 mentale, de sant\u00e9 sexuelle, de logement, d'aide juridique, d'aide \u00e0 l'emploi, etc.<\/p>\n<p>Cet outil est une base de donn\u00e9es de ressources v\u00e9rifi\u00e9es et une carte interactive de Jeunesse, J'\u00e9coute.<\/p>\n<\/div>\n\t\t<\/div><\/div><\/div><\/div><\/div>\t\t\t\t\t\t\t\t\t\t<\/div>\n\t\t\t\t\t\t\t\t\t<\/div>\n\t\t\t\t\t\t\t\t<\/div>\n\t\t\t\t\t\t\t\t\t\t\t\t\t\t<div class=\"panel panel-default panel-odd\">\n\t\t\t\t\t\t\t\t\t<div class=\"panel-heading\">\n\t\t\t\t\t\t\t\t\t\t<a class=\"accordion-toggle  collapsed\" data-toggle=\"collapse\" data-parent=\"#accordionnamewidget-0-0-0\" href=\"#collapsewidget-0-0-0-drug-free-kids-canada\">\n\t\t\t\t\t\t\t\t\t\t\t<h5><i class=\"kt-icon-minus\"><\/i><i class=\"kt-icon-plus\"><\/i>Jeunesse Sans Drogue Canada<\/h5>\n\t\t\t\t\t\t\t\t\t\t<\/a>\n\t\t\t\t\t\t\t\t\t<\/div>\n\t\t\t\t\t\t\t\t\t<div id=\"collapsewidget-0-0-0-drug-free-kids-canada\" class=\"panel-collapse collapse\">\n\t\t\t\t\t\t\t\t\t\t<div class=\"panel-body postclass\">\n\t\t\t\t\t\t\t\t\t\t\t<div id=\"pl-w68f0fdbe84ab5\"  class=\"panel-layout\" ><div id=\"pg-w68f0fdbe84ab5-0\"  class=\"panel-grid panel-no-style\" ><div id=\"pgc-w68f0fdbe84ab5-0-0\"  class=\"panel-grid-cell\" ><div id=\"panel-w68f0fdbe84ab5-0-0-0\" class=\"so-panel widget widget_text panel-first-child panel-last-child\" data-index=\"0\" ><div class=\"panel-widget-style panel-widget-style-for-w68f0fdbe84ab5-0-0-0\" >\t\t\t<div class=\"textwidget\"><p><strong><a href=\"https:\/\/www.jeunessesansdroguecanada.org\/\" target=\"_blank\" rel=\"noopener\">Jeunesse Sans Drogue Canada<\/a> <\/strong>fournit des informations, des ressources, des outils et un soutien fond\u00e9s sur des donn\u00e9es probantes concernant la consommation de substances par les jeunes, \u00e0 l'intention des parents, des tuteurs.ices, des aidants naturels, du personnel enseignant, et des professionnels de la sant\u00e9.<\/p>\n<p class=\"translation-block\"><strong><a href=\"https:\/\/www.jeunessesansdroguecanada.org\/soutien\/supporthub\/\" target=\"_blank\" rel=\"noopener\">ClicParents<\/a><\/strong> est une ligne t\u00e9l\u00e9phonique gratuite, accessible 24 heures sur 24 et 7 jours sur 7, qui soutient les parents et tuteurs.ices en leur fournissant des conseils et des services de consultation \u00e0 court terme.<\/p>\n<\/div>\n\t\t<\/div><\/div><\/div><\/div><\/div>\t\t\t\t\t\t\t\t\t\t<\/div>\n\t\t\t\t\t\t\t\t\t<\/div>\n\t\t\t\t\t\t\t\t<\/div>\n\t\t\t\t\t\t\t\t\t\t\t\t\t\t<div class=\"panel panel-default panel-even\">\n\t\t\t\t\t\t\t\t\t<div class=\"panel-heading\">\n\t\t\t\t\t\t\t\t\t\t<a class=\"accordion-toggle  collapsed\" data-toggle=\"collapse\" data-parent=\"#accordionnamewidget-0-0-0\" href=\"#collapsewidget-0-0-0-one-stop-talk\">\n\t\t\t\t\t\t\t\t\t\t\t<h5><i class=\"kt-icon-minus\"><\/i><i class=\"kt-icon-plus\"><\/i>Parlons maintenant<\/h5>\n\t\t\t\t\t\t\t\t\t\t<\/a>\n\t\t\t\t\t\t\t\t\t<\/div>\n\t\t\t\t\t\t\t\t\t<div id=\"collapsewidget-0-0-0-one-stop-talk\" class=\"panel-collapse collapse\">\n\t\t\t\t\t\t\t\t\t\t<div class=\"panel-body postclass\">\n\t\t\t\t\t\t\t\t\t\t\t<div id=\"pl-w68f0fdbe84ab6\"  class=\"panel-layout\" ><div id=\"pg-w68f0fdbe84ab6-0\"  class=\"panel-grid panel-no-style\" ><div id=\"pgc-w68f0fdbe84ab6-0-0\"  class=\"panel-grid-cell\" ><div id=\"panel-w68f0fdbe84ab6-0-0-0\" class=\"so-panel widget widget_text panel-first-child panel-last-child\" data-index=\"0\" ><div class=\"panel-widget-style panel-widget-style-for-w68f0fdbe84ab6-0-0-0\" >\t\t\t<div class=\"textwidget\"><p><a href=\"https:\/\/onestoptalk.ca\/fr\/\" target=\"_blank\" rel=\"noopener\"><strong>Parlons maintenant<\/strong><\/a> est un service gratuit, virtuel et confidentiel qui offre aux enfants et aux jeunes de moins de 18 ans un soutien imm\u00e9diat en mati\u00e8re de sant\u00e9 mentale de la part d'un th\u00e9rapeute agr\u00e9\u00e9.<\/p>\n<\/div>\n\t\t<\/div><\/div><\/div><\/div><\/div>\t\t\t\t\t\t\t\t\t\t<\/div>\n\t\t\t\t\t\t\t\t\t<\/div>\n\t\t\t\t\t\t\t\t<\/div>\n\t\t\t\t\t\t\t\t\t\t\t\t\t\t<div class=\"panel panel-default panel-odd\">\n\t\t\t\t\t\t\t\t\t<div class=\"panel-heading\">\n\t\t\t\t\t\t\t\t\t\t<a class=\"accordion-toggle  collapsed\" data-toggle=\"collapse\" data-parent=\"#accordionnamewidget-0-0-0\" href=\"#collapsewidget-0-0-0-amelia-rising\">\n\t\t\t\t\t\t\t\t\t\t\t<h5><i class=\"kt-icon-minus\"><\/i><i class=\"kt-icon-plus\"><\/i>Amelia Rising<\/h5>\n\t\t\t\t\t\t\t\t\t\t<\/a>\n\t\t\t\t\t\t\t\t\t<\/div>\n\t\t\t\t\t\t\t\t\t<div id=\"collapsewidget-0-0-0-amelia-rising\" class=\"panel-collapse collapse\">\n\t\t\t\t\t\t\t\t\t\t<div class=\"panel-body postclass\">\n\t\t\t\t\t\t\t\t\t\t\t<div id=\"pl-w68f0fdbe84ab8\"  class=\"panel-layout\" ><div id=\"pg-w68f0fdbe84ab8-0\"  class=\"panel-grid panel-no-style\" ><div id=\"pgc-w68f0fdbe84ab8-0-0\"  class=\"panel-grid-cell\" ><div id=\"panel-w68f0fdbe84ab8-0-0-0\" class=\"so-panel widget widget_text panel-first-child panel-last-child\" data-index=\"0\" ><div class=\"panel-widget-style panel-widget-style-for-w68f0fdbe84ab8-0-0-0\" >\t\t\t<div class=\"textwidget\"><p><strong><a href=\"https:\/\/www.ameliarising.ca\/fr\" target=\"_blank\" rel=\"noopener\">Le Centre d\u2019aide pour survivants d\u2019agressions sexuelles Amelia Rising<\/a><\/strong> offre gratuitement un soutien enti\u00e8rement confidentiel aux individus \u00e2g\u00e9s de 12 ans ou plus qui ont \u00e9t\u00e9 victimes d\u2019agression sexuelle ou de violence sexosp\u00e9cifique. Leur zone de service est le district de Nipissing.<\/p>\n<\/div>\n\t\t<\/div><\/div><\/div><\/div><\/div>\t\t\t\t\t\t\t\t\t\t<\/div>\n\t\t\t\t\t\t\t\t\t<\/div>\n\t\t\t\t\t\t\t\t<\/div>\n\t\t\t\t\t\t\t\t\t\t\t\t\t\t<div class=\"panel panel-default panel-even\">\n\t\t\t\t\t\t\t\t\t<div class=\"panel-heading\">\n\t\t\t\t\t\t\t\t\t\t<a class=\"accordion-toggle  collapsed\" data-toggle=\"collapse\" data-parent=\"#accordionnamewidget-0-0-0\" href=\"#collapsewidget-0-0-0-north-bay-indigenous-friendship-centre\">\n\t\t\t\t\t\t\t\t\t\t\t<h5><i class=\"kt-icon-minus\"><\/i><i class=\"kt-icon-plus\"><\/i>North Bay Indigenous Friendship Centre<\/h5>\n\t\t\t\t\t\t\t\t\t\t<\/a>\n\t\t\t\t\t\t\t\t\t<\/div>\n\t\t\t\t\t\t\t\t\t<div id=\"collapsewidget-0-0-0-north-bay-indigenous-friendship-centre\" class=\"panel-collapse collapse\">\n\t\t\t\t\t\t\t\t\t\t<div class=\"panel-body postclass\">\n\t\t\t\t\t\t\t\t\t\t\t<div id=\"pl-w68f0fdbe84ab9\"  class=\"panel-layout\" ><div id=\"pg-w68f0fdbe84ab9-0\"  class=\"panel-grid panel-has-style\" ><div class=\"panel-row-style panel-row-style-for-w68f0fdbe84ab9-0\" ><div id=\"pgc-w68f0fdbe84ab9-0-0\"  class=\"panel-grid-cell\" ><div id=\"panel-w68f0fdbe84ab9-0-0-0\" class=\"so-panel widget widget_text panel-first-child panel-last-child\" data-index=\"0\" ><div class=\"panel-widget-style panel-widget-style-for-w68f0fdbe84ab9-0-0-0\" >\t\t\t<div class=\"textwidget\"><p class=\"translation-block\">Le <strong><a href=\"https:\/\/nbifc.org\/\" target=\"_blank\" rel=\"noopener\">North Bay Indigenous Friendship Centre<\/a><\/strong> aide les membres des Premi\u00e8res nations, les M\u00e9tis et les Inuits vivant en milieu urbain \u00e0 poursuivre Mno Bimaadziwin (une bonne vie) gr\u00e2ce \u00e0 des programmes de qualit\u00e9 qui accueillent la participation de voisins non autochtones. Le Centre propose de nombreux programmes pour les jeunes, tels que le Urban Aboriginal Healthy Living Kids Program, le Wasa-Nabin Program, le Waaban Program, le Youth Life Promotion.<\/p>\n<header class=\"entry-header\"><\/header>\n<\/div>\n\t\t<\/div><\/div><\/div><\/div><\/div><\/div>\t\t\t\t\t\t\t\t\t\t<\/div>\n\t\t\t\t\t\t\t\t\t<\/div>\n\t\t\t\t\t\t\t\t<\/div>\n\t\t\t\t\t\t\t\t\t\t\t\t\t\t<div class=\"panel panel-default panel-odd\">\n\t\t\t\t\t\t\t\t\t<div class=\"panel-heading\">\n\t\t\t\t\t\t\t\t\t\t<a class=\"accordion-toggle  collapsed\" data-toggle=\"collapse\" data-parent=\"#accordionnamewidget-0-0-0\" href=\"#collapsewidget-0-0-0-community-counselling-centre-of-nipissing\">\n\t\t\t\t\t\t\t\t\t\t\t<h5><i class=\"kt-icon-minus\"><\/i><i class=\"kt-icon-plus\"><\/i>Centre communautaire de counselling du Nipissing<\/h5>\n\t\t\t\t\t\t\t\t\t\t<\/a>\n\t\t\t\t\t\t\t\t\t<\/div>\n\t\t\t\t\t\t\t\t\t<div id=\"collapsewidget-0-0-0-community-counselling-centre-of-nipissing\" class=\"panel-collapse collapse\">\n\t\t\t\t\t\t\t\t\t\t<div class=\"panel-body postclass\">\n\t\t\t\t\t\t\t\t\t\t\t<div id=\"pl-w68f0fdbe84aba\"  class=\"panel-layout\" ><div id=\"pg-w68f0fdbe84aba-0\"  class=\"panel-grid panel-no-style\" ><div id=\"pgc-w68f0fdbe84aba-0-0\"  class=\"panel-grid-cell\" ><div id=\"panel-w68f0fdbe84aba-0-0-0\" class=\"so-panel widget widget_text panel-first-child panel-last-child\" data-index=\"0\" ><div class=\"panel-widget-style panel-widget-style-for-w68f0fdbe84aba-0-0-0\" >\t\t\t<div class=\"textwidget\"><p class=\"translation-block\">Le <a href=\"https:\/\/www.cccnip.com\/fr\" target=\"_blank\" rel=\"noopener\"><strong>Centre communautaire de counselling du Nipissing<\/strong><\/a> offre des services professionnels de toxicomanie aux jeunes de 12 \u00e0 24 ans. Nous offrons \u00e9galement un soutien aux familles qui s'occupent d'enfants et d'adolescents atteints de troubles du d\u00e9veloppement ou de l'alcoolisation f\u0153tale, en les aidant \u00e0 s'orienter et \u00e0 coordonner les services disponibles.<\/p>\n<\/div>\n\t\t<\/div><\/div><\/div><\/div><\/div>\t\t\t\t\t\t\t\t\t\t<\/div>\n\t\t\t\t\t\t\t\t\t<\/div>\n\t\t\t\t\t\t\t\t<\/div>\n\t\t\t\t\t\t\t\t\t\t\t\t\t\t<div class=\"panel panel-default panel-even\">\n\t\t\t\t\t\t\t\t\t<div class=\"panel-heading\">\n\t\t\t\t\t\t\t\t\t\t<a class=\"accordion-toggle  collapsed\" data-toggle=\"collapse\" data-parent=\"#accordionnamewidget-0-0-0\" href=\"#collapsewidget-0-0-0-north-bay-parry-sound-district-health-unit\">\n\t\t\t\t\t\t\t\t\t\t\t<h5><i class=\"kt-icon-minus\"><\/i><i class=\"kt-icon-plus\"><\/i>Bureau de sant\u00e9 du district de North Bay-Parry Sound<\/h5>\n\t\t\t\t\t\t\t\t\t\t<\/a>\n\t\t\t\t\t\t\t\t\t<\/div>\n\t\t\t\t\t\t\t\t\t<div id=\"collapsewidget-0-0-0-north-bay-parry-sound-district-health-unit\" class=\"panel-collapse collapse\">\n\t\t\t\t\t\t\t\t\t\t<div class=\"panel-body postclass\">\n\t\t\t\t\t\t\t\t\t\t\t<div id=\"pl-w68f0fdbe84abc\"  class=\"panel-layout\" ><div id=\"pg-w68f0fdbe84abc-0\"  class=\"panel-grid panel-no-style\" ><div id=\"pgc-w68f0fdbe84abc-0-0\"  class=\"panel-grid-cell\" ><div id=\"panel-w68f0fdbe84abc-0-0-0\" class=\"so-panel widget widget_text panel-first-child panel-last-child\" data-index=\"0\" ><div class=\"panel-widget-style panel-widget-style-for-w68f0fdbe84abc-0-0-0\" >\t\t\t<div class=\"textwidget\"><p>The <strong><a href=\"https:\/\/www.myhealthunit.ca\/\" target=\"_blank\" rel=\"noopener\">Bureau de sant\u00e9 du district de North Bay-Parry Sound<\/a><\/strong>\u00a0Le <strong><a href=\"https:\/\/www.myhealthunit.ca\/\" target=\"_blank\" rel=\"noopener\">Bureau de sant\u00e9 du district de North Bay-Parry Sound<\/a><\/strong> (Bureau de sant\u00e9) offre des services de vie saine et de pr\u00e9vention des maladies, ainsi que des informations sur un \u00e9ventail de sujets li\u00e9s \u00e0 la sant\u00e9, tels que la sant\u00e9 sexuelle, les vaccinations et la consommation de substances. L'unit\u00e9 de sant\u00e9 travaille \u00e9galement en \u00e9troite collaboration avec les \u00e9coles afin de promouvoir le bien-\u00eatre physique, mental, social et \u00e9motionnel de l'ensemble de la communaut\u00e9 scolaire.<\/p>\n<\/div>\n\t\t<\/div><\/div><\/div><\/div><\/div>\t\t\t\t\t\t\t\t\t\t<\/div>\n\t\t\t\t\t\t\t\t\t<\/div>\n\t\t\t\t\t\t\t\t<\/div>\n\t\t\t\t\t\t\t\t\t\t\t\t\t\t<div class=\"panel panel-default panel-odd\">\n\t\t\t\t\t\t\t\t\t<div class=\"panel-heading\">\n\t\t\t\t\t\t\t\t\t\t<a class=\"accordion-toggle  collapsed\" data-toggle=\"collapse\" data-parent=\"#accordionnamewidget-0-0-0\" href=\"#collapsewidget-0-0-0-an-introduction-to-the-icelandic-prevention-model\">\n\t\t\t\t\t\t\t\t\t\t\t<h5><i class=\"kt-icon-minus\"><\/i><i class=\"kt-icon-plus\"><\/i>Introduction au mod\u00e8le islandais de pr\u00e9vention<\/h5>\n\t\t\t\t\t\t\t\t\t\t<\/a>\n\t\t\t\t\t\t\t\t\t<\/div>\n\t\t\t\t\t\t\t\t\t<div id=\"collapsewidget-0-0-0-an-introduction-to-the-icelandic-prevention-model\" class=\"panel-collapse collapse\">\n\t\t\t\t\t\t\t\t\t\t<div class=\"panel-body postclass\">\n\t\t\t\t\t\t\t\t\t\t\t<div id=\"pl-w68f0fdbe84abd\"  class=\"panel-layout\" ><div id=\"pg-w68f0fdbe84abd-0\"  class=\"panel-grid panel-no-style\" ><div id=\"pgc-w68f0fdbe84abd-0-0\"  class=\"panel-grid-cell\" ><div id=\"panel-w68f0fdbe84abd-0-0-0\" class=\"so-panel widget widget_text panel-first-child panel-last-child\" data-index=\"0\" ><div class=\"panel-widget-style panel-widget-style-for-w68f0fdbe84abd-0-0-0\" >\t\t\t<div class=\"textwidget\"><p><span style=\"font-weight: 400;\">En f\u00e9vrier 2023, les partenaires communautaires du district de Nipissing se sont r\u00e9unis pour se familiariser avec le mod\u00e8le de pr\u00e9vention islandais. Les participants ont assist\u00e9 \u00e0 une pr\u00e9sentation de J\u00f3n Sigf\u00fasson et Robin Katrick de l'\u00e9quipe Plan\u00e8te Jeunesse, qui ont parl\u00e9 de l'historique du mod\u00e8le, des principes directeurs, des \u00e9tapes de mise en \u0153uvre et des outils disponibles pour les communaut\u00e9s int\u00e9ress\u00e9es \u00e0 se lancer dans l'aventure.<\/span><\/p>\n<p>Regardez la vid\u00e9o d'une introduction au mod\u00e8le islandais de pr\u00e9vention <a href=\"https:\/\/www.youtube.com\/watch?v=bt55OMtatgU\" target=\"_blank\" rel=\"noopener\"><strong>ici<\/strong><\/a><\/p>\n<\/div>\n\t\t<\/div><\/div><\/div><\/div><\/div>\t\t\t\t\t\t\t\t\t\t<\/div>\n\t\t\t\t\t\t\t\t\t<\/div>\n\t\t\t\t\t\t\t\t<\/div>\n\t\t\t\t\t\t\t\t\t\t\t\t\t\t<div class=\"panel panel-default panel-even\">\n\t\t\t\t\t\t\t\t\t<div class=\"panel-heading\">\n\t\t\t\t\t\t\t\t\t\t<a class=\"accordion-toggle  collapsed\" data-toggle=\"collapse\" data-parent=\"#accordionnamewidget-0-0-0\" href=\"#collapsewidget-0-0-0-school-mental-health-ontario\">\n\t\t\t\t\t\t\t\t\t\t\t<h5><i class=\"kt-icon-minus\"><\/i><i class=\"kt-icon-plus\"><\/i>Sant\u00e9 mentale en milieu scolaire Ontario<\/h5>\n\t\t\t\t\t\t\t\t\t\t<\/a>\n\t\t\t\t\t\t\t\t\t<\/div>\n\t\t\t\t\t\t\t\t\t<div id=\"collapsewidget-0-0-0-school-mental-health-ontario\" class=\"panel-collapse collapse\">\n\t\t\t\t\t\t\t\t\t\t<div class=\"panel-body postclass\">\n\t\t\t\t\t\t\t\t\t\t\t<div id=\"pl-w68f0fdbe84abf\"  class=\"panel-layout\" ><div id=\"pg-w68f0fdbe84abf-0\"  class=\"panel-grid panel-no-style\" ><div id=\"pgc-w68f0fdbe84abf-0-0\"  class=\"panel-grid-cell\" ><div id=\"panel-w68f0fdbe84abf-0-0-0\" class=\"so-panel widget widget_text panel-first-child panel-last-child\" data-index=\"0\" ><div class=\"panel-widget-style panel-widget-style-for-w68f0fdbe84abf-0-0-0\" >\t\t\t<div class=\"textwidget\"><p><a href=\"https:\/\/smho-smso.ca\/accueil\/\" target=\"_blank\" rel=\"noopener\"><strong>Sant\u00e9 mentale en milieu scolaire Ontario<\/strong><\/a> (SMSO) vise \u00e0 am\u00e9liorer la qualit\u00e9 et la coh\u00e9rence des programmes de promotion de la sant\u00e9 mentale, de pr\u00e9vention et d'intervention pr\u00e9coce dans les \u00e9coles de l'Ontario. SMSO offre :<\/p>\n<ul class=\"wp-block-list\">\n<li>une direction et une orientation vers les pratiques exemplaires en mati\u00e8re de sant\u00e9 mentale en milieu scolaire;<\/li>\n<li>un coaching de soutien \u00e0 la mise en \u0153uvre;<\/li>\n<li>des ressources co-cr\u00e9\u00e9es sur mesure;<\/li>\n<li>une litt\u00e9ratie en mati\u00e8re de sant\u00e9 mentale pour le personnel scolaire, les directions d\u2019\u00e9coles et les leaders du syst\u00e8me;<\/li>\n<li>de la formation pour les professionnels de la sant\u00e9 mentale en milieu scolaire;<\/li>\n<li>de la sensibilisation \u00e0 la sant\u00e9 mentale pour les parents, les tuteurs et les aidants naturels;<\/li>\n<li>une plateforme pour que les \u00e9l\u00e8ves fassent entendre leur voix et exercent leur leadership en mati\u00e8re de sant\u00e9 mentale en milieu scolaire.<\/li>\n<\/ul>\n<\/div>\n\t\t<\/div><\/div><\/div><\/div><\/div>\t\t\t\t\t\t\t\t\t\t<\/div>\n\t\t\t\t\t\t\t\t\t<\/div>\n\t\t\t\t\t\t\t\t<\/div>\n\t\t\t\t\t\t\t\t\t\t\t\t\t\t<div class=\"panel panel-default panel-odd\">\n\t\t\t\t\t\t\t\t\t<div class=\"panel-heading\">\n\t\t\t\t\t\t\t\t\t\t<a class=\"accordion-toggle  collapsed\" data-toggle=\"collapse\" data-parent=\"#accordionnamewidget-0-0-0\" href=\"#collapsewidget-0-0-0-triple-p\">\n\t\t\t\t\t\t\t\t\t\t\t<h5><i class=\"kt-icon-minus\"><\/i><i class=\"kt-icon-plus\"><\/i>Triple P<\/h5>\n\t\t\t\t\t\t\t\t\t\t<\/a>\n\t\t\t\t\t\t\t\t\t<\/div>\n\t\t\t\t\t\t\t\t\t<div id=\"collapsewidget-0-0-0-triple-p\" class=\"panel-collapse collapse\">\n\t\t\t\t\t\t\t\t\t\t<div class=\"panel-body postclass\">\n\t\t\t\t\t\t\t\t\t\t\t<div id=\"pl-w68f0fdbe84ac0\"  class=\"panel-layout\" ><div id=\"pg-w68f0fdbe84ac0-0\"  class=\"panel-grid panel-no-style\" ><div id=\"pgc-w68f0fdbe84ac0-0-0\"  class=\"panel-grid-cell\" ><div id=\"panel-w68f0fdbe84ac0-0-0-0\" class=\"so-panel widget widget_text panel-first-child panel-last-child\" data-index=\"0\" ><div class=\"panel-widget-style panel-widget-style-for-w68f0fdbe84ac0-0-0-0\" >\t\t\t<div class=\"textwidget\"><p class=\"translation-block\"><strong><a href=\"https:\/\/www.triplep-parenting.ca\/\" target=\"_blank\" rel=\"noopener\">Le programme de parentalit\u00e9 positive Triple P<\/a><\/strong> propose aux parents des strat\u00e9gies simples et pratiques pour les aider \u00e0 \u00e9tablir des relations solides et saines, \u00e0 g\u00e9rer en toute confiance le comportement de leurs enfants et \u00e0 pr\u00e9venir l'apparition de probl\u00e8mes. Triple P propose \u00e9galement <strong><a href=\"https:\/\/www.triplep-parenting.ca\/ont-en\/contact\/find-a-session\/\" target=\"_blank\" rel=\"noopener\">des s\u00e9ances de groupe virtuelles<\/a><\/strong> pour les parents \u00e0 la recherche de conseils et de strat\u00e9gies suppl\u00e9mentaires.<\/p>\n<\/div>\n\t\t<\/div><\/div><\/div><\/div><\/div>\t\t\t\t\t\t\t\t\t\t<\/div>\n\t\t\t\t\t\t\t\t\t<\/div>\n\t\t\t\t\t\t\t\t<\/div>\n\t\t\t\t\t\t\t\t\t\t\t<\/div>\n\t\t\t\t\t\t\t<\/div>\n\n        \t<\/div><\/div><\/div><\/div><div id=\"sep-pg-24-1\" class=\"panel-grid panel-has-style\" ><div style=\"opacity: 0;\" class=\"panel-row-style kt-row-style-no-padding siteorigin-panels-stretch kt-panel-row-stretch\" data-stretch-type=\"full\" ><div class=\"inner-sep-content-wrap\"><div id=\"pg-24-1\"  class=\"panel-grid panel-has-style\" ><div class=\"panel-row-style panel-row-style-for-24-1\" ><div id=\"pgc-24-1-0\"  class=\"panel-grid-cell panel-grid-cell-empty\" ><\/div><\/div><\/div><div class=\"panel-row-style kt-row-style-no-padding kt_sep_panel sep_left_triangle siteorigin-panels-stretch\" data-stretch-type=\"full-stretched\"><svg style=\"fill:#4abbb5;\" viewbox=\"0 0 2000 100\" preserveaspectratio=\"none\"><polygon xmlns=\"http:\/\/www.w3.org\/2000\/svg\" points=\"600,90 0,0 0,100 2000,100 2000,0 \"><\/polygon><\/svg><\/div><\/div><\/div><\/div><\/div>","protected":false},"excerpt":{"rendered":"<p>Kids Help Phone \u2013 Resources Around Me Resources Around Me helps you find nearby resources and services like counselling and mental health support, sexual health support, housing support, legal support, job help, and more. This tool is a vetted resource &hellip; <a class=\"kt-excerpt-readmore more-link\" href=\"https:\/\/planetyouthnipissing.ca\/fr\/resources\/\" aria-label=\"Ressources\">En savoir plus<\/a><\/p>","protected":false},"author":3,"featured_media":0,"parent":0,"menu_order":0,"comment_status":"closed","ping_status":"closed","template":"","meta":{"kt_blocks_editor_width":"","footnotes":""},"class_list":["post-24","page","type-page","status-publish","hentry"],"aioseo_notices":[],"rttpg_featured_image_url":null,"rttpg_author":{"display_name":"jayme burke","author_link":"https:\/\/planetyouthnipissing.ca\/fr\/author\/jayme-burke\/"},"rttpg_comment":0,"rttpg_category":null,"rttpg_excerpt":"Kids Help Phone \u2013 Resources Around Me Resources Around Me helps you find nearby resources and services like counselling and mental health support, sexual health support, housing support, legal support, job help, and more. This tool is a vetted resource &hellip; Read More","_links":{"self":[{"href":"https:\/\/planetyouthnipissing.ca\/fr\/wp-json\/wp\/v2\/pages\/24","targetHints":{"allow":["GET"]}}],"collection":[{"href":"https:\/\/planetyouthnipissing.ca\/fr\/wp-json\/wp\/v2\/pages"}],"about":[{"href":"https:\/\/planetyouthnipissing.ca\/fr\/wp-json\/wp\/v2\/types\/page"}],"author":[{"embeddable":true,"href":"https:\/\/planetyouthnipissing.ca\/fr\/wp-json\/wp\/v2\/users\/3"}],"replies":[{"embeddable":true,"href":"https:\/\/planetyouthnipissing.ca\/fr\/wp-json\/wp\/v2\/comments?post=24"}],"version-history":[{"count":47,"href":"https:\/\/planetyouthnipissing.ca\/fr\/wp-json\/wp\/v2\/pages\/24\/revisions"}],"predecessor-version":[{"id":1866,"href":"https:\/\/planetyouthnipissing.ca\/fr\/wp-json\/wp\/v2\/pages\/24\/revisions\/1866"}],"wp:attachment":[{"href":"https:\/\/planetyouthnipissing.ca\/fr\/wp-json\/wp\/v2\/media?parent=24"}],"curies":[{"name":"wp","href":"https:\/\/api.w.org\/{rel}","templated":true}]}}