{"id":39,"date":"2024-02-29T16:28:32","date_gmt":"2024-02-29T16:28:32","guid":{"rendered":"https:\/\/timiskamingyouth.ca\/?page_id=39"},"modified":"2026-04-22T08:39:20","modified_gmt":"2026-04-22T12:39:20","slug":"homepage","status":"publish","type":"page","link":"https:\/\/planetyouthnipissing.ca\/fr\/","title":{"rendered":"Planet Youth Nipissing Homepage"},"content":{"rendered":"<div id=\"pl-39\"  class=\"panel-layout\" ><div id=\"pg-39-0\"  class=\"panel-grid panel-has-style\" ><div class=\"siteorigin-panels-stretch kt-no-vertical-gutter panel-row-style panel-row-style-for-39-0\" data-stretch-type=\"full-width-stretch\" ><div id=\"pgc-39-0-0\"  class=\"panel-grid-cell\" >\n\n        <div id=\"panel-39-0-0-0\" class=\"so-panel widget widget_kadence_calltoaction_widget kadence_calltoaction_widget panel-first-child\" data-index=\"0\" ><div class=\"kt-pb-animation kt-pb-fadeInLeft kt-pb-duration-1200 kt-pb-delay-0 panel-widget-style panel-widget-style-for-39-0-0-0\" ><div class=\"kt-ctaw clearfix\"><h3 class=\"kt-call-to-action-title\" style=\"color:#222121; font-size:60px; line-height:1; text-align:center; \"  data-max-size=\"60\" data-min-size=\"60\">9<\/h3><\/div><\/div><\/div>\n    <div id=\"panel-39-0-0-1\" class=\"so-panel widget widget_sow-editor panel-last-child\" data-index=\"1\" ><div class=\"kt-pb-animation kt-pb-fadeInLeft kt-pb-duration-1200 kt-pb-delay-0 panel-widget-style panel-widget-style-for-39-0-0-1\" ><div\n\t\t\t\n\t\t\tclass=\"so-widget-sow-editor so-widget-sow-editor-base\"\n\t\t\t\n\t\t>\n<div class=\"siteorigin-widget-tinymce textwidget\">\n\t<p style=\"text-align: center; font-size: 18px; color: #333333; font-weight: bold;\">\u00e9coles secondaires ont particip\u00e9 au sondage.<\/p>\n<\/div>\n<\/div><\/div><\/div><\/div><div id=\"pgc-39-0-1\"  class=\"panel-grid-cell panel-grid-cell-empty\" ><\/div><div id=\"pgc-39-0-2\"  class=\"panel-grid-cell\" >\n\n        <div id=\"panel-39-0-2-0\" class=\"so-panel widget widget_kadence_calltoaction_widget kadence_calltoaction_widget panel-first-child\" data-index=\"2\" ><div class=\"kt-pb-animation kt-pb-fadeInDown kt-pb-duration-1200 kt-pb-delay-0 panel-widget-style panel-widget-style-for-39-0-2-0\" ><div class=\"kt-ctaw clearfix\"><h3 class=\"kt-call-to-action-title\" style=\"color:#222121; font-size:60px; line-height:1; text-align:center; \"  data-max-size=\"60\" data-min-size=\"60\">704<\/h3><\/div><\/div><\/div>\n    <div id=\"panel-39-0-2-1\" class=\"so-panel widget widget_sow-editor panel-last-child\" data-index=\"3\" ><div class=\"kt-pb-animation kt-pb-fadeInDown kt-pb-duration-1200 kt-pb-delay-0 panel-widget-style panel-widget-style-for-39-0-2-1\" ><div\n\t\t\t\n\t\t\tclass=\"so-widget-sow-editor so-widget-sow-editor-base\"\n\t\t\t\n\t\t>\n<div class=\"siteorigin-widget-tinymce textwidget\">\n\t<p style=\"text-align: center; font-size: 18px; color: #333333; font-weight: bold;\">\u00e9l\u00e8ves nous ont parl\u00e9 de leur vie dans le district de Nipissing.<\/p><\/div>\n<\/div><\/div><\/div><\/div><div id=\"pgc-39-0-3\"  class=\"panel-grid-cell panel-grid-cell-empty\" ><\/div><div id=\"pgc-39-0-4\"  class=\"panel-grid-cell\" >\n\n        <div id=\"panel-39-0-4-0\" class=\"so-panel widget widget_kadence_calltoaction_widget kadence_calltoaction_widget panel-first-child\" data-index=\"4\" ><div class=\"kt-pb-animation kt-pb-fadeInRight kt-pb-duration-1200 kt-pb-delay-0 panel-widget-style panel-widget-style-for-39-0-4-0\" ><div class=\"kt-ctaw clearfix\"><h3 class=\"kt-call-to-action-title\" style=\"color:#222121; font-size:60px; line-height:1; text-align:center; \"  data-max-size=\"60\" data-min-size=\"60\">72%<\/h3><\/div><\/div><\/div>\n    <div id=\"panel-39-0-4-1\" class=\"so-panel widget widget_sow-editor panel-last-child\" data-index=\"5\" ><div class=\"kt-pb-animation kt-pb-fadeInRight kt-pb-duration-1200 kt-pb-delay-0 panel-widget-style panel-widget-style-for-39-0-4-1\" ><div\n\t\t\t\n\t\t\tclass=\"so-widget-sow-editor so-widget-sow-editor-base\"\n\t\t\t\n\t\t>\n<div class=\"siteorigin-widget-tinymce textwidget\">\n\t<p style=\"text-align: center; font-size: 18px; color: #333333; font-weight: bold;\">des \u00e9l\u00e8ves de 10e ann\u00e9e ont r\u00e9pondu au sondage<\/p><\/div>\n<\/div><\/div><\/div><\/div><\/div><\/div><div id=\"pg-39-1\"  class=\"panel-grid panel-has-style\" ><div class=\"siteorigin-panels-stretch kt-no-vertical-gutter panel-row-style panel-row-style-for-39-1\" data-stretch-type=\"full-width-stretch\" ><div id=\"pgc-39-1-0\"  class=\"panel-grid-cell\" ><div id=\"panel-39-1-0-0\" class=\"so-panel widget widget_sow-simple-masonry panel-first-child panel-last-child\" data-index=\"6\" ><div\n\t\t\t\n\t\t\tclass=\"so-widget-sow-simple-masonry so-widget-sow-simple-masonry-default-d75171398898-39\"\n\t\t\t\n\t\t>\n\n<div class=\"sow-masonry-grid\"\n\tdata-layouts=\"{&quot;desktop&quot;:{&quot;numColumns&quot;:6,&quot;rowHeight&quot;:0,&quot;gutter&quot;:20},&quot;tablet&quot;:{&quot;breakPoint&quot;:768,&quot;numColumns&quot;:3,&quot;rowHeight&quot;:0,&quot;gutter&quot;:20},&quot;mobile&quot;:{&quot;breakPoint&quot;:480,&quot;numColumns&quot;:3,&quot;rowHeight&quot;:0,&quot;gutter&quot;:20}}\" data-layout-origin-left=\"true\" >\n\t\t\t\t<div class=\"sow-masonry-grid-item\" data-col-span=\"1\"\n\t\t\t\tdata-row-span=\"1\">\n\t\t\t\t\n\t\t\t\t\n\t\t\t\t<img fetchpriority=\"high\" decoding=\"async\" width=\"303\" height=\"303\" src=\"https:\/\/planetyouthnipissing.ca\/wp-content\/uploads\/2024\/11\/Group-410.png\" class=\"sow-masonry-grid-image\" alt=\"17% vape daily\" title=\"17% vape daily\" srcset=\"https:\/\/planetyouthnipissing.ca\/wp-content\/uploads\/2024\/11\/Group-410.png 303w, https:\/\/planetyouthnipissing.ca\/wp-content\/uploads\/2024\/11\/Group-410-300x300.png 300w, https:\/\/planetyouthnipissing.ca\/wp-content\/uploads\/2024\/11\/Group-410-150x150.png 150w, https:\/\/planetyouthnipissing.ca\/wp-content\/uploads\/2024\/11\/Group-410-12x12.png 12w\" sizes=\"(max-width: 303px) 100vw, 303px\" \/>\n\t\t\t\t\n\t\t\t\t\t\t\t<\/div>\n\t\t\t\t\t\t<div class=\"sow-masonry-grid-item\" data-col-span=\"1\"\n\t\t\t\tdata-row-span=\"1\">\n\t\t\t\t\n\t\t\t\t\n\t\t\t\t<img decoding=\"async\" width=\"303\" height=\"303\" src=\"https:\/\/planetyouthnipissing.ca\/wp-content\/uploads\/2024\/11\/Group-423.png\" class=\"sow-masonry-grid-image\" alt=\"37% reported good mental health.\" title=\"37% reported good mental health.\" srcset=\"https:\/\/planetyouthnipissing.ca\/wp-content\/uploads\/2024\/11\/Group-423.png 303w, https:\/\/planetyouthnipissing.ca\/wp-content\/uploads\/2024\/11\/Group-423-300x300.png 300w, https:\/\/planetyouthnipissing.ca\/wp-content\/uploads\/2024\/11\/Group-423-150x150.png 150w, https:\/\/planetyouthnipissing.ca\/wp-content\/uploads\/2024\/11\/Group-423-12x12.png 12w\" sizes=\"(max-width: 303px) 100vw, 303px\" \/>\n\t\t\t\t\n\t\t\t\t\t\t\t<\/div>\n\t\t\t\t\t\t<div class=\"sow-masonry-grid-item\" data-col-span=\"2\"\n\t\t\t\tdata-row-span=\"2\">\n\t\t\t\t\n\t\t\t\t\n\t\t\t\t<img decoding=\"async\" width=\"715\" height=\"616\" src=\"https:\/\/planetyouthnipissing.ca\/wp-content\/uploads\/2024\/10\/Picture5.jpg\" class=\"sow-masonry-grid-image\" alt=\"3 youths talking around a table\" title=\"students\" srcset=\"https:\/\/planetyouthnipissing.ca\/wp-content\/uploads\/2024\/10\/Picture5.jpg 715w, https:\/\/planetyouthnipissing.ca\/wp-content\/uploads\/2024\/10\/Picture5-300x258.jpg 300w, https:\/\/planetyouthnipissing.ca\/wp-content\/uploads\/2024\/10\/Picture5-14x12.jpg 14w\" sizes=\"(max-width: 715px) 100vw, 715px\" \/>\n\t\t\t\t\n\t\t\t\t\t\t\t<\/div>\n\t\t\t\t\t\t<div class=\"sow-masonry-grid-item\" data-col-span=\"1\"\n\t\t\t\tdata-row-span=\"1\">\n\t\t\t\t\n\t\t\t\t\n\t\t\t\t<img loading=\"lazy\" decoding=\"async\" width=\"303\" height=\"303\" src=\"https:\/\/planetyouthnipissing.ca\/wp-content\/uploads\/2024\/11\/Group-414.png\" class=\"sow-masonry-grid-image\" alt=\"67% get at least 60 minutes of physical activity 3x per week or more.\" title=\"67% get at least 60 minutes of physical activity 3x per week or more.\" srcset=\"https:\/\/planetyouthnipissing.ca\/wp-content\/uploads\/2024\/11\/Group-414.png 303w, https:\/\/planetyouthnipissing.ca\/wp-content\/uploads\/2024\/11\/Group-414-300x300.png 300w, https:\/\/planetyouthnipissing.ca\/wp-content\/uploads\/2024\/11\/Group-414-150x150.png 150w, https:\/\/planetyouthnipissing.ca\/wp-content\/uploads\/2024\/11\/Group-414-12x12.png 12w\" sizes=\"(max-width: 303px) 100vw, 303px\" \/>\n\t\t\t\t\n\t\t\t\t\t\t\t<\/div>\n\t\t\t\t\t\t<div class=\"sow-masonry-grid-item\" data-col-span=\"1\"\n\t\t\t\tdata-row-span=\"1\">\n\t\t\t\t\n\t\t\t\t\n\t\t\t\t<img loading=\"lazy\" decoding=\"async\" width=\"303\" height=\"303\" src=\"https:\/\/planetyouthnipissing.ca\/wp-content\/uploads\/2024\/11\/Group-413.png\" class=\"sow-masonry-grid-image\" alt=\"31% think there are lots of activities for youth in their community.\" title=\"31% think there are lots of activities for youth in their community.\" srcset=\"https:\/\/planetyouthnipissing.ca\/wp-content\/uploads\/2024\/11\/Group-413.png 303w, https:\/\/planetyouthnipissing.ca\/wp-content\/uploads\/2024\/11\/Group-413-300x300.png 300w, https:\/\/planetyouthnipissing.ca\/wp-content\/uploads\/2024\/11\/Group-413-150x150.png 150w, https:\/\/planetyouthnipissing.ca\/wp-content\/uploads\/2024\/11\/Group-413-12x12.png 12w\" sizes=\"(max-width: 303px) 100vw, 303px\" \/>\n\t\t\t\t\n\t\t\t\t\t\t\t<\/div>\n\t\t\t\t\t\t<div class=\"sow-masonry-grid-item\" data-col-span=\"2\"\n\t\t\t\tdata-row-span=\"1\">\n\t\t\t\t\n\t\t\t\t\n\t\t\t\t<img loading=\"lazy\" decoding=\"async\" width=\"626\" height=\"303\" src=\"https:\/\/planetyouthnipissing.ca\/wp-content\/uploads\/2024\/10\/Home-page-image-horizontal.png\" class=\"sow-masonry-grid-image\" alt=\"kids playing hockey on the snow\" title=\"Youth kids hockey\" srcset=\"https:\/\/planetyouthnipissing.ca\/wp-content\/uploads\/2024\/10\/Home-page-image-horizontal.png 626w, https:\/\/planetyouthnipissing.ca\/wp-content\/uploads\/2024\/10\/Home-page-image-horizontal-300x145.png 300w, https:\/\/planetyouthnipissing.ca\/wp-content\/uploads\/2024\/10\/Home-page-image-horizontal-18x9.png 18w\" sizes=\"(max-width: 626px) 100vw, 626px\" \/>\n\t\t\t\t\n\t\t\t\t\t\t\t<\/div>\n\t\t\t\t\t\t<div class=\"sow-masonry-grid-item\" data-col-span=\"1\"\n\t\t\t\tdata-row-span=\"1\">\n\t\t\t\t\n\t\t\t\t\n\t\t\t\t<img loading=\"lazy\" decoding=\"async\" width=\"303\" height=\"303\" src=\"https:\/\/planetyouthnipissing.ca\/wp-content\/uploads\/2024\/11\/Group-424.png\" class=\"sow-masonry-grid-image\" alt=\"84% find it easy to get caring and warmth from their parents and carers\" title=\"84% find it easy to get caring or warmth from their parents\/caregivers. \" srcset=\"https:\/\/planetyouthnipissing.ca\/wp-content\/uploads\/2024\/11\/Group-424.png 303w, https:\/\/planetyouthnipissing.ca\/wp-content\/uploads\/2024\/11\/Group-424-300x300.png 300w, https:\/\/planetyouthnipissing.ca\/wp-content\/uploads\/2024\/11\/Group-424-150x150.png 150w, https:\/\/planetyouthnipissing.ca\/wp-content\/uploads\/2024\/11\/Group-424-12x12.png 12w\" sizes=\"(max-width: 303px) 100vw, 303px\" \/>\n\t\t\t\t\n\t\t\t\t\t\t\t<\/div>\n\t\t\t\t\t\t<div class=\"sow-masonry-grid-item\" data-col-span=\"1\"\n\t\t\t\tdata-row-span=\"2\">\n\t\t\t\t\n\t\t\t\t\n\t\t\t\t<img loading=\"lazy\" decoding=\"async\" width=\"303\" height=\"626\" src=\"https:\/\/planetyouthnipissing.ca\/wp-content\/uploads\/2024\/10\/Home-page-image-vertical.png\" class=\"sow-masonry-grid-image\" alt=\"theater stage with 3 people\" title=\"Home page image vertical\" srcset=\"https:\/\/planetyouthnipissing.ca\/wp-content\/uploads\/2024\/10\/Home-page-image-vertical.png 303w, https:\/\/planetyouthnipissing.ca\/wp-content\/uploads\/2024\/10\/Home-page-image-vertical-145x300.png 145w, https:\/\/planetyouthnipissing.ca\/wp-content\/uploads\/2024\/10\/Home-page-image-vertical-6x12.png 6w\" sizes=\"(max-width: 303px) 100vw, 303px\" \/>\n\t\t\t\t\n\t\t\t\t\t\t\t<\/div>\n\t\t\t\t\t\t<div class=\"sow-masonry-grid-item\" data-col-span=\"1\"\n\t\t\t\tdata-row-span=\"1\">\n\t\t\t\t\n\t\t\t\t\n\t\t\t\t<img loading=\"lazy\" decoding=\"async\" width=\"303\" height=\"303\" src=\"https:\/\/planetyouthnipissing.ca\/wp-content\/uploads\/2024\/11\/Group-419.png\" class=\"sow-masonry-grid-image\" alt=\"62% are getting less than 8 hours of sleep per night.\" title=\"62% are getting less than 8 hours of sleep per night.\" srcset=\"https:\/\/planetyouthnipissing.ca\/wp-content\/uploads\/2024\/11\/Group-419.png 303w, https:\/\/planetyouthnipissing.ca\/wp-content\/uploads\/2024\/11\/Group-419-300x300.png 300w, https:\/\/planetyouthnipissing.ca\/wp-content\/uploads\/2024\/11\/Group-419-150x150.png 150w, https:\/\/planetyouthnipissing.ca\/wp-content\/uploads\/2024\/11\/Group-419-12x12.png 12w\" sizes=\"(max-width: 303px) 100vw, 303px\" \/>\n\t\t\t\t\n\t\t\t\t\t\t\t<\/div>\n\t\t\t\t\t\t<div class=\"sow-masonry-grid-item\" data-col-span=\"1\"\n\t\t\t\tdata-row-span=\"1\">\n\t\t\t\t\n\t\t\t\t\n\t\t\t\t<img loading=\"lazy\" decoding=\"async\" width=\"303\" height=\"303\" src=\"https:\/\/planetyouthnipissing.ca\/wp-content\/uploads\/2024\/11\/Group-418.png\" class=\"sow-masonry-grid-image\" alt=\"1\/4 tried alcohol at age 13 or younger.\" title=\"1\/4 tried alcohol at age 13 or younger.\" srcset=\"https:\/\/planetyouthnipissing.ca\/wp-content\/uploads\/2024\/11\/Group-418.png 303w, https:\/\/planetyouthnipissing.ca\/wp-content\/uploads\/2024\/11\/Group-418-300x300.png 300w, https:\/\/planetyouthnipissing.ca\/wp-content\/uploads\/2024\/11\/Group-418-150x150.png 150w, https:\/\/planetyouthnipissing.ca\/wp-content\/uploads\/2024\/11\/Group-418-12x12.png 12w\" sizes=\"(max-width: 303px) 100vw, 303px\" \/>\n\t\t\t\t\n\t\t\t\t\t\t\t<\/div>\n\t\t\t\t\t\t<div class=\"sow-masonry-grid-item\" data-col-span=\"1\"\n\t\t\t\tdata-row-span=\"1\">\n\t\t\t\t\n\t\t\t\t\n\t\t\t\t<img loading=\"lazy\" decoding=\"async\" width=\"303\" height=\"303\" src=\"https:\/\/planetyouthnipissing.ca\/wp-content\/uploads\/2024\/11\/Group-417.png\" class=\"sow-masonry-grid-image\" alt=\"45% of those who have ever drunk alcohol usually get it from a family member.\" title=\"45% of those who have ever drunk alcohol usually get it from a family member.\" srcset=\"https:\/\/planetyouthnipissing.ca\/wp-content\/uploads\/2024\/11\/Group-417.png 303w, https:\/\/planetyouthnipissing.ca\/wp-content\/uploads\/2024\/11\/Group-417-300x300.png 300w, https:\/\/planetyouthnipissing.ca\/wp-content\/uploads\/2024\/11\/Group-417-150x150.png 150w, https:\/\/planetyouthnipissing.ca\/wp-content\/uploads\/2024\/11\/Group-417-12x12.png 12w\" sizes=\"(max-width: 303px) 100vw, 303px\" \/>\n\t\t\t\t\n\t\t\t\t\t\t\t<\/div>\n\t\t\t\t\t\t<div class=\"sow-masonry-grid-item\" data-col-span=\"1\"\n\t\t\t\tdata-row-span=\"1\">\n\t\t\t\t\n\t\t\t\t\n\t\t\t\t<img loading=\"lazy\" decoding=\"async\" width=\"606\" height=\"606\" src=\"https:\/\/planetyouthnipissing.ca\/wp-content\/uploads\/2024\/11\/Group-425.png\" class=\"sow-masonry-grid-image\" alt=\"one third drank alcohol in the last month\" title=\"one third drank alcohol in the last month\" srcset=\"https:\/\/planetyouthnipissing.ca\/wp-content\/uploads\/2024\/11\/Group-425.png 303w, https:\/\/planetyouthnipissing.ca\/wp-content\/uploads\/2024\/11\/Group-425-300x300.png 300w, https:\/\/planetyouthnipissing.ca\/wp-content\/uploads\/2024\/11\/Group-425-150x150.png 150w, https:\/\/planetyouthnipissing.ca\/wp-content\/uploads\/2024\/11\/Group-425-12x12.png 12w\" sizes=\"(max-width: 606px) 100vw, 606px\" \/>\n\t\t\t\t\n\t\t\t\t\t\t\t<\/div>\n\t\t\t\t\t\t<div class=\"sow-masonry-grid-item\" data-col-span=\"1\"\n\t\t\t\tdata-row-span=\"1\">\n\t\t\t\t\n\t\t\t\t\n\t\t\t\t<img loading=\"lazy\" decoding=\"async\" width=\"303\" height=\"303\" src=\"https:\/\/planetyouthnipissing.ca\/wp-content\/uploads\/2024\/11\/Group-415.png\" class=\"sow-masonry-grid-image\" alt=\"45% spend 3 hours or more a day on social media.\" title=\"45% spend 3 hours or more a day on social media.\" srcset=\"https:\/\/planetyouthnipissing.ca\/wp-content\/uploads\/2024\/11\/Group-415.png 303w, https:\/\/planetyouthnipissing.ca\/wp-content\/uploads\/2024\/11\/Group-415-300x300.png 300w, https:\/\/planetyouthnipissing.ca\/wp-content\/uploads\/2024\/11\/Group-415-150x150.png 150w, https:\/\/planetyouthnipissing.ca\/wp-content\/uploads\/2024\/11\/Group-415-12x12.png 12w\" sizes=\"(max-width: 303px) 100vw, 303px\" \/>\n\t\t\t\t\n\t\t\t\t\t\t\t<\/div>\n\t\t\t\n<\/div>\n<\/div><\/div><\/div><\/div><\/div><div id=\"pg-39-2\"  class=\"panel-grid panel-has-style\" ><div class=\"siteorigin-panels-stretch kt-no-vertical-gutter kt-panel-row-stretch panel-row-style panel-row-style-for-39-2\" style=\"opacity: 0;\" data-stretch-type=\"full\" ><div id=\"pgc-39-2-0\"  class=\"panel-grid-cell\" ><div id=\"panel-39-2-0-0\" class=\"so-panel widget widget_media_image panel-first-child panel-last-child\" data-index=\"7\" ><div class=\"panel-widget-style panel-widget-style-for-39-2-0-0\" ><img loading=\"lazy\" decoding=\"async\" width=\"300\" height=\"300\" src=\"https:\/\/planetyouthnipissing.ca\/wp-content\/uploads\/2024\/11\/French-4-domains.png\" class=\"image wp-image-1322  attachment-medium size-medium\" alt=\"a venn diagram where individual is the center, the top is Parents &amp; family, right is the Peer Group, Bottom is School and Left is Leisure Time\" style=\"max-width: 100%; height: auto;\" srcset=\"https:\/\/planetyouthnipissing.ca\/wp-content\/uploads\/2024\/11\/French-4-domains.png 1080w, https:\/\/planetyouthnipissing.ca\/wp-content\/uploads\/2024\/11\/French-4-domains-300x300.png 300w, https:\/\/planetyouthnipissing.ca\/wp-content\/uploads\/2024\/11\/French-4-domains-1024x1024.png 1024w, https:\/\/planetyouthnipissing.ca\/wp-content\/uploads\/2024\/11\/French-4-domains-150x150.png 150w, https:\/\/planetyouthnipissing.ca\/wp-content\/uploads\/2024\/11\/French-4-domains-768x768.png 768w, https:\/\/planetyouthnipissing.ca\/wp-content\/uploads\/2024\/11\/French-4-domains-12x12.png 12w, https:\/\/planetyouthnipissing.ca\/wp-content\/uploads\/2024\/11\/French-4-domains-375x375.png 375w\" sizes=\"(max-width: 300px) 100vw, 300px\" \/><\/div><\/div><\/div><div id=\"pgc-39-2-1\"  class=\"panel-grid-cell panel-grid-cell-empty\" ><\/div><div id=\"pgc-39-2-2\"  class=\"panel-grid-cell\" ><div id=\"panel-39-2-2-0\" class=\"so-panel widget widget_sow-editor panel-first-child panel-last-child\" data-index=\"8\" ><div class=\"kt-pb-animation kt-pb-fadeInLeft kt-pb-duration-1200 kt-pb-delay-0 panel-widget-style panel-widget-style-for-39-2-2-0\" ><div\n\t\t\t\n\t\t\tclass=\"so-widget-sow-editor so-widget-sow-editor-base\"\n\t\t\t\n\t\t><h3 class=\"widget-title\">\u00c0 propos de Plan\u00e8te Jeunesse Nipissing<\/h3>\n<div class=\"siteorigin-widget-tinymce textwidget\">\n\t<p><span style=\"font-weight: 400;\">Plan\u00e8te Jeunesse Nipissing s'appuie sur\u00a0<\/span><a href=\"https:\/\/planetyouth.org\/the-icelandic-prevention-model\/\"><b>le mod\u00e8le de pr\u00e9vention islandais,<\/b><\/a><span style=\"font-weight: 400;\"> une approche qui a fait ses preuves pour r\u00e9duire la consommation d'alcool et de drogues chez les jeunes et am\u00e9liorer leur bien-\u00eatre.\u00a0<\/span><\/p>\n<p><span style=\"font-weight: 400;\">L'approche de Plan\u00e8te Jeunesse permet aux communaut\u00e9s de travailler ensemble pour r\u00e9pondre aux causes profondes de la consommation pr\u00e9coce d'alcool et de drogues. L'objectif est de cr\u00e9er des communaut\u00e9s saines pour les enfants et les jeunes, en mettant l'accent sur le renforcement des facteurs de protection tels que les relations positives avec la famille et les amis, la participation \u00e0 des activit\u00e9s extrascolaires et l'engagement scolaire. \u00a0<\/span><\/p>\n<a href=\"\/fr\/about\/\" id=\"kadbtn8150\" target=\"_self\" class=\"btn button btn-shortcode\" style=\"background-color:#FFB71B; border: 0 solid; border-color:#000;  color:#222121;\" onmouseover=\"this.style.background=&#039;#009b79&#039;,this.style.color=&#039;#ffffff&#039;\" onmouseout=\"this.style.background=&#039;#FFB71B&#039;,this.style.color=&#039;#222121&#039;\">EN SAVOIR PLUS <\/a>\n<\/div>\n<\/div><\/div><\/div><\/div><div id=\"pgc-39-2-3\"  class=\"panel-grid-cell panel-grid-cell-empty\" ><\/div><div id=\"pgc-39-2-4\"  class=\"panel-grid-cell\" >\n\t\t<div id=\"panel-39-2-4-0\" class=\"so-panel widget widget_recent-posts widget_recent_entries panel-first-child\" data-index=\"9\" >\n\t\t<h3 class=\"widget-title\">Actualit\u00e9s<\/h3>\n\t\t<ul>\n\t\t\t\t\t\t\t\t\t\t\t<li>\n\t\t\t\t\t<a href=\"https:\/\/planetyouthnipissing.ca\/fr\/ideas-that-stick-new-stickers-reveal-what-matters-most-to-nipissing-youth\/2507\/\">Ideas that Stick: New Stickers Reveal What Matters Most to Nipissing Youth<\/a>\n\t\t\t\t\t\t\t\t\t<\/li>\n\t\t\t\t\t\t\t\t\t\t\t<li>\n\t\t\t\t\t<a href=\"https:\/\/planetyouthnipissing.ca\/fr\/planet-youth-nipissing-distributes-82000-to-support-youth-well-being\/2042\/\">Plan\u00e8te Jeunesse Nipissing distribue 82 000 $ pour soutenir le bien-\u00eatre des jeunes<\/a>\n\t\t\t\t\t\t\t\t\t<\/li>\n\t\t\t\t\t\t\t\t\t\t\t<li>\n\t\t\t\t\t<a href=\"https:\/\/planetyouthnipissing.ca\/fr\/planet-youth-nipissing-receives-750000-in-funding\/1666\/\">Planet Youth Nipissing receives $750,000 in funding<\/a>\n\t\t\t\t\t\t\t\t\t<\/li>\n\t\t\t\t\t\t\t\t\t\t\t<li>\n\t\t\t\t\t<a href=\"https:\/\/planetyouthnipissing.ca\/fr\/feds-provide-750k-in-northern-ont-youth-drug-prevention-program\/1661\/\">Feds provide $750K in northern Ont. youth drug prevention program<\/a>\n\t\t\t\t\t\t\t\t\t<\/li>\n\t\t\t\t\t<\/ul>\n\n\t\t<\/div><div id=\"panel-39-2-4-1\" class=\"so-panel widget widget_text panel-last-child\" data-index=\"10\" >\t\t\t<div class=\"textwidget\"><p><a href=\"\/fr\/about\/\" id=\"kadbtn1431\" target=\"_self\" class=\"btn button btn-shortcode\" style=\"background-color:#FFB71B; border: 0 solid; border-color:#000;  color:#222121;\" onmouseover=\"this.style.background=&#039;#009b79&#039;,this.style.color=&#039;#ffffff&#039;\" onmouseout=\"this.style.background=&#039;#FFB71B&#039;,this.style.color=&#039;#222121&#039;\">READ MORE NEWS <\/a><\/p>\n<\/div>\n\t\t<\/div><\/div><\/div><\/div><div id=\"pg-39-3\"  class=\"panel-grid panel-no-style\" ><div id=\"pgc-39-3-0\"  class=\"panel-grid-cell panel-grid-cell-empty\" ><\/div><\/div><\/div>","protected":false},"excerpt":{"rendered":"<p>high schools participated students told us about their lives growing up in Nipissing District of grade 10 students completed the survey<\/p>","protected":false},"author":3,"featured_media":0,"parent":0,"menu_order":0,"comment_status":"closed","ping_status":"closed","template":"","meta":{"kt_blocks_editor_width":"","footnotes":""},"class_list":["post-39","page","type-page","status-publish","hentry"],"aioseo_notices":[],"rttpg_featured_image_url":null,"rttpg_author":{"display_name":"jayme burke","author_link":"https:\/\/planetyouthnipissing.ca\/fr\/author\/jayme-burke\/"},"rttpg_comment":0,"rttpg_category":null,"rttpg_excerpt":"high schools participated students told us about their lives growing up in Nipissing District of grade 10 students completed the survey","_links":{"self":[{"href":"https:\/\/planetyouthnipissing.ca\/fr\/wp-json\/wp\/v2\/pages\/39","targetHints":{"allow":["GET"]}}],"collection":[{"href":"https:\/\/planetyouthnipissing.ca\/fr\/wp-json\/wp\/v2\/pages"}],"about":[{"href":"https:\/\/planetyouthnipissing.ca\/fr\/wp-json\/wp\/v2\/types\/page"}],"author":[{"embeddable":true,"href":"https:\/\/planetyouthnipissing.ca\/fr\/wp-json\/wp\/v2\/users\/3"}],"replies":[{"embeddable":true,"href":"https:\/\/planetyouthnipissing.ca\/fr\/wp-json\/wp\/v2\/comments?post=39"}],"version-history":[{"count":154,"href":"https:\/\/planetyouthnipissing.ca\/fr\/wp-json\/wp\/v2\/pages\/39\/revisions"}],"predecessor-version":[{"id":2505,"href":"https:\/\/planetyouthnipissing.ca\/fr\/wp-json\/wp\/v2\/pages\/39\/revisions\/2505"}],"wp:attachment":[{"href":"https:\/\/planetyouthnipissing.ca\/fr\/wp-json\/wp\/v2\/media?parent=39"}],"curies":[{"name":"wp","href":"https:\/\/api.w.org\/{rel}","templated":true}]}}