{"id":539,"date":"2024-03-20T16:31:34","date_gmt":"2024-03-20T16:31:34","guid":{"rendered":"https:\/\/timiskamingyouth.ca\/?page_id=539"},"modified":"2026-04-16T13:17:29","modified_gmt":"2026-04-16T17:17:29","slug":"get-involved","status":"publish","type":"page","link":"https:\/\/planetyouthnipissing.ca\/fr\/get-involved\/","title":{"rendered":"Comment participer"},"content":{"rendered":"<div id=\"pl-539\"  class=\"panel-layout\" ><div id=\"sep-pg-539-0\" class=\"panel-grid panel-has-style\" ><div style=\"opacity: 0;\" class=\"panel-row-style kt-row-style-no-padding siteorigin-panels-stretch kt-panel-row-stretch\" data-stretch-type=\"full\" ><div class=\"inner-sep-content-wrap\"><div id=\"pg-539-0\"  class=\"panel-grid panel-has-style\" ><div class=\"panel-no-flex panel-row-style panel-row-style-for-539-0\" ><div id=\"pgc-539-0-0\"  class=\"panel-grid-cell\" ><div id=\"panel-539-0-0-0\" class=\"so-panel widget widget_text panel-first-child panel-last-child\" data-index=\"0\" ><div class=\"kt-pb-animation kt-pb-fadeInLeft kt-pb-duration-1200 kt-pb-delay-0 panel-widget-style panel-widget-style-for-539-0-0-0\" >\t\t\t<div class=\"textwidget\"><h2 id=\"paragraph-headline-text\">Comment s'impliquer aupr\u00e8s de Planet Youth Nipissing<\/h2>\n<p><span style=\"font-weight: 400;\">Souhaitez-vous contribuer \u00e0 la cr\u00e9ation d'environnements favorables aux jeunes ?\u00a0<\/span><\/p>\n<p><span style=\"font-weight: 400;\">Souhaitez-vous contribuer \u00e0 am\u00e9liorer la sant\u00e9 et le bien-\u00eatre des jeunes ?<\/span><\/p>\n<p>Il y a plusieurs fa\u00e7ons de s'impliquer !<\/p>\n<\/div>\n\t\t<\/div><\/div><\/div><\/div><\/div><div class=\"panel-row-style kt-row-style-no-padding kt_sep_panel sep_left_triangle siteorigin-panels-stretch\" data-stretch-type=\"full-stretched\"><svg style=\"fill:#4abbb5;\" viewbox=\"0 0 2000 100\" preserveaspectratio=\"none\"><polygon xmlns=\"http:\/\/www.w3.org\/2000\/svg\" points=\"600,90 0,0 0,100 2000,100 2000,0 \"><\/polygon><\/svg><\/div><\/div><\/div><\/div><div id=\"pg-539-1\"  class=\"panel-grid panel-has-style\" ><div class=\"siteorigin-panels-stretch kt-panel-row-stretch panel-row-style panel-row-style-for-539-1\" style=\"opacity: 0;\" data-stretch-type=\"full\" ><div id=\"pgc-539-1-0\"  class=\"panel-grid-cell\" >\n\n        <div id=\"panel-539-1-0-0\" class=\"so-panel widget widget_kadence_calltoaction_widget kadence_calltoaction_widget panel-first-child\" data-index=\"1\" ><div class=\"panel-widget-style panel-widget-style-for-539-1-0-0\" ><div class=\"kt-ctaw clearfix\"><h3 class=\"kt-call-to-action-title\" style=\"color:#222121; font-size:30px; line-height:1; text-align:center; font-weight:600;\"  data-max-size=\"30\" data-min-size=\"30\">Faire du b\u00e9n\u00e9volat<\/h3><h5 class=\"kt-call-to-action-subtitle\" style=\"color:#222121; font-size:15px; line-height:1; text-align:center; font-weight:400;\"  data-max-size=\"15\" data-min-size=\"15\">Mettez votre temps et vos comp\u00e9tences \u00e0 contribution \n<\/h5><div style=\"text-align:center\"><a href=\"https:\/\/app.cyberimpact.com\/clients\/58338\/subscribe-forms\/149224A5-1B93-4602-8E2D-191BBAF2674A\" id=\"kadbtn5120\" target=\"_blank\" class=\"btn button btn-shortcode lg-kad-btn\" style=\"background-color:#234d4b; border: 0 solid; border-color:#000;  color:#ffffff;\" onmouseover=\"this.style.background=&#039;#439c89&#039;,this.style.color=&#039;#ffffff&#039;\" onmouseout=\"this.style.background=&#039;#234d4b&#039;,this.style.color=&#039;#ffffff&#039;\">Rejoignez-nous en tant que b\u00e9n\u00e9vole <\/a><\/div><\/div><\/div><\/div>\n    \n\n        <div id=\"panel-539-1-0-1\" class=\"so-panel widget widget_kadence_calltoaction_widget kadence_calltoaction_widget panel-last-child\" data-index=\"2\" ><div class=\"panel-widget-style panel-widget-style-for-539-1-0-1\" ><div class=\"kt-ctaw clearfix\"><h3 class=\"kt-call-to-action-title\" style=\"color:#222121; font-size:30px; line-height:1; text-align:center; font-weight:600;\"  data-max-size=\"30\" data-min-size=\"30\">Rejoins une \u00e9quipe d'action<\/h3><h5 class=\"kt-call-to-action-subtitle\" style=\"color:#222121; font-size:15px; line-height:1; text-align:center; font-weight:400;\"  data-max-size=\"15\" data-min-size=\"15\">Travaillons ensemble pour exploiter les donn\u00e9es d'enqu\u00eates locales afin de mettre en place des actions locales<\/h5><div style=\"text-align:center\"><a href=\"https:\/\/app.cyberimpact.com\/clients\/58338\/subscribe-forms\/73CCA876-8409-4E54-AC00-8C0712D18B58\" id=\"kadbtn7179\" target=\"_blank\" class=\"btn button btn-shortcode lg-kad-btn\" style=\"background-color:#234d4b; border: 0 solid; border-color:#000;  color:#ffffffff;\" onmouseover=\"this.style.background=&#039;#439c89&#039;,this.style.color=&#039;#ffffff&#039;\" onmouseout=\"this.style.background=&#039;#234d4b&#039;,this.style.color=&#039;#ffffffff&#039;\">Rejoins une \u00e9quipe d'action <\/a><\/div><\/div><\/div><\/div>\n    <\/div><div id=\"pgc-539-1-1\"  class=\"panel-grid-cell\" >\n\n        <div id=\"panel-539-1-1-0\" class=\"so-panel widget widget_kadence_calltoaction_widget kadence_calltoaction_widget panel-first-child\" data-index=\"3\" ><div class=\"panel-widget-style panel-widget-style-for-539-1-1-0\" ><div class=\"kt-ctaw clearfix\"><h3 class=\"kt-call-to-action-title\" style=\"color:#222121; font-size:30px; line-height:1; text-align:center; font-weight:600;\"  data-max-size=\"30\" data-min-size=\"30\">Parrainer une activit\u00e9<\/h3><h5 class=\"kt-call-to-action-subtitle\" style=\"color:#222121; font-size:15px; line-height:1; text-align:center; font-weight:400;\"  data-max-size=\"15\" data-min-size=\"15\">Il existe plusieurs fa\u00e7ons de parrainer.<\/h5><div style=\"text-align:center\"><a href=\"https:\/\/app.cyberimpact.com\/clients\/58338\/subscribe-forms\/149224A5-1B93-4602-8E2D-191BBAF2674A\" id=\"kadbtn2227\" target=\"_blank\" class=\"btn button btn-shortcode lg-kad-btn\" style=\"background-color:#234d4b; border: 0 solid; border-color:#000;  color:#ffffffff;\" onmouseover=\"this.style.background=&#039;#439c89&#039;,this.style.color=&#039;#ffffff&#039;\" onmouseout=\"this.style.background=&#039;#234d4b&#039;,this.style.color=&#039;#ffffffff&#039;\">Sponsorship Information <\/a><\/div><\/div><\/div><\/div>\n    \n\n        <div id=\"panel-539-1-1-1\" class=\"so-panel widget widget_kadence_calltoaction_widget kadence_calltoaction_widget panel-last-child\" data-index=\"4\" ><div class=\"panel-widget-style panel-widget-style-for-539-1-1-1\" ><div class=\"kt-ctaw clearfix\"><h3 class=\"kt-call-to-action-title\" style=\"color:#222121; font-size:30px; line-height:1; text-align:center; font-weight:600;\"  data-max-size=\"30\" data-min-size=\"30\">Abonnez-vous \u00e0 notre newsletter<\/h3><div style=\"text-align:center\"><a href=\"https:\/\/app.cyberimpact.com\/clients\/58338\/subscribe-forms\/9632E8D6-818C-4EEE-8514-15F41CBC26A7\" id=\"kadbtn456\" target=\"_blank\" class=\"btn button btn-shortcode lg-kad-btn\" style=\"background-color:#234d4b; border: 0 solid; border-color:#000;  color:#ffffff;\" onmouseover=\"this.style.background=&#039;#439c89&#039;,this.style.color=&#039;#ffffff&#039;\" onmouseout=\"this.style.background=&#039;#234d4b&#039;,this.style.color=&#039;#ffffff&#039;\">https:\/\/app.cyberimpact.com\/clients\/58338\/subscribe-forms\/503017D0-140F-4611-AF4A-ED7B33A0B1C5 <\/a><\/div><\/div><\/div><\/div>\n    <\/div><\/div><\/div><\/div>","protected":false},"excerpt":{"rendered":"<p>Ways to get involved with Planet Youth Nipissing Are you interested in helping create supportive environments for youth?\u00a0 Do you have an interest in improving health and wellbeing outcomes for youth. There are multiple ways to get involved!<\/p>","protected":false},"author":3,"featured_media":0,"parent":0,"menu_order":0,"comment_status":"closed","ping_status":"closed","template":"","meta":{"kt_blocks_editor_width":"","footnotes":""},"class_list":["post-539","page","type-page","status-publish","hentry"],"aioseo_notices":[],"rttpg_featured_image_url":null,"rttpg_author":{"display_name":"jayme burke","author_link":"https:\/\/planetyouthnipissing.ca\/fr\/author\/jayme-burke\/"},"rttpg_comment":0,"rttpg_category":null,"rttpg_excerpt":"Ways to get involved with Planet Youth Nipissing Are you interested in helping create supportive environments for youth?\u00a0 Do you have an interest in improving health and wellbeing outcomes for youth. There are multiple ways to get involved!","_links":{"self":[{"href":"https:\/\/planetyouthnipissing.ca\/fr\/wp-json\/wp\/v2\/pages\/539","targetHints":{"allow":["GET"]}}],"collection":[{"href":"https:\/\/planetyouthnipissing.ca\/fr\/wp-json\/wp\/v2\/pages"}],"about":[{"href":"https:\/\/planetyouthnipissing.ca\/fr\/wp-json\/wp\/v2\/types\/page"}],"author":[{"embeddable":true,"href":"https:\/\/planetyouthnipissing.ca\/fr\/wp-json\/wp\/v2\/users\/3"}],"replies":[{"embeddable":true,"href":"https:\/\/planetyouthnipissing.ca\/fr\/wp-json\/wp\/v2\/comments?post=539"}],"version-history":[{"count":74,"href":"https:\/\/planetyouthnipissing.ca\/fr\/wp-json\/wp\/v2\/pages\/539\/revisions"}],"predecessor-version":[{"id":2445,"href":"https:\/\/planetyouthnipissing.ca\/fr\/wp-json\/wp\/v2\/pages\/539\/revisions\/2445"}],"wp:attachment":[{"href":"https:\/\/planetyouthnipissing.ca\/fr\/wp-json\/wp\/v2\/media?parent=539"}],"curies":[{"name":"wp","href":"https:\/\/api.w.org\/{rel}","templated":true}]}}